{"id":6693,"date":"2026-04-27T09:25:26","date_gmt":"2026-04-27T08:25:26","guid":{"rendered":"https:\/\/www.flexistore.no\/?page_id=6693"},"modified":"2026-04-27T09:47:24","modified_gmt":"2026-04-27T08:47:24","slug":"nylende","status":"publish","type":"page","link":"https:\/\/www.flexistore.no\/en\/minilager\/nylende\/","title":{"rendered":"Nylende"},"content":{"rendered":"","protected":false},"excerpt":{"rendered":"","protected":false},"author":1,"featured_media":0,"parent":99,"menu_order":0,"comment_status":"closed","ping_status":"closed","template":"","meta":{"_acf_changed":false,"footnotes":""},"class_list":["post-6693","page","type-page","status-publish","hentry"],"acf":{"facility_id":"0","beskrivelse_topp-by-undersider":"","ikonliste_1-by-undersider":"","ikonliste_2-by-undersider":"","ikonliste_3-by-undersider":"","ikonliste_4-by-undersider":"","ikonliste_5-by-undersider":"","overskrift_velkommen_til-by-underiser":"","adresse-by-undersider":"Gjerpensgate 3, 3716 Skien","bilde_alt_du_trenger_a_vite_om-by-undersider":false,"faq_overskrift_1-by-undersider":"Hva er et minilager?","faq_overskrift_2-by-undersider":"Hva kan jeg lagre i et minilager?","faq_overskrift_3-by-undersider":"Hvordan bestiller jeg mitt minilager?","faq_beskrivelse_1-by-undersider":"","faq_beskrivelse_2-by-undersider":"","faq_beskrivelse_3-by-undersider":"Det er veldig enkelt \u00e5 bestille ditt minilager rett p\u00e5 nett. Du kan bes\u00f8ke v\u00e5r Webapp, velge din st\u00f8rrelse, velge din minilager-avdeling og betale. Du har n\u00e5 umiddelbar tilgang til ditt minilager med digitale n\u00f8kler i Flexistore-appen som du laster ned fra App Store eller Google Play. Du kan ogs\u00e5 forh\u00e5ndsbestille ditt minilager her.","avdelingsoversikt-by-undersider":"","kortkode_bykart-by-undersider":"[wpgmza id=\"1\"]","oembed_schema_markup":"","Facility_Name":"Nylende","herobilde-avdeling-undersider":false,"ekstra_informasjon":"","adresse-avdeling-undersider":"Gjerpensgate 3, 3716 Skien","maps_link":"","google_my_business_tittel-avdeling-undersider":"Flexistore avd. Nylende","ikonliste_1-avdeling-undersider":"D\u00f8gn\u00e5pent og selvbetjent","ikonliste_2-avdeling-undersider":"Innend\u00f8rs og temperert","ikonliste_3-avdeling-undersider":"Lett tilgjengelig","ikonliste_4-avdeling-undersider":"Gratis kundeparkering","ikonliste_5-avdeling-undersider":"N\u00e6rme kollektivt","tekst_ikke_apnet_enda-avdeling-undersider":"\u00e5pner mai\/juni","latitude-avdeling-undersider":"","longitude-avdeling-undersider":"","photo_gallery":{"lokasjonsbilder_karusell-avdeling-undersider":[[]]}},"_links":{"self":[{"href":"https:\/\/www.flexistore.no\/en\/wp-json\/wp\/v2\/pages\/6693","targetHints":{"allow":["GET"]}}],"collection":[{"href":"https:\/\/www.flexistore.no\/en\/wp-json\/wp\/v2\/pages"}],"about":[{"href":"https:\/\/www.flexistore.no\/en\/wp-json\/wp\/v2\/types\/page"}],"author":[{"embeddable":true,"href":"https:\/\/www.flexistore.no\/en\/wp-json\/wp\/v2\/users\/1"}],"replies":[{"embeddable":true,"href":"https:\/\/www.flexistore.no\/en\/wp-json\/wp\/v2\/comments?post=6693"}],"version-history":[{"count":3,"href":"https:\/\/www.flexistore.no\/en\/wp-json\/wp\/v2\/pages\/6693\/revisions"}],"predecessor-version":[{"id":6701,"href":"https:\/\/www.flexistore.no\/en\/wp-json\/wp\/v2\/pages\/6693\/revisions\/6701"}],"up":[{"embeddable":true,"href":"https:\/\/www.flexistore.no\/en\/wp-json\/wp\/v2\/pages\/99"}],"wp:attachment":[{"href":"https:\/\/www.flexistore.no\/en\/wp-json\/wp\/v2\/media?parent=6693"}],"curies":[{"name":"wp","href":"https:\/\/api.w.org\/{rel}","templated":true}]}}