{"id":6592,"date":"2026-02-17T15:02:02","date_gmt":"2026-02-17T14:02:02","guid":{"rendered":"https:\/\/www.flexistore.no\/?page_id=6592"},"modified":"2026-02-17T15:02:02","modified_gmt":"2026-02-17T14:02:02","slug":"danmarksplass","status":"publish","type":"page","link":"https:\/\/www.flexistore.no\/en\/minilager\/bergen\/danmarksplass\/","title":{"rendered":"Danmarksplass"},"content":{"rendered":"","protected":false},"excerpt":{"rendered":"","protected":false},"author":1,"featured_media":0,"parent":371,"menu_order":0,"comment_status":"closed","ping_status":"closed","template":"","meta":{"_acf_changed":false,"footnotes":""},"class_list":["post-6592","page","type-page","status-publish","hentry"],"acf":{"Facility_Name":"Flexistore Minilager Danmarksplass","adresse-avdeling-undersider":"Fj\u00f8sangerveien 39, 5054 Bergen","tekst_ikke_apnet_enda-avdeling-undersider":"\u00c5pner juli\/august 2026","google_my_business_tittel-avdeling-undersider":"Flexistore Minilager Danmarksplass","ikonliste_1-avdeling-undersider":"D\u00f8gn\u00e5pent og selvbetjent","ikonliste_2-avdeling-undersider":"Innend\u00f8rs og temperert","ikonliste_3-avdeling-undersider":"Lett tilgjengelig","ikonliste_4-avdeling-undersider":"Gratis kundeparkering","ikonliste_5-avdeling-undersider":"N\u00e6rme kollektivt","latitude-avdeling-undersider":"60.3725","longitude-avdeling-undersider":"5.3420","maps_link":"https:\/\/maps.app.goo.gl\/Fjosangerveien39Bergen","photo_gallery":{"lokasjonsbilder_karusell-avdeling-undersider":[[]]}},"_links":{"self":[{"href":"https:\/\/www.flexistore.no\/en\/wp-json\/wp\/v2\/pages\/6592","targetHints":{"allow":["GET"]}}],"collection":[{"href":"https:\/\/www.flexistore.no\/en\/wp-json\/wp\/v2\/pages"}],"about":[{"href":"https:\/\/www.flexistore.no\/en\/wp-json\/wp\/v2\/types\/page"}],"author":[{"embeddable":true,"href":"https:\/\/www.flexistore.no\/en\/wp-json\/wp\/v2\/users\/1"}],"replies":[{"embeddable":true,"href":"https:\/\/www.flexistore.no\/en\/wp-json\/wp\/v2\/comments?post=6592"}],"version-history":[{"count":1,"href":"https:\/\/www.flexistore.no\/en\/wp-json\/wp\/v2\/pages\/6592\/revisions"}],"predecessor-version":[{"id":6611,"href":"https:\/\/www.flexistore.no\/en\/wp-json\/wp\/v2\/pages\/6592\/revisions\/6611"}],"up":[{"embeddable":true,"href":"https:\/\/www.flexistore.no\/en\/wp-json\/wp\/v2\/pages\/371"}],"wp:attachment":[{"href":"https:\/\/www.flexistore.no\/en\/wp-json\/wp\/v2\/media?parent=6592"}],"curies":[{"name":"wp","href":"https:\/\/api.w.org\/{rel}","templated":true}]}}