{"id":6591,"date":"2026-02-17T15:02:01","date_gmt":"2026-02-17T14:02:01","guid":{"rendered":"https:\/\/www.flexistore.no\/?page_id=6591"},"modified":"2026-04-26T19:44:57","modified_gmt":"2026-04-26T18:44:57","slug":"hillevag","status":"publish","type":"page","link":"https:\/\/www.flexistore.no\/en\/minilager\/stavanger\/hillevag\/","title":{"rendered":"Hillev\u00e5g"},"content":{"rendered":"","protected":false},"excerpt":{"rendered":"","protected":false},"author":1,"featured_media":0,"parent":375,"menu_order":0,"comment_status":"closed","ping_status":"closed","template":"","meta":{"_acf_changed":false,"footnotes":""},"class_list":["post-6591","page","type-page","status-publish","hentry"],"acf":{"Facility_Name":"Flexistore Minilager Hillev\u00e5g","adresse-avdeling-undersider":"Hillev\u00e5gsveien 14, 4016 Stavanger","tekst_ikke_apnet_enda-avdeling-undersider":"","google_my_business_tittel-avdeling-undersider":"Flexistore Minilager avd. Hillev\u00e5g","ikonliste_1-avdeling-undersider":"D\u00f8gn\u00e5pent og selvbetjent","ikonliste_2-avdeling-undersider":"Innend\u00f8rs og temperert","ikonliste_3-avdeling-undersider":"Lett tilgjengelig","ikonliste_4-avdeling-undersider":"Gratis kundeparkering","ikonliste_5-avdeling-undersider":"N\u00e6rme kollektivt","latitude-avdeling-undersider":"58.951591","longitude-avdeling-undersider":"5.742801","maps_link":"https:\/\/maps.app.goo.gl\/Hillevagsveien14Stavanger","herobilde-avdeling-undersider":false,"ekstra_informasjon":"OBS! Ta med din egen hengel\u00e5s! Denne avdelingen har ikke digital l\u00e5s p\u00e5 bodd\u00f8ren, enda..","facility_id":"5be37cfb-d98f-492c-b09d-dad84be2cd07","photo_gallery":{"lokasjonsbilder_karusell-avdeling-undersider":[[]]}},"_links":{"self":[{"href":"https:\/\/www.flexistore.no\/en\/wp-json\/wp\/v2\/pages\/6591","targetHints":{"allow":["GET"]}}],"collection":[{"href":"https:\/\/www.flexistore.no\/en\/wp-json\/wp\/v2\/pages"}],"about":[{"href":"https:\/\/www.flexistore.no\/en\/wp-json\/wp\/v2\/types\/page"}],"author":[{"embeddable":true,"href":"https:\/\/www.flexistore.no\/en\/wp-json\/wp\/v2\/users\/1"}],"replies":[{"embeddable":true,"href":"https:\/\/www.flexistore.no\/en\/wp-json\/wp\/v2\/comments?post=6591"}],"version-history":[{"count":5,"href":"https:\/\/www.flexistore.no\/en\/wp-json\/wp\/v2\/pages\/6591\/revisions"}],"predecessor-version":[{"id":6664,"href":"https:\/\/www.flexistore.no\/en\/wp-json\/wp\/v2\/pages\/6591\/revisions\/6664"}],"up":[{"embeddable":true,"href":"https:\/\/www.flexistore.no\/en\/wp-json\/wp\/v2\/pages\/375"}],"wp:attachment":[{"href":"https:\/\/www.flexistore.no\/en\/wp-json\/wp\/v2\/media?parent=6591"}],"curies":[{"name":"wp","href":"https:\/\/api.w.org\/{rel}","templated":true}]}}