{"id":6589,"date":"2026-02-17T15:01:58","date_gmt":"2026-02-17T14:01:58","guid":{"rendered":"https:\/\/www.flexistore.no\/?page_id=6589"},"modified":"2026-04-26T19:45:40","modified_gmt":"2026-04-26T18:45:40","slug":"forus","status":"publish","type":"page","link":"https:\/\/www.flexistore.no\/en\/minilager\/sandnes\/forus\/","title":{"rendered":"Forus"},"content":{"rendered":"","protected":false},"excerpt":{"rendered":"","protected":false},"author":1,"featured_media":0,"parent":5435,"menu_order":0,"comment_status":"closed","ping_status":"closed","template":"","meta":{"_acf_changed":false,"footnotes":""},"class_list":["post-6589","page","type-page","status-publish","hentry"],"acf":{"Facility_Name":"Flexistore Minilager Forus","herobilde-avdeling-undersider":false,"ekstra_informasjon":"OBS! Ta med din egen hengel\u00e5s! Denne avdelingen har ikke digital l\u00e5s p\u00e5 bodd\u00f8ren, enda..","adresse-avdeling-undersider":"Luramyrveien 53, 4313 Sandnes","maps_link":"","google_my_business_tittel-avdeling-undersider":"Flexistore minilager avd. Forus","ikonliste_1-avdeling-undersider":"D\u00f8gn\u00e5pent og selvbetjent","ikonliste_2-avdeling-undersider":"Innend\u00f8rs og temperert","ikonliste_3-avdeling-undersider":"Lett tilgjengelig","ikonliste_4-avdeling-undersider":"Gratis kundeparkering","ikonliste_5-avdeling-undersider":"N\u00e6rme kollektivt","tekst_ikke_apnet_enda-avdeling-undersider":"","latitude-avdeling-undersider":"58.882514","longitude-avdeling-undersider":"5.726128","facility_id":"3b6672f1-bac9-41b4-910b-ae016bbac102","photo_gallery":{"lokasjonsbilder_karusell-avdeling-undersider":[[]]}},"_links":{"self":[{"href":"https:\/\/www.flexistore.no\/en\/wp-json\/wp\/v2\/pages\/6589","targetHints":{"allow":["GET"]}}],"collection":[{"href":"https:\/\/www.flexistore.no\/en\/wp-json\/wp\/v2\/pages"}],"about":[{"href":"https:\/\/www.flexistore.no\/en\/wp-json\/wp\/v2\/types\/page"}],"author":[{"embeddable":true,"href":"https:\/\/www.flexistore.no\/en\/wp-json\/wp\/v2\/users\/1"}],"replies":[{"embeddable":true,"href":"https:\/\/www.flexistore.no\/en\/wp-json\/wp\/v2\/comments?post=6589"}],"version-history":[{"count":6,"href":"https:\/\/www.flexistore.no\/en\/wp-json\/wp\/v2\/pages\/6589\/revisions"}],"predecessor-version":[{"id":6682,"href":"https:\/\/www.flexistore.no\/en\/wp-json\/wp\/v2\/pages\/6589\/revisions\/6682"}],"up":[{"embeddable":true,"href":"https:\/\/www.flexistore.no\/en\/wp-json\/wp\/v2\/pages\/5435"}],"wp:attachment":[{"href":"https:\/\/www.flexistore.no\/en\/wp-json\/wp\/v2\/media?parent=6589"}],"curies":[{"name":"wp","href":"https:\/\/api.w.org\/{rel}","templated":true}]}}