{"id":6393,"date":"2025-10-14T12:33:34","date_gmt":"2025-10-14T11:33:34","guid":{"rendered":"https:\/\/www.flexistore.no\/?page_id=6393"},"modified":"2025-10-16T10:24:01","modified_gmt":"2025-10-16T09:24:01","slug":"kristiansand","status":"publish","type":"page","link":"https:\/\/www.flexistore.no\/en\/minilager\/kristiansand\/","title":{"rendered":"Kristiansand"},"content":{"rendered":"","protected":false},"excerpt":{"rendered":"","protected":false},"author":1,"featured_media":0,"parent":99,"menu_order":0,"comment_status":"closed","ping_status":"closed","template":"","meta":{"_acf_changed":false,"footnotes":""},"class_list":["post-6393","page","type-page","status-publish","hentry"],"acf":{"facility_id":"0","beskrivelse_topp-by-undersider":"Flexistore gj\u00f8r minilager i Kristiansand er enda enklere. Bestill Kristiansand's mest moderne minilager og f\u00e5 umiddelbar tilgang til lageret via mobilappen.","ikonliste_1-by-undersider":"D\u00f8gn\u00e5pent og selvbetjent","ikonliste_2-by-undersider":"Innend\u00f8rs og temperert","ikonliste_3-by-undersider":"Sentralt og lett tilgjengelig","ikonliste_4-by-undersider":"Gratis kundeparkering","ikonliste_5-by-undersider":"","overskrift_velkommen_til-by-underiser":"Velkommen til Flexistore Minilager avd. Kristiansand","adresse-by-undersider":"Rigetj\u00f8nnveien 2, 4626 Kristiansand","bilde_alt_du_trenger_a_vite_om-by-undersider":{"ID":6085,"id":6085,"title":"Flexistore minilager avdeling","filename":"Flexistore-minilager-avdeling.jpg","filesize":102819,"url":"https:\/\/www.flexistore.no\/wp-content\/uploads\/2025\/01\/Flexistore-minilager-avdeling.jpg","link":"https:\/\/www.flexistore.no\/en\/forside\/attachment\/flexistore-minilager-avdeling\/","alt":"Flexistore minilager","author":"11","description":"Flexistore Self Storage","caption":"Flexistore minilager","name":"flexistore-minilager-avdeling","status":"inherit","uploaded_to":92,"date":"2025-01-14 17:04:44","modified":"2025-10-16 09:11:40","menu_order":0,"mime_type":"image\/jpeg","type":"image","subtype":"jpeg","icon":"https:\/\/www.flexistore.no\/wp-includes\/images\/media\/default.png","width":853,"height":682,"sizes":{"thumbnail":"https:\/\/www.flexistore.no\/wp-content\/uploads\/2025\/01\/Flexistore-minilager-avdeling-150x150.jpg","thumbnail-width":150,"thumbnail-height":150,"medium":"https:\/\/www.flexistore.no\/wp-content\/uploads\/2025\/01\/Flexistore-minilager-avdeling-300x240.jpg","medium-width":300,"medium-height":240,"medium_large":"https:\/\/www.flexistore.no\/wp-content\/uploads\/2025\/01\/Flexistore-minilager-avdeling-768x614.jpg","medium_large-width":768,"medium_large-height":614,"large":"https:\/\/www.flexistore.no\/wp-content\/uploads\/2025\/01\/Flexistore-minilager-avdeling.jpg","large-width":800,"large-height":640,"1536x1536":"https:\/\/www.flexistore.no\/wp-content\/uploads\/2025\/01\/Flexistore-minilager-avdeling.jpg","1536x1536-width":853,"1536x1536-height":682,"2048x2048":"https:\/\/www.flexistore.no\/wp-content\/uploads\/2025\/01\/Flexistore-minilager-avdeling.jpg","2048x2048-width":853,"2048x2048-height":682,"trp-custom-language-flag":"https:\/\/www.flexistore.no\/wp-content\/uploads\/2025\/01\/Flexistore-minilager-avdeling-15x12.jpg","trp-custom-language-flag-width":15,"trp-custom-language-flag-height":12}},"faq_overskrift_1-by-undersider":"Hva er et minilager?","faq_overskrift_2-by-undersider":"Hva kan jeg lagre i et minilager?","faq_overskrift_3-by-undersider":"Hvordan bestiller jeg mitt minilager?","faq_beskrivelse_1-by-undersider":"Et minilager er en innend\u00f8rs, t\u00f8rr og trygg lagerbod du kan leie som privatperson eller bedrift. Minilager Kristisansand kommer i forskjellige st\u00f8rrelser og priser, og kan dekke ethvert form\u00e5l. Enten du trenger langvarig lagring for \u00e5 skape mer plass hjemme eller kortvarig lagring for flytting, s\u00e5 er minilager l\u00f8sningen for deg. Minilager blir ogs\u00e5 ofte kalt for lagerbod eller lagerrom i Kristiansand. ","faq_beskrivelse_2-by-undersider":"Du kan lagre nesten hva som helst i et minilager eller lagerbod i Kristiansand, s\u00e5 lenge det f\u00e5r plass! I v\u00e5re innend\u00f8rs og t\u00f8rre minilager i Kristiansand kan du lagre alt utenom alle former for mat eller illeluktende varer, samt brannfarlig materiale, v\u00e6sker eller gasser, eksplosiver, eller annet som kan volde skade eller medf\u00f8re fare. Du kan heller ikke lagre gjenstander som det er straffbart \u00e5 v\u00e6re i besittelse av.","faq_beskrivelse_3-by-undersider":"Det er veldig enkelt \u00e5 bestille ditt minilager rett p\u00e5 nett. Du kan bes\u00f8ke v\u00e5r Webapp, velge din st\u00f8rrelse, velge din minilager-avdeling og betale. Du har n\u00e5 umiddelbar tilgang til ditt minilager med digitale n\u00f8kler i Flexistore-appen som du laster ned fra App Store eller Google Play. Du kan ogs\u00e5 forh\u00e5ndsbestille ditt minilager inntil 3 uker i forveien. Det gj\u00f8r du ved \u00e5 velge startdato n\u00e5r du bestiller. N\u00f8kkelen vil automatisk aktiveres p\u00e5 den valgte startdato.","avdelingsoversikt-by-undersider":"[elementor-template id=\"6411\"]","kortkode_bykart-by-undersider":"[wpgmza id=\"15\"]","oembed_schema_markup":""},"_links":{"self":[{"href":"https:\/\/www.flexistore.no\/en\/wp-json\/wp\/v2\/pages\/6393","targetHints":{"allow":["GET"]}}],"collection":[{"href":"https:\/\/www.flexistore.no\/en\/wp-json\/wp\/v2\/pages"}],"about":[{"href":"https:\/\/www.flexistore.no\/en\/wp-json\/wp\/v2\/types\/page"}],"author":[{"embeddable":true,"href":"https:\/\/www.flexistore.no\/en\/wp-json\/wp\/v2\/users\/1"}],"replies":[{"embeddable":true,"href":"https:\/\/www.flexistore.no\/en\/wp-json\/wp\/v2\/comments?post=6393"}],"version-history":[{"count":8,"href":"https:\/\/www.flexistore.no\/en\/wp-json\/wp\/v2\/pages\/6393\/revisions"}],"predecessor-version":[{"id":6444,"href":"https:\/\/www.flexistore.no\/en\/wp-json\/wp\/v2\/pages\/6393\/revisions\/6444"}],"up":[{"embeddable":true,"href":"https:\/\/www.flexistore.no\/en\/wp-json\/wp\/v2\/pages\/99"}],"wp:attachment":[{"href":"https:\/\/www.flexistore.no\/en\/wp-json\/wp\/v2\/media?parent=6393"}],"curies":[{"name":"wp","href":"https:\/\/api.w.org\/{rel}","templated":true}]}}