{"id":6362,"date":"2025-09-22T12:27:49","date_gmt":"2025-09-22T11:27:49","guid":{"rendered":"https:\/\/www.flexistore.no\/?page_id=6362"},"modified":"2025-12-03T15:34:01","modified_gmt":"2025-12-03T14:34:01","slug":"manstad","status":"publish","type":"page","link":"https:\/\/www.flexistore.no\/en\/minilager\/manstad\/","title":{"rendered":"Manstad"},"content":{"rendered":"","protected":false},"excerpt":{"rendered":"","protected":false},"author":1,"featured_media":0,"parent":99,"menu_order":0,"comment_status":"closed","ping_status":"closed","template":"","meta":{"_acf_changed":false,"footnotes":""},"class_list":["post-6362","page","type-page","status-publish","hentry"],"acf":{"beskrivelse_topp-by-undersider":"","ikonliste_1-by-undersider":"","ikonliste_2-by-undersider":"","ikonliste_3-by-undersider":"","ikonliste_4-by-undersider":"","ikonliste_5-by-undersider":"","overskrift_velkommen_til-by-underiser":"","adresse-by-undersider":"Engelsvikenveien 155, 1626 Manstad","bilde_alt_du_trenger_a_vite_om-by-undersider":{"ID":6350,"id":6350,"title":"Mandal Flexistore Inngang","filename":"Mandal-3-2-scaled.jpg","filesize":530461,"url":"https:\/\/www.flexistore.no\/wp-content\/uploads\/2025\/08\/Mandal-3-2-scaled.jpg","link":"https:\/\/www.flexistore.no\/en\/minilager\/mandal\/attachment\/mandal-3-2\/","alt":"","author":"11","description":"","caption":"","name":"mandal-3-2","status":"inherit","uploaded_to":6167,"date":"2025-08-26 10:51:11","modified":"2025-08-26 10:57:53","menu_order":0,"mime_type":"image\/jpeg","type":"image","subtype":"jpeg","icon":"https:\/\/www.flexistore.no\/wp-includes\/images\/media\/default.png","width":2560,"height":1707,"sizes":{"thumbnail":"https:\/\/www.flexistore.no\/wp-content\/uploads\/2025\/08\/Mandal-3-2-150x150.jpg","thumbnail-width":150,"thumbnail-height":150,"medium":"https:\/\/www.flexistore.no\/wp-content\/uploads\/2025\/08\/Mandal-3-2-300x200.jpg","medium-width":300,"medium-height":200,"medium_large":"https:\/\/www.flexistore.no\/wp-content\/uploads\/2025\/08\/Mandal-3-2-768x512.jpg","medium_large-width":768,"medium_large-height":512,"large":"https:\/\/www.flexistore.no\/wp-content\/uploads\/2025\/08\/Mandal-3-2-1024x683.jpg","large-width":800,"large-height":534,"1536x1536":"https:\/\/www.flexistore.no\/wp-content\/uploads\/2025\/08\/Mandal-3-2-1536x1024.jpg","1536x1536-width":1536,"1536x1536-height":1024,"2048x2048":"https:\/\/www.flexistore.no\/wp-content\/uploads\/2025\/08\/Mandal-3-2-2048x1365.jpg","2048x2048-width":2048,"2048x2048-height":1365,"trp-custom-language-flag":"https:\/\/www.flexistore.no\/wp-content\/uploads\/2025\/08\/Mandal-3-2-18x12.jpg","trp-custom-language-flag-width":18,"trp-custom-language-flag-height":12}},"faq_overskrift_1-by-undersider":"Hva er et minilager?","faq_overskrift_2-by-undersider":"Hva kan jeg lagre i et minilager?","faq_overskrift_3-by-undersider":"Hvordan bestiller jeg mitt minilager?","faq_beskrivelse_1-by-undersider":"","faq_beskrivelse_2-by-undersider":"","faq_beskrivelse_3-by-undersider":"Det er veldig enkelt \u00e5 bestille ditt minilager rett p\u00e5 nett. Du kan bes\u00f8ke v\u00e5r Webapp, velge din st\u00f8rrelse, velge din minilager-avdeling og betale. Du har n\u00e5 umiddelbar tilgang til ditt minilager med digitale n\u00f8kler i Flexistore-appen som du laster ned fra App Store eller Google Play. Du kan ogs\u00e5 forh\u00e5ndsbestille ditt minilager her.","avdelingsoversikt-by-undersider":"","kortkode_bykart-by-undersider":"[wpgmza id=\"1\"]","oembed_schema_markup":"","facility_id":"aa8302ef-52f6-4d3b-a57b-5a0e7bb77383","Facility_Name":"Manstad","herobilde-avdeling-undersider":{"ID":6352,"id":6352,"title":"Minilagerboder Mandal","filename":"Minilagerboder-Mandal-3-2-scaled.jpg","filesize":469724,"url":"https:\/\/www.flexistore.no\/wp-content\/uploads\/2025\/08\/Minilagerboder-Mandal-3-2-scaled.jpg","link":"https:\/\/www.flexistore.no\/en\/minilager\/mandal\/attachment\/minilagerboder-mandal-3-2\/","alt":"","author":"11","description":"","caption":"","name":"minilagerboder-mandal-3-2","status":"inherit","uploaded_to":6167,"date":"2025-08-26 10:57:30","modified":"2025-08-26 10:59:01","menu_order":0,"mime_type":"image\/jpeg","type":"image","subtype":"jpeg","icon":"https:\/\/www.flexistore.no\/wp-includes\/images\/media\/default.png","width":2560,"height":1707,"sizes":{"thumbnail":"https:\/\/www.flexistore.no\/wp-content\/uploads\/2025\/08\/Minilagerboder-Mandal-3-2-150x150.jpg","thumbnail-width":150,"thumbnail-height":150,"medium":"https:\/\/www.flexistore.no\/wp-content\/uploads\/2025\/08\/Minilagerboder-Mandal-3-2-300x200.jpg","medium-width":300,"medium-height":200,"medium_large":"https:\/\/www.flexistore.no\/wp-content\/uploads\/2025\/08\/Minilagerboder-Mandal-3-2-768x512.jpg","medium_large-width":768,"medium_large-height":512,"large":"https:\/\/www.flexistore.no\/wp-content\/uploads\/2025\/08\/Minilagerboder-Mandal-3-2-1024x683.jpg","large-width":800,"large-height":534,"1536x1536":"https:\/\/www.flexistore.no\/wp-content\/uploads\/2025\/08\/Minilagerboder-Mandal-3-2-1536x1024.jpg","1536x1536-width":1536,"1536x1536-height":1024,"2048x2048":"https:\/\/www.flexistore.no\/wp-content\/uploads\/2025\/08\/Minilagerboder-Mandal-3-2-2048x1365.jpg","2048x2048-width":2048,"2048x2048-height":1365,"trp-custom-language-flag":"https:\/\/www.flexistore.no\/wp-content\/uploads\/2025\/08\/Minilagerboder-Mandal-3-2-18x12.jpg","trp-custom-language-flag-width":18,"trp-custom-language-flag-height":12}},"ekstra_informasjon":"","adresse-avdeling-undersider":"Engelsvikenveien 155, 1626 Manstad","maps_link":"https:\/\/maps.app.goo.gl\/MNynZ8ZZSTCFAXa86","google_my_business_tittel-avdeling-undersider":"Flexistore Minilager avd. Manstad","ikonliste_1-avdeling-undersider":"D\u00f8gn\u00e5pent og selvbetjent","ikonliste_2-avdeling-undersider":"Innend\u00f8rs og temperert","ikonliste_3-avdeling-undersider":"Lett tilgjengelig","ikonliste_4-avdeling-undersider":"Gratis kundeparkering","ikonliste_5-avdeling-undersider":"N\u00e6rme kollektivt","tekst_ikke_apnet_enda-avdeling-undersider":"\u00c5pner 1. desember","latitude-avdeling-undersider":"59.265008","longitude-avdeling-undersider":"10.789078","lokasjonsbilder_karusell-avdeling-undersider":[{"id":5954,"title":"L\u00f8renskog self storage","caption":"","full_image_url":"https:\/\/www.flexistore.no\/wp-content\/uploads\/2024\/11\/32-format-Lorenskog-4.jpg","thumbnail_image_url":"https:\/\/www.flexistore.no\/wp-content\/uploads\/2024\/11\/32-format-Lorenskog-4-150x150.jpg","large_srcset":"https:\/\/www.flexistore.no\/wp-content\/uploads\/2024\/11\/32-format-Lorenskog-4-1024x682.jpg 1024w, https:\/\/www.flexistore.no\/wp-content\/uploads\/2024\/11\/32-format-Lorenskog-4-300x200.jpg 300w, https:\/\/www.flexistore.no\/wp-content\/uploads\/2024\/11\/32-format-Lorenskog-4-768x512.jpg 768w, https:\/\/www.flexistore.no\/wp-content\/uploads\/2024\/11\/32-format-Lorenskog-4-18x12.jpg 18w, https:\/\/www.flexistore.no\/wp-content\/uploads\/2024\/11\/32-format-Lorenskog-4.jpg 1175w","medium_srcset":"https:\/\/www.flexistore.no\/wp-content\/uploads\/2024\/11\/32-format-Lorenskog-4-300x200.jpg 300w, https:\/\/www.flexistore.no\/wp-content\/uploads\/2024\/11\/32-format-Lorenskog-4-1024x682.jpg 1024w, https:\/\/www.flexistore.no\/wp-content\/uploads\/2024\/11\/32-format-Lorenskog-4-768x512.jpg 768w, https:\/\/www.flexistore.no\/wp-content\/uploads\/2024\/11\/32-format-Lorenskog-4-18x12.jpg 18w, https:\/\/www.flexistore.no\/wp-content\/uploads\/2024\/11\/32-format-Lorenskog-4.jpg 1175w","media_details":{"width":1175,"height":783,"sizes":{"medium":{"file":"32-format-Lorenskog-4-300x200.jpg","width":300,"height":200,"mime-type":"image\/jpeg","filesize":10231,"source_url":"https:\/\/www.flexistore.no\/wp-content\/uploads\/2024\/11\/32-format-Lorenskog-4-300x200.jpg"},"large":{"file":"32-format-Lorenskog-4-1024x682.jpg","width":1024,"height":682,"mime-type":"image\/jpeg","filesize":91648,"source_url":"https:\/\/www.flexistore.no\/wp-content\/uploads\/2024\/11\/32-format-Lorenskog-4-1024x682.jpg"},"thumbnail":{"file":"32-format-Lorenskog-4-150x150.jpg","width":150,"height":150,"mime-type":"image\/jpeg","filesize":4650,"source_url":"https:\/\/www.flexistore.no\/wp-content\/uploads\/2024\/11\/32-format-Lorenskog-4-150x150.jpg"},"medium_large":{"file":"32-format-Lorenskog-4-768x512.jpg","width":768,"height":512,"mime-type":"image\/jpeg","filesize":48417,"source_url":"https:\/\/www.flexistore.no\/wp-content\/uploads\/2024\/11\/32-format-Lorenskog-4-768x512.jpg"},"trp-custom-language-flag":{"file":"32-format-Lorenskog-4-18x12.jpg","width":18,"height":12,"mime-type":"image\/jpeg","filesize":897,"source_url":"https:\/\/www.flexistore.no\/wp-content\/uploads\/2024\/11\/32-format-Lorenskog-4-18x12.jpg"},"cmplz_banner_image":{"file":"32-format-Lorenskog-4-350x100.jpg","width":350,"height":100,"mime-type":"image\/jpeg","filesize":6110,"source_url":"https:\/\/www.flexistore.no\/wp-content\/uploads\/2024\/11\/32-format-Lorenskog-4-350x100.jpg"}}},"alt_text":"","url":"","target":""}],"photo_gallery":{"lokasjonsbilder_karusell-avdeling-undersider":[[{"id":5954,"title":"L\u00f8renskog self storage","caption":"","full_image_url":"https:\/\/www.flexistore.no\/wp-content\/uploads\/2024\/11\/32-format-Lorenskog-4.jpg","thumbnail_image_url":"https:\/\/www.flexistore.no\/wp-content\/uploads\/2024\/11\/32-format-Lorenskog-4-150x150.jpg","large_srcset":"https:\/\/www.flexistore.no\/wp-content\/uploads\/2024\/11\/32-format-Lorenskog-4-1024x682.jpg 1024w, https:\/\/www.flexistore.no\/wp-content\/uploads\/2024\/11\/32-format-Lorenskog-4-300x200.jpg 300w, https:\/\/www.flexistore.no\/wp-content\/uploads\/2024\/11\/32-format-Lorenskog-4-768x512.jpg 768w, https:\/\/www.flexistore.no\/wp-content\/uploads\/2024\/11\/32-format-Lorenskog-4-18x12.jpg 18w, https:\/\/www.flexistore.no\/wp-content\/uploads\/2024\/11\/32-format-Lorenskog-4.jpg 1175w","medium_srcset":"https:\/\/www.flexistore.no\/wp-content\/uploads\/2024\/11\/32-format-Lorenskog-4-300x200.jpg 300w, https:\/\/www.flexistore.no\/wp-content\/uploads\/2024\/11\/32-format-Lorenskog-4-1024x682.jpg 1024w, https:\/\/www.flexistore.no\/wp-content\/uploads\/2024\/11\/32-format-Lorenskog-4-768x512.jpg 768w, https:\/\/www.flexistore.no\/wp-content\/uploads\/2024\/11\/32-format-Lorenskog-4-18x12.jpg 18w, https:\/\/www.flexistore.no\/wp-content\/uploads\/2024\/11\/32-format-Lorenskog-4.jpg 1175w","media_details":{"width":1175,"height":783,"sizes":{"medium":{"file":"32-format-Lorenskog-4-300x200.jpg","width":300,"height":200,"mime-type":"image\/jpeg","filesize":10231,"source_url":"https:\/\/www.flexistore.no\/wp-content\/uploads\/2024\/11\/32-format-Lorenskog-4-300x200.jpg"},"large":{"file":"32-format-Lorenskog-4-1024x682.jpg","width":1024,"height":682,"mime-type":"image\/jpeg","filesize":91648,"source_url":"https:\/\/www.flexistore.no\/wp-content\/uploads\/2024\/11\/32-format-Lorenskog-4-1024x682.jpg"},"thumbnail":{"file":"32-format-Lorenskog-4-150x150.jpg","width":150,"height":150,"mime-type":"image\/jpeg","filesize":4650,"source_url":"https:\/\/www.flexistore.no\/wp-content\/uploads\/2024\/11\/32-format-Lorenskog-4-150x150.jpg"},"medium_large":{"file":"32-format-Lorenskog-4-768x512.jpg","width":768,"height":512,"mime-type":"image\/jpeg","filesize":48417,"source_url":"https:\/\/www.flexistore.no\/wp-content\/uploads\/2024\/11\/32-format-Lorenskog-4-768x512.jpg"},"trp-custom-language-flag":{"file":"32-format-Lorenskog-4-18x12.jpg","width":18,"height":12,"mime-type":"image\/jpeg","filesize":897,"source_url":"https:\/\/www.flexistore.no\/wp-content\/uploads\/2024\/11\/32-format-Lorenskog-4-18x12.jpg"},"cmplz_banner_image":{"file":"32-format-Lorenskog-4-350x100.jpg","width":350,"height":100,"mime-type":"image\/jpeg","filesize":6110,"source_url":"https:\/\/www.flexistore.no\/wp-content\/uploads\/2024\/11\/32-format-Lorenskog-4-350x100.jpg"}}},"alt_text":"","url":"","target":""}]]}},"_links":{"self":[{"href":"https:\/\/www.flexistore.no\/en\/wp-json\/wp\/v2\/pages\/6362","targetHints":{"allow":["GET"]}}],"collection":[{"href":"https:\/\/www.flexistore.no\/en\/wp-json\/wp\/v2\/pages"}],"about":[{"href":"https:\/\/www.flexistore.no\/en\/wp-json\/wp\/v2\/types\/page"}],"author":[{"embeddable":true,"href":"https:\/\/www.flexistore.no\/en\/wp-json\/wp\/v2\/users\/1"}],"replies":[{"embeddable":true,"href":"https:\/\/www.flexistore.no\/en\/wp-json\/wp\/v2\/comments?post=6362"}],"version-history":[{"count":7,"href":"https:\/\/www.flexistore.no\/en\/wp-json\/wp\/v2\/pages\/6362\/revisions"}],"predecessor-version":[{"id":6524,"href":"https:\/\/www.flexistore.no\/en\/wp-json\/wp\/v2\/pages\/6362\/revisions\/6524"}],"up":[{"embeddable":true,"href":"https:\/\/www.flexistore.no\/en\/wp-json\/wp\/v2\/pages\/99"}],"wp:attachment":[{"href":"https:\/\/www.flexistore.no\/en\/wp-json\/wp\/v2\/media?parent=6362"}],"curies":[{"name":"wp","href":"https:\/\/api.w.org\/{rel}","templated":true}]}}