{"id":5248,"date":"2024-02-26T09:38:29","date_gmt":"2024-02-26T08:38:29","guid":{"rendered":"https:\/\/www.flexistore.no\/?page_id=5248"},"modified":"2026-01-20T15:14:21","modified_gmt":"2026-01-20T14:14:21","slug":"nesodden","status":"publish","type":"page","link":"https:\/\/www.flexistore.no\/en\/minilager\/nesodden\/","title":{"rendered":"Nesodden"},"content":{"rendered":"","protected":false},"excerpt":{"rendered":"","protected":false},"author":1,"featured_media":0,"parent":99,"menu_order":0,"comment_status":"closed","ping_status":"closed","template":"","meta":{"_acf_changed":false,"footnotes":""},"class_list":["post-5248","page","type-page","status-publish","hentry"],"acf":{"beskrivelse_topp-by-undersider":"Flexistore gj\u00f8r minilager p\u00e5 Nesodden enda enklere med app og digital n\u00f8kkel p\u00e5 mobil. Bestill Nesodden's mest moderne minilager og f\u00e5 umiddelbar tilgang.","ikonliste_1-by-undersider":"Sentralt og lett tilgjengelig","ikonliste_2-by-undersider":"Innend\u00f8rs og temperert","ikonliste_3-by-undersider":"Gratis kundeparkering","ikonliste_4-by-undersider":"D\u00f8gn\u00e5pent og selvbetjent","ikonliste_5-by-undersider":"Kort avstand til buss og bane","overskrift_velkommen_til-by-underiser":"Velkommen til Flexistore Minilager avd. Nesodden","adresse-by-undersider":"Vestveien 51, 1452 Nesoddtangen","bilde_alt_du_trenger_a_vite_om-by-undersider":false,"faq_overskrift_1-by-undersider":"Hva er et minilager?","faq_overskrift_2-by-undersider":"Hva kan jeg lagre i et minilager?","faq_overskrift_3-by-undersider":"Hvordan bestiller jeg mitt minilager?","faq_beskrivelse_1-by-undersider":"Et minilager er en innend\u00f8rs, t\u00f8rr og trygg lagerbod du kan leie som privatperson eller bedrift. V\u00e5re minilager i Nesoddenkommer i forskjellige st\u00f8rrelser og priser, og kan dekke ethvert form\u00e5l. Enten du trenger langvarig lagring for \u00e5 skape mer plass hjemme eller kortvarig lagring for flytting, s\u00e5 er minilager l\u00f8sningen for deg. Minilager blir ogs\u00e5 ofte kalt for lagerbod eller lagerrom i Nesodden. ","faq_beskrivelse_2-by-undersider":"Du kan lagre nesten hva som helst i et minilager eller lagerbod i Nesodden, s\u00e5 lenge det f\u00e5r plass! I v\u00e5re innend\u00f8rs og t\u00f8rre minilager i Nesodden kan du lagre alt utenom alle former for mat eller illeluktende varer, samt brannfarlig materiale, v\u00e6sker eller gasser, eksplosiver, eller annet som kan volde skade eller medf\u00f8re fare. Du kan heller ikke lagre gjenstander som det er straffbart \u00e5 v\u00e6re i besittelse av.","faq_beskrivelse_3-by-undersider":"Det er veldig enkelt \u00e5 bestille ditt minilager rett p\u00e5 nett. Du kan bes\u00f8ke v\u00e5r Webapp, velge din st\u00f8rrelse, velge din minilager-avdeling og betale. Du har n\u00e5 umiddelbar tilgang til ditt minilager med digitale n\u00f8kler i Flexistore-appen som du laster ned fra App Store eller Google Play. Du kan ogs\u00e5 forh\u00e5ndsbestille ditt minilager her.","avdelingsoversikt-by-undersider":"[elementor-template id=\"5253\"]","kortkode_bykart-by-undersider":"[wpgmza id=\"10\"]","oembed_schema_markup":"","herobilde-avdeling-undersider":false,"adresse-avdeling-undersider":"Vestveien 51, 1452 Nesoddtangen<br><br> H\u00f8ydebegrensning innkj\u00f8ring 2.1 meter<br><br> <span style=\"color: red;\">\u00c5pningstider<\/span><br><br> <span style=\"font-size: 16px;\">     Man-fre: 07:00-21:00<br>     L\u00f8rdag: 07:00-20:00<br>     S\u00f8ndag\/helligdager: Stengt <\/span>","google_my_business_tittel-avdeling-undersider":"<a style=\"text-decoration: none; color: #000\" target=\"_blank\" href=\"https:\/\/www.google.com\/maps\/place\/Vestveien+51,+1452+Nesoddtangen,+Norway\/@59.8559217,10.6608389,17z\/data=!3m1!4b1!4m6!3m5!1s0x46416becb3a611cb:0xa49c6ab2571e39c1!8m2!3d59.8559217!4d10.6608389!16s%2Fg%2F11c5wmgw5x?entry=ttu\">Flexistore minilager avd. Nesodden<\/a>","ikonliste_1-avdeling-undersider":"Selvbetjent","ikonliste_2-avdeling-undersider":"Innend\u00f8rs og temperert","ikonliste_3-avdeling-undersider":"Innkj\u00f8ring til avdeling maks. h\u00f8yde 2,10 m","ikonliste_4-avdeling-undersider":"Gratis kundeparkering","ikonliste_5-avdeling-undersider":"N\u00e6rme kollektivt","tekst_ikke_apnet_enda-avdeling-undersider":"\u00c5pner August 2024","latitude-avdeling-undersider":"59.855380","longitude-avdeling-undersider":"10.661050","lokasjonsbilder_karusell-avdeling-undersider":[{"id":5726,"title":"Flexistore interior","caption":"","full_image_url":"https:\/\/www.flexistore.no\/wp-content\/uploads\/2024\/09\/3-2-format.-Copy-of-Copy-of-Ostre-Aker-vei-215-6.jpg","thumbnail_image_url":"https:\/\/www.flexistore.no\/wp-content\/uploads\/2024\/09\/3-2-format.-Copy-of-Copy-of-Ostre-Aker-vei-215-6-150x150.jpg","large_srcset":"https:\/\/www.flexistore.no\/wp-content\/uploads\/2024\/09\/3-2-format.-Copy-of-Copy-of-Ostre-Aker-vei-215-6-1024x683.jpg 1024w, https:\/\/www.flexistore.no\/wp-content\/uploads\/2024\/09\/3-2-format.-Copy-of-Copy-of-Ostre-Aker-vei-215-6-300x200.jpg 300w, https:\/\/www.flexistore.no\/wp-content\/uploads\/2024\/09\/3-2-format.-Copy-of-Copy-of-Ostre-Aker-vei-215-6-768x512.jpg 768w, https:\/\/www.flexistore.no\/wp-content\/uploads\/2024\/09\/3-2-format.-Copy-of-Copy-of-Ostre-Aker-vei-215-6-1536x1024.jpg 1536w, https:\/\/www.flexistore.no\/wp-content\/uploads\/2024\/09\/3-2-format.-Copy-of-Copy-of-Ostre-Aker-vei-215-6-18x12.jpg 18w, https:\/\/www.flexistore.no\/wp-content\/uploads\/2024\/09\/3-2-format.-Copy-of-Copy-of-Ostre-Aker-vei-215-6.jpg 1920w","medium_srcset":"https:\/\/www.flexistore.no\/wp-content\/uploads\/2024\/09\/3-2-format.-Copy-of-Copy-of-Ostre-Aker-vei-215-6-300x200.jpg 300w, https:\/\/www.flexistore.no\/wp-content\/uploads\/2024\/09\/3-2-format.-Copy-of-Copy-of-Ostre-Aker-vei-215-6-1024x683.jpg 1024w, https:\/\/www.flexistore.no\/wp-content\/uploads\/2024\/09\/3-2-format.-Copy-of-Copy-of-Ostre-Aker-vei-215-6-768x512.jpg 768w, https:\/\/www.flexistore.no\/wp-content\/uploads\/2024\/09\/3-2-format.-Copy-of-Copy-of-Ostre-Aker-vei-215-6-1536x1024.jpg 1536w, https:\/\/www.flexistore.no\/wp-content\/uploads\/2024\/09\/3-2-format.-Copy-of-Copy-of-Ostre-Aker-vei-215-6-18x12.jpg 18w, https:\/\/www.flexistore.no\/wp-content\/uploads\/2024\/09\/3-2-format.-Copy-of-Copy-of-Ostre-Aker-vei-215-6.jpg 1920w","media_details":{"width":1920,"height":1280,"sizes":{"medium":{"file":"3-2-format.-Copy-of-Copy-of-Ostre-Aker-vei-215-6-300x200.jpg","width":300,"height":200,"mime-type":"image\/jpeg","filesize":6655,"source_url":"https:\/\/www.flexistore.no\/wp-content\/uploads\/2024\/09\/3-2-format.-Copy-of-Copy-of-Ostre-Aker-vei-215-6-300x200.jpg"},"large":{"file":"3-2-format.-Copy-of-Copy-of-Ostre-Aker-vei-215-6-1024x683.jpg","width":1024,"height":683,"mime-type":"image\/jpeg","filesize":44585,"source_url":"https:\/\/www.flexistore.no\/wp-content\/uploads\/2024\/09\/3-2-format.-Copy-of-Copy-of-Ostre-Aker-vei-215-6-1024x683.jpg"},"thumbnail":{"file":"3-2-format.-Copy-of-Copy-of-Ostre-Aker-vei-215-6-150x150.jpg","width":150,"height":150,"mime-type":"image\/jpeg","filesize":3723,"source_url":"https:\/\/www.flexistore.no\/wp-content\/uploads\/2024\/09\/3-2-format.-Copy-of-Copy-of-Ostre-Aker-vei-215-6-150x150.jpg"},"medium_large":{"file":"3-2-format.-Copy-of-Copy-of-Ostre-Aker-vei-215-6-768x512.jpg","width":768,"height":512,"mime-type":"image\/jpeg","filesize":27333,"source_url":"https:\/\/www.flexistore.no\/wp-content\/uploads\/2024\/09\/3-2-format.-Copy-of-Copy-of-Ostre-Aker-vei-215-6-768x512.jpg"},"1536x1536":{"file":"3-2-format.-Copy-of-Copy-of-Ostre-Aker-vei-215-6-1536x1024.jpg","width":1536,"height":1024,"mime-type":"image\/jpeg","filesize":87120,"source_url":"https:\/\/www.flexistore.no\/wp-content\/uploads\/2024\/09\/3-2-format.-Copy-of-Copy-of-Ostre-Aker-vei-215-6-1536x1024.jpg"},"trp-custom-language-flag":{"file":"3-2-format.-Copy-of-Copy-of-Ostre-Aker-vei-215-6-18x12.jpg","width":18,"height":12,"mime-type":"image\/jpeg","filesize":850,"source_url":"https:\/\/www.flexistore.no\/wp-content\/uploads\/2024\/09\/3-2-format.-Copy-of-Copy-of-Ostre-Aker-vei-215-6-18x12.jpg"},"cmplz_banner_image":{"file":"3-2-format.-Copy-of-Copy-of-Ostre-Aker-vei-215-6-350x100.jpg","width":350,"height":100,"mime-type":"image\/jpeg","filesize":4168,"source_url":"https:\/\/www.flexistore.no\/wp-content\/uploads\/2024\/09\/3-2-format.-Copy-of-Copy-of-Ostre-Aker-vei-215-6-350x100.jpg"}}},"alt_text":"","url":"","target":""},{"id":5727,"title":"Our stalls","caption":"","full_image_url":"https:\/\/www.flexistore.no\/wp-content\/uploads\/2024\/09\/3-2-format.-Copy-of-Copy-of-Ostre-Aker-vei-215-23.jpg","thumbnail_image_url":"https:\/\/www.flexistore.no\/wp-content\/uploads\/2024\/09\/3-2-format.-Copy-of-Copy-of-Ostre-Aker-vei-215-23-150x150.jpg","large_srcset":"https:\/\/www.flexistore.no\/wp-content\/uploads\/2024\/09\/3-2-format.-Copy-of-Copy-of-Ostre-Aker-vei-215-23-1024x683.jpg 1024w, https:\/\/www.flexistore.no\/wp-content\/uploads\/2024\/09\/3-2-format.-Copy-of-Copy-of-Ostre-Aker-vei-215-23-300x200.jpg 300w, https:\/\/www.flexistore.no\/wp-content\/uploads\/2024\/09\/3-2-format.-Copy-of-Copy-of-Ostre-Aker-vei-215-23-768x512.jpg 768w, https:\/\/www.flexistore.no\/wp-content\/uploads\/2024\/09\/3-2-format.-Copy-of-Copy-of-Ostre-Aker-vei-215-23-1536x1024.jpg 1536w, https:\/\/www.flexistore.no\/wp-content\/uploads\/2024\/09\/3-2-format.-Copy-of-Copy-of-Ostre-Aker-vei-215-23-18x12.jpg 18w, https:\/\/www.flexistore.no\/wp-content\/uploads\/2024\/09\/3-2-format.-Copy-of-Copy-of-Ostre-Aker-vei-215-23.jpg 2048w","medium_srcset":"https:\/\/www.flexistore.no\/wp-content\/uploads\/2024\/09\/3-2-format.-Copy-of-Copy-of-Ostre-Aker-vei-215-23-300x200.jpg 300w, https:\/\/www.flexistore.no\/wp-content\/uploads\/2024\/09\/3-2-format.-Copy-of-Copy-of-Ostre-Aker-vei-215-23-1024x683.jpg 1024w, https:\/\/www.flexistore.no\/wp-content\/uploads\/2024\/09\/3-2-format.-Copy-of-Copy-of-Ostre-Aker-vei-215-23-768x512.jpg 768w, https:\/\/www.flexistore.no\/wp-content\/uploads\/2024\/09\/3-2-format.-Copy-of-Copy-of-Ostre-Aker-vei-215-23-1536x1024.jpg 1536w, https:\/\/www.flexistore.no\/wp-content\/uploads\/2024\/09\/3-2-format.-Copy-of-Copy-of-Ostre-Aker-vei-215-23-18x12.jpg 18w, https:\/\/www.flexistore.no\/wp-content\/uploads\/2024\/09\/3-2-format.-Copy-of-Copy-of-Ostre-Aker-vei-215-23.jpg 2048w","media_details":{"width":2048,"height":1365,"sizes":{"medium":{"file":"3-2-format.-Copy-of-Copy-of-Ostre-Aker-vei-215-23-300x200.jpg","width":300,"height":200,"mime-type":"image\/jpeg","filesize":8075,"source_url":"https:\/\/www.flexistore.no\/wp-content\/uploads\/2024\/09\/3-2-format.-Copy-of-Copy-of-Ostre-Aker-vei-215-23-300x200.jpg"},"large":{"file":"3-2-format.-Copy-of-Copy-of-Ostre-Aker-vei-215-23-1024x683.jpg","width":1024,"height":683,"mime-type":"image\/jpeg","filesize":56663,"source_url":"https:\/\/www.flexistore.no\/wp-content\/uploads\/2024\/09\/3-2-format.-Copy-of-Copy-of-Ostre-Aker-vei-215-23-1024x683.jpg"},"thumbnail":{"file":"3-2-format.-Copy-of-Copy-of-Ostre-Aker-vei-215-23-150x150.jpg","width":150,"height":150,"mime-type":"image\/jpeg","filesize":3952,"source_url":"https:\/\/www.flexistore.no\/wp-content\/uploads\/2024\/09\/3-2-format.-Copy-of-Copy-of-Ostre-Aker-vei-215-23-150x150.jpg"},"medium_large":{"file":"3-2-format.-Copy-of-Copy-of-Ostre-Aker-vei-215-23-768x512.jpg","width":768,"height":512,"mime-type":"image\/jpeg","filesize":35089,"source_url":"https:\/\/www.flexistore.no\/wp-content\/uploads\/2024\/09\/3-2-format.-Copy-of-Copy-of-Ostre-Aker-vei-215-23-768x512.jpg"},"1536x1536":{"file":"3-2-format.-Copy-of-Copy-of-Ostre-Aker-vei-215-23-1536x1024.jpg","width":1536,"height":1024,"mime-type":"image\/jpeg","filesize":113780,"source_url":"https:\/\/www.flexistore.no\/wp-content\/uploads\/2024\/09\/3-2-format.-Copy-of-Copy-of-Ostre-Aker-vei-215-23-1536x1024.jpg"},"trp-custom-language-flag":{"file":"3-2-format.-Copy-of-Copy-of-Ostre-Aker-vei-215-23-18x12.jpg","width":18,"height":12,"mime-type":"image\/jpeg","filesize":866,"source_url":"https:\/\/www.flexistore.no\/wp-content\/uploads\/2024\/09\/3-2-format.-Copy-of-Copy-of-Ostre-Aker-vei-215-23-18x12.jpg"},"cmplz_banner_image":{"file":"3-2-format.-Copy-of-Copy-of-Ostre-Aker-vei-215-23-350x100.jpg","width":350,"height":100,"mime-type":"image\/jpeg","filesize":5304,"source_url":"https:\/\/www.flexistore.no\/wp-content\/uploads\/2024\/09\/3-2-format.-Copy-of-Copy-of-Ostre-Aker-vei-215-23-350x100.jpg"}}},"alt_text":"","url":"","target":""}],"facility_id":"d66ea256-94a6-4528-ac42-71f9e0d6efd3","Facility_Name":"Nesodden","maps_link":"https:\/\/www.google.com\/maps\/place\/Vestveien+51,+1452+Nesoddtangen,+Norway\/@59.8559217,10.6608389,17z\/data=!3m1!4b1!4m6!3m5!1s0x46416becb3a611cb:0xa49c6ab2571e39c1!8m2!3d59.8559217!4d10.6608389!16s%2Fg%2F11c5wmgw5x?entry=ttu&g_ep=EgoyMDI0MDkyMi4wIKXMDSoASAFQAw%3D%3D","ekstra_informasjon":"","photo_gallery":{"lokasjonsbilder_karusell-avdeling-undersider":[[{"id":5726,"title":"Flexistore interior","caption":"","full_image_url":"https:\/\/www.flexistore.no\/wp-content\/uploads\/2024\/09\/3-2-format.-Copy-of-Copy-of-Ostre-Aker-vei-215-6.jpg","thumbnail_image_url":"https:\/\/www.flexistore.no\/wp-content\/uploads\/2024\/09\/3-2-format.-Copy-of-Copy-of-Ostre-Aker-vei-215-6-150x150.jpg","large_srcset":"https:\/\/www.flexistore.no\/wp-content\/uploads\/2024\/09\/3-2-format.-Copy-of-Copy-of-Ostre-Aker-vei-215-6-1024x683.jpg 1024w, https:\/\/www.flexistore.no\/wp-content\/uploads\/2024\/09\/3-2-format.-Copy-of-Copy-of-Ostre-Aker-vei-215-6-300x200.jpg 300w, https:\/\/www.flexistore.no\/wp-content\/uploads\/2024\/09\/3-2-format.-Copy-of-Copy-of-Ostre-Aker-vei-215-6-768x512.jpg 768w, https:\/\/www.flexistore.no\/wp-content\/uploads\/2024\/09\/3-2-format.-Copy-of-Copy-of-Ostre-Aker-vei-215-6-1536x1024.jpg 1536w, https:\/\/www.flexistore.no\/wp-content\/uploads\/2024\/09\/3-2-format.-Copy-of-Copy-of-Ostre-Aker-vei-215-6-18x12.jpg 18w, https:\/\/www.flexistore.no\/wp-content\/uploads\/2024\/09\/3-2-format.-Copy-of-Copy-of-Ostre-Aker-vei-215-6.jpg 1920w","medium_srcset":"https:\/\/www.flexistore.no\/wp-content\/uploads\/2024\/09\/3-2-format.-Copy-of-Copy-of-Ostre-Aker-vei-215-6-300x200.jpg 300w, https:\/\/www.flexistore.no\/wp-content\/uploads\/2024\/09\/3-2-format.-Copy-of-Copy-of-Ostre-Aker-vei-215-6-1024x683.jpg 1024w, https:\/\/www.flexistore.no\/wp-content\/uploads\/2024\/09\/3-2-format.-Copy-of-Copy-of-Ostre-Aker-vei-215-6-768x512.jpg 768w, https:\/\/www.flexistore.no\/wp-content\/uploads\/2024\/09\/3-2-format.-Copy-of-Copy-of-Ostre-Aker-vei-215-6-1536x1024.jpg 1536w, https:\/\/www.flexistore.no\/wp-content\/uploads\/2024\/09\/3-2-format.-Copy-of-Copy-of-Ostre-Aker-vei-215-6-18x12.jpg 18w, https:\/\/www.flexistore.no\/wp-content\/uploads\/2024\/09\/3-2-format.-Copy-of-Copy-of-Ostre-Aker-vei-215-6.jpg 1920w","media_details":{"width":1920,"height":1280,"sizes":{"medium":{"file":"3-2-format.-Copy-of-Copy-of-Ostre-Aker-vei-215-6-300x200.jpg","width":300,"height":200,"mime-type":"image\/jpeg","filesize":6655,"source_url":"https:\/\/www.flexistore.no\/wp-content\/uploads\/2024\/09\/3-2-format.-Copy-of-Copy-of-Ostre-Aker-vei-215-6-300x200.jpg"},"large":{"file":"3-2-format.-Copy-of-Copy-of-Ostre-Aker-vei-215-6-1024x683.jpg","width":1024,"height":683,"mime-type":"image\/jpeg","filesize":44585,"source_url":"https:\/\/www.flexistore.no\/wp-content\/uploads\/2024\/09\/3-2-format.-Copy-of-Copy-of-Ostre-Aker-vei-215-6-1024x683.jpg"},"thumbnail":{"file":"3-2-format.-Copy-of-Copy-of-Ostre-Aker-vei-215-6-150x150.jpg","width":150,"height":150,"mime-type":"image\/jpeg","filesize":3723,"source_url":"https:\/\/www.flexistore.no\/wp-content\/uploads\/2024\/09\/3-2-format.-Copy-of-Copy-of-Ostre-Aker-vei-215-6-150x150.jpg"},"medium_large":{"file":"3-2-format.-Copy-of-Copy-of-Ostre-Aker-vei-215-6-768x512.jpg","width":768,"height":512,"mime-type":"image\/jpeg","filesize":27333,"source_url":"https:\/\/www.flexistore.no\/wp-content\/uploads\/2024\/09\/3-2-format.-Copy-of-Copy-of-Ostre-Aker-vei-215-6-768x512.jpg"},"1536x1536":{"file":"3-2-format.-Copy-of-Copy-of-Ostre-Aker-vei-215-6-1536x1024.jpg","width":1536,"height":1024,"mime-type":"image\/jpeg","filesize":87120,"source_url":"https:\/\/www.flexistore.no\/wp-content\/uploads\/2024\/09\/3-2-format.-Copy-of-Copy-of-Ostre-Aker-vei-215-6-1536x1024.jpg"},"trp-custom-language-flag":{"file":"3-2-format.-Copy-of-Copy-of-Ostre-Aker-vei-215-6-18x12.jpg","width":18,"height":12,"mime-type":"image\/jpeg","filesize":850,"source_url":"https:\/\/www.flexistore.no\/wp-content\/uploads\/2024\/09\/3-2-format.-Copy-of-Copy-of-Ostre-Aker-vei-215-6-18x12.jpg"},"cmplz_banner_image":{"file":"3-2-format.-Copy-of-Copy-of-Ostre-Aker-vei-215-6-350x100.jpg","width":350,"height":100,"mime-type":"image\/jpeg","filesize":4168,"source_url":"https:\/\/www.flexistore.no\/wp-content\/uploads\/2024\/09\/3-2-format.-Copy-of-Copy-of-Ostre-Aker-vei-215-6-350x100.jpg"}}},"alt_text":"","url":"","target":""},{"id":5727,"title":"V\u00e5re boder","caption":"","full_image_url":"https:\/\/www.flexistore.no\/wp-content\/uploads\/2024\/09\/3-2-format.-Copy-of-Copy-of-Ostre-Aker-vei-215-23.jpg","thumbnail_image_url":"https:\/\/www.flexistore.no\/wp-content\/uploads\/2024\/09\/3-2-format.-Copy-of-Copy-of-Ostre-Aker-vei-215-23-150x150.jpg","large_srcset":"https:\/\/www.flexistore.no\/wp-content\/uploads\/2024\/09\/3-2-format.-Copy-of-Copy-of-Ostre-Aker-vei-215-23-1024x683.jpg 1024w, https:\/\/www.flexistore.no\/wp-content\/uploads\/2024\/09\/3-2-format.-Copy-of-Copy-of-Ostre-Aker-vei-215-23-300x200.jpg 300w, https:\/\/www.flexistore.no\/wp-content\/uploads\/2024\/09\/3-2-format.-Copy-of-Copy-of-Ostre-Aker-vei-215-23-768x512.jpg 768w, https:\/\/www.flexistore.no\/wp-content\/uploads\/2024\/09\/3-2-format.-Copy-of-Copy-of-Ostre-Aker-vei-215-23-1536x1024.jpg 1536w, https:\/\/www.flexistore.no\/wp-content\/uploads\/2024\/09\/3-2-format.-Copy-of-Copy-of-Ostre-Aker-vei-215-23-18x12.jpg 18w, https:\/\/www.flexistore.no\/wp-content\/uploads\/2024\/09\/3-2-format.-Copy-of-Copy-of-Ostre-Aker-vei-215-23.jpg 2048w","medium_srcset":"https:\/\/www.flexistore.no\/wp-content\/uploads\/2024\/09\/3-2-format.-Copy-of-Copy-of-Ostre-Aker-vei-215-23-300x200.jpg 300w, https:\/\/www.flexistore.no\/wp-content\/uploads\/2024\/09\/3-2-format.-Copy-of-Copy-of-Ostre-Aker-vei-215-23-1024x683.jpg 1024w, https:\/\/www.flexistore.no\/wp-content\/uploads\/2024\/09\/3-2-format.-Copy-of-Copy-of-Ostre-Aker-vei-215-23-768x512.jpg 768w, https:\/\/www.flexistore.no\/wp-content\/uploads\/2024\/09\/3-2-format.-Copy-of-Copy-of-Ostre-Aker-vei-215-23-1536x1024.jpg 1536w, https:\/\/www.flexistore.no\/wp-content\/uploads\/2024\/09\/3-2-format.-Copy-of-Copy-of-Ostre-Aker-vei-215-23-18x12.jpg 18w, https:\/\/www.flexistore.no\/wp-content\/uploads\/2024\/09\/3-2-format.-Copy-of-Copy-of-Ostre-Aker-vei-215-23.jpg 2048w","media_details":{"width":2048,"height":1365,"sizes":{"medium":{"file":"3-2-format.-Copy-of-Copy-of-Ostre-Aker-vei-215-23-300x200.jpg","width":300,"height":200,"mime-type":"image\/jpeg","filesize":8075,"source_url":"https:\/\/www.flexistore.no\/wp-content\/uploads\/2024\/09\/3-2-format.-Copy-of-Copy-of-Ostre-Aker-vei-215-23-300x200.jpg"},"large":{"file":"3-2-format.-Copy-of-Copy-of-Ostre-Aker-vei-215-23-1024x683.jpg","width":1024,"height":683,"mime-type":"image\/jpeg","filesize":56663,"source_url":"https:\/\/www.flexistore.no\/wp-content\/uploads\/2024\/09\/3-2-format.-Copy-of-Copy-of-Ostre-Aker-vei-215-23-1024x683.jpg"},"thumbnail":{"file":"3-2-format.-Copy-of-Copy-of-Ostre-Aker-vei-215-23-150x150.jpg","width":150,"height":150,"mime-type":"image\/jpeg","filesize":3952,"source_url":"https:\/\/www.flexistore.no\/wp-content\/uploads\/2024\/09\/3-2-format.-Copy-of-Copy-of-Ostre-Aker-vei-215-23-150x150.jpg"},"medium_large":{"file":"3-2-format.-Copy-of-Copy-of-Ostre-Aker-vei-215-23-768x512.jpg","width":768,"height":512,"mime-type":"image\/jpeg","filesize":35089,"source_url":"https:\/\/www.flexistore.no\/wp-content\/uploads\/2024\/09\/3-2-format.-Copy-of-Copy-of-Ostre-Aker-vei-215-23-768x512.jpg"},"1536x1536":{"file":"3-2-format.-Copy-of-Copy-of-Ostre-Aker-vei-215-23-1536x1024.jpg","width":1536,"height":1024,"mime-type":"image\/jpeg","filesize":113780,"source_url":"https:\/\/www.flexistore.no\/wp-content\/uploads\/2024\/09\/3-2-format.-Copy-of-Copy-of-Ostre-Aker-vei-215-23-1536x1024.jpg"},"trp-custom-language-flag":{"file":"3-2-format.-Copy-of-Copy-of-Ostre-Aker-vei-215-23-18x12.jpg","width":18,"height":12,"mime-type":"image\/jpeg","filesize":866,"source_url":"https:\/\/www.flexistore.no\/wp-content\/uploads\/2024\/09\/3-2-format.-Copy-of-Copy-of-Ostre-Aker-vei-215-23-18x12.jpg"},"cmplz_banner_image":{"file":"3-2-format.-Copy-of-Copy-of-Ostre-Aker-vei-215-23-350x100.jpg","width":350,"height":100,"mime-type":"image\/jpeg","filesize":5304,"source_url":"https:\/\/www.flexistore.no\/wp-content\/uploads\/2024\/09\/3-2-format.-Copy-of-Copy-of-Ostre-Aker-vei-215-23-350x100.jpg"}}},"alt_text":"","url":"","target":""}]]}},"_links":{"self":[{"href":"https:\/\/www.flexistore.no\/en\/wp-json\/wp\/v2\/pages\/5248","targetHints":{"allow":["GET"]}}],"collection":[{"href":"https:\/\/www.flexistore.no\/en\/wp-json\/wp\/v2\/pages"}],"about":[{"href":"https:\/\/www.flexistore.no\/en\/wp-json\/wp\/v2\/types\/page"}],"author":[{"embeddable":true,"href":"https:\/\/www.flexistore.no\/en\/wp-json\/wp\/v2\/users\/1"}],"replies":[{"embeddable":true,"href":"https:\/\/www.flexistore.no\/en\/wp-json\/wp\/v2\/comments?post=5248"}],"version-history":[{"count":22,"href":"https:\/\/www.flexistore.no\/en\/wp-json\/wp\/v2\/pages\/5248\/revisions"}],"predecessor-version":[{"id":6548,"href":"https:\/\/www.flexistore.no\/en\/wp-json\/wp\/v2\/pages\/5248\/revisions\/6548"}],"up":[{"embeddable":true,"href":"https:\/\/www.flexistore.no\/en\/wp-json\/wp\/v2\/pages\/99"}],"wp:attachment":[{"href":"https:\/\/www.flexistore.no\/en\/wp-json\/wp\/v2\/media?parent=5248"}],"curies":[{"name":"wp","href":"https:\/\/api.w.org\/{rel}","templated":true}]}}