{"id":4667,"date":"2023-02-16T12:53:53","date_gmt":"2023-02-16T11:53:53","guid":{"rendered":"https:\/\/www.flexistore.no\/?page_id=4667"},"modified":"2025-02-19T13:51:11","modified_gmt":"2025-02-19T12:51:11","slug":"grorud","status":"publish","type":"page","link":"https:\/\/www.flexistore.no\/en\/minilager\/oslo\/grorud\/","title":{"rendered":"Grorud"},"content":{"rendered":"","protected":false},"excerpt":{"rendered":"","protected":false},"author":1,"featured_media":0,"parent":369,"menu_order":0,"comment_status":"closed","ping_status":"closed","template":"","meta":{"_acf_changed":false,"footnotes":""},"class_list":["post-4667","page","type-page","status-publish","hentry"],"acf":{"lokasjonsbilder_karusell-avdeling-undersider":[{"id":5813,"title":"32 format. Copy of \u00d8stre Aker vei 215 13","caption":"","full_image_url":"https:\/\/www.flexistore.no\/wp-content\/uploads\/2024\/09\/32-format.-Copy-of-Ostre-Aker-vei-215-13.jpg","thumbnail_image_url":"https:\/\/www.flexistore.no\/wp-content\/uploads\/2024\/09\/32-format.-Copy-of-Ostre-Aker-vei-215-13-150x150.jpg","large_srcset":"https:\/\/www.flexistore.no\/wp-content\/uploads\/2024\/09\/32-format.-Copy-of-Ostre-Aker-vei-215-13-1024x683.jpg 1024w, https:\/\/www.flexistore.no\/wp-content\/uploads\/2024\/09\/32-format.-Copy-of-Ostre-Aker-vei-215-13-300x200.jpg 300w, https:\/\/www.flexistore.no\/wp-content\/uploads\/2024\/09\/32-format.-Copy-of-Ostre-Aker-vei-215-13-768x512.jpg 768w, https:\/\/www.flexistore.no\/wp-content\/uploads\/2024\/09\/32-format.-Copy-of-Ostre-Aker-vei-215-13-1536x1024.jpg 1536w, https:\/\/www.flexistore.no\/wp-content\/uploads\/2024\/09\/32-format.-Copy-of-Ostre-Aker-vei-215-13-18x12.jpg 18w, https:\/\/www.flexistore.no\/wp-content\/uploads\/2024\/09\/32-format.-Copy-of-Ostre-Aker-vei-215-13.jpg 2048w","medium_srcset":"https:\/\/www.flexistore.no\/wp-content\/uploads\/2024\/09\/32-format.-Copy-of-Ostre-Aker-vei-215-13-300x200.jpg 300w, https:\/\/www.flexistore.no\/wp-content\/uploads\/2024\/09\/32-format.-Copy-of-Ostre-Aker-vei-215-13-1024x683.jpg 1024w, https:\/\/www.flexistore.no\/wp-content\/uploads\/2024\/09\/32-format.-Copy-of-Ostre-Aker-vei-215-13-768x512.jpg 768w, https:\/\/www.flexistore.no\/wp-content\/uploads\/2024\/09\/32-format.-Copy-of-Ostre-Aker-vei-215-13-1536x1024.jpg 1536w, https:\/\/www.flexistore.no\/wp-content\/uploads\/2024\/09\/32-format.-Copy-of-Ostre-Aker-vei-215-13-18x12.jpg 18w, https:\/\/www.flexistore.no\/wp-content\/uploads\/2024\/09\/32-format.-Copy-of-Ostre-Aker-vei-215-13.jpg 2048w","media_details":{"width":2048,"height":1365,"sizes":{"medium":{"file":"32-format.-Copy-of-Ostre-Aker-vei-215-13-300x200.jpg","width":300,"height":200,"mime-type":"image\/jpeg","filesize":6547,"source_url":"https:\/\/www.flexistore.no\/wp-content\/uploads\/2024\/09\/32-format.-Copy-of-Ostre-Aker-vei-215-13-300x200.jpg"},"large":{"file":"32-format.-Copy-of-Ostre-Aker-vei-215-13-1024x683.jpg","width":1024,"height":683,"mime-type":"image\/jpeg","filesize":46318,"source_url":"https:\/\/www.flexistore.no\/wp-content\/uploads\/2024\/09\/32-format.-Copy-of-Ostre-Aker-vei-215-13-1024x683.jpg"},"thumbnail":{"file":"32-format.-Copy-of-Ostre-Aker-vei-215-13-150x150.jpg","width":150,"height":150,"mime-type":"image\/jpeg","filesize":3322,"source_url":"https:\/\/www.flexistore.no\/wp-content\/uploads\/2024\/09\/32-format.-Copy-of-Ostre-Aker-vei-215-13-150x150.jpg"},"medium_large":{"file":"32-format.-Copy-of-Ostre-Aker-vei-215-13-768x512.jpg","width":768,"height":512,"mime-type":"image\/jpeg","filesize":28282,"source_url":"https:\/\/www.flexistore.no\/wp-content\/uploads\/2024\/09\/32-format.-Copy-of-Ostre-Aker-vei-215-13-768x512.jpg"},"1536x1536":{"file":"32-format.-Copy-of-Ostre-Aker-vei-215-13-1536x1024.jpg","width":1536,"height":1024,"mime-type":"image\/jpeg","filesize":96368,"source_url":"https:\/\/www.flexistore.no\/wp-content\/uploads\/2024\/09\/32-format.-Copy-of-Ostre-Aker-vei-215-13-1536x1024.jpg"},"trp-custom-language-flag":{"file":"32-format.-Copy-of-Ostre-Aker-vei-215-13-18x12.jpg","width":18,"height":12,"mime-type":"image\/jpeg","filesize":865,"source_url":"https:\/\/www.flexistore.no\/wp-content\/uploads\/2024\/09\/32-format.-Copy-of-Ostre-Aker-vei-215-13-18x12.jpg"},"cmplz_banner_image":{"file":"32-format.-Copy-of-Ostre-Aker-vei-215-13-350x100.jpg","width":350,"height":100,"mime-type":"image\/jpeg","filesize":3798,"source_url":"https:\/\/www.flexistore.no\/wp-content\/uploads\/2024\/09\/32-format.-Copy-of-Ostre-Aker-vei-215-13-350x100.jpg"}}},"alt_text":"","url":"","target":""},{"id":5812,"title":"32 format. Copy of \u00d8stre Aker vei 215 25","caption":"","full_image_url":"https:\/\/www.flexistore.no\/wp-content\/uploads\/2024\/09\/32-format.-Copy-of-Ostre-Aker-vei-215-25.jpg","thumbnail_image_url":"https:\/\/www.flexistore.no\/wp-content\/uploads\/2024\/09\/32-format.-Copy-of-Ostre-Aker-vei-215-25-150x150.jpg","large_srcset":"https:\/\/www.flexistore.no\/wp-content\/uploads\/2024\/09\/32-format.-Copy-of-Ostre-Aker-vei-215-25-1024x683.jpg 1024w, https:\/\/www.flexistore.no\/wp-content\/uploads\/2024\/09\/32-format.-Copy-of-Ostre-Aker-vei-215-25-300x200.jpg 300w, https:\/\/www.flexistore.no\/wp-content\/uploads\/2024\/09\/32-format.-Copy-of-Ostre-Aker-vei-215-25-768x512.jpg 768w, https:\/\/www.flexistore.no\/wp-content\/uploads\/2024\/09\/32-format.-Copy-of-Ostre-Aker-vei-215-25-1536x1024.jpg 1536w, https:\/\/www.flexistore.no\/wp-content\/uploads\/2024\/09\/32-format.-Copy-of-Ostre-Aker-vei-215-25-18x12.jpg 18w, https:\/\/www.flexistore.no\/wp-content\/uploads\/2024\/09\/32-format.-Copy-of-Ostre-Aker-vei-215-25.jpg 2048w","medium_srcset":"https:\/\/www.flexistore.no\/wp-content\/uploads\/2024\/09\/32-format.-Copy-of-Ostre-Aker-vei-215-25-300x200.jpg 300w, https:\/\/www.flexistore.no\/wp-content\/uploads\/2024\/09\/32-format.-Copy-of-Ostre-Aker-vei-215-25-1024x683.jpg 1024w, https:\/\/www.flexistore.no\/wp-content\/uploads\/2024\/09\/32-format.-Copy-of-Ostre-Aker-vei-215-25-768x512.jpg 768w, https:\/\/www.flexistore.no\/wp-content\/uploads\/2024\/09\/32-format.-Copy-of-Ostre-Aker-vei-215-25-1536x1024.jpg 1536w, https:\/\/www.flexistore.no\/wp-content\/uploads\/2024\/09\/32-format.-Copy-of-Ostre-Aker-vei-215-25-18x12.jpg 18w, https:\/\/www.flexistore.no\/wp-content\/uploads\/2024\/09\/32-format.-Copy-of-Ostre-Aker-vei-215-25.jpg 2048w","media_details":{"width":2048,"height":1365,"sizes":{"medium":{"file":"32-format.-Copy-of-Ostre-Aker-vei-215-25-300x200.jpg","width":300,"height":200,"mime-type":"image\/jpeg","filesize":6575,"source_url":"https:\/\/www.flexistore.no\/wp-content\/uploads\/2024\/09\/32-format.-Copy-of-Ostre-Aker-vei-215-25-300x200.jpg"},"large":{"file":"32-format.-Copy-of-Ostre-Aker-vei-215-25-1024x683.jpg","width":1024,"height":683,"mime-type":"image\/jpeg","filesize":39314,"source_url":"https:\/\/www.flexistore.no\/wp-content\/uploads\/2024\/09\/32-format.-Copy-of-Ostre-Aker-vei-215-25-1024x683.jpg"},"thumbnail":{"file":"32-format.-Copy-of-Ostre-Aker-vei-215-25-150x150.jpg","width":150,"height":150,"mime-type":"image\/jpeg","filesize":3788,"source_url":"https:\/\/www.flexistore.no\/wp-content\/uploads\/2024\/09\/32-format.-Copy-of-Ostre-Aker-vei-215-25-150x150.jpg"},"medium_large":{"file":"32-format.-Copy-of-Ostre-Aker-vei-215-25-768x512.jpg","width":768,"height":512,"mime-type":"image\/jpeg","filesize":25388,"source_url":"https:\/\/www.flexistore.no\/wp-content\/uploads\/2024\/09\/32-format.-Copy-of-Ostre-Aker-vei-215-25-768x512.jpg"},"1536x1536":{"file":"32-format.-Copy-of-Ostre-Aker-vei-215-25-1536x1024.jpg","width":1536,"height":1024,"mime-type":"image\/jpeg","filesize":78296,"source_url":"https:\/\/www.flexistore.no\/wp-content\/uploads\/2024\/09\/32-format.-Copy-of-Ostre-Aker-vei-215-25-1536x1024.jpg"},"trp-custom-language-flag":{"file":"32-format.-Copy-of-Ostre-Aker-vei-215-25-18x12.jpg","width":18,"height":12,"mime-type":"image\/jpeg","filesize":874,"source_url":"https:\/\/www.flexistore.no\/wp-content\/uploads\/2024\/09\/32-format.-Copy-of-Ostre-Aker-vei-215-25-18x12.jpg"},"cmplz_banner_image":{"file":"32-format.-Copy-of-Ostre-Aker-vei-215-25-350x100.jpg","width":350,"height":100,"mime-type":"image\/jpeg","filesize":4035,"source_url":"https:\/\/www.flexistore.no\/wp-content\/uploads\/2024\/09\/32-format.-Copy-of-Ostre-Aker-vei-215-25-350x100.jpg"}}},"alt_text":"","url":"","target":""},{"id":5814,"title":"32 format. Grorud facade","caption":"","full_image_url":"https:\/\/www.flexistore.no\/wp-content\/uploads\/2024\/09\/32-format.-Grorud-fasade.jpg","thumbnail_image_url":"https:\/\/www.flexistore.no\/wp-content\/uploads\/2024\/09\/32-format.-Grorud-fasade-150x150.jpg","large_srcset":"https:\/\/www.flexistore.no\/wp-content\/uploads\/2024\/09\/32-format.-Grorud-fasade-1024x683.jpg 1024w, https:\/\/www.flexistore.no\/wp-content\/uploads\/2024\/09\/32-format.-Grorud-fasade-300x200.jpg 300w, https:\/\/www.flexistore.no\/wp-content\/uploads\/2024\/09\/32-format.-Grorud-fasade-768x512.jpg 768w, https:\/\/www.flexistore.no\/wp-content\/uploads\/2024\/09\/32-format.-Grorud-fasade-1536x1024.jpg 1536w, https:\/\/www.flexistore.no\/wp-content\/uploads\/2024\/09\/32-format.-Grorud-fasade-18x12.jpg 18w, https:\/\/www.flexistore.no\/wp-content\/uploads\/2024\/09\/32-format.-Grorud-fasade.jpg 1797w","medium_srcset":"https:\/\/www.flexistore.no\/wp-content\/uploads\/2024\/09\/32-format.-Grorud-fasade-300x200.jpg 300w, https:\/\/www.flexistore.no\/wp-content\/uploads\/2024\/09\/32-format.-Grorud-fasade-1024x683.jpg 1024w, https:\/\/www.flexistore.no\/wp-content\/uploads\/2024\/09\/32-format.-Grorud-fasade-768x512.jpg 768w, https:\/\/www.flexistore.no\/wp-content\/uploads\/2024\/09\/32-format.-Grorud-fasade-1536x1024.jpg 1536w, https:\/\/www.flexistore.no\/wp-content\/uploads\/2024\/09\/32-format.-Grorud-fasade-18x12.jpg 18w, https:\/\/www.flexistore.no\/wp-content\/uploads\/2024\/09\/32-format.-Grorud-fasade.jpg 1797w","media_details":{"width":1797,"height":1198,"sizes":{"medium":{"file":"32-format.-Grorud-fasade-300x200.jpg","width":300,"height":200,"mime-type":"image\/jpeg","filesize":15619,"source_url":"https:\/\/www.flexistore.no\/wp-content\/uploads\/2024\/09\/32-format.-Grorud-fasade-300x200.jpg"},"large":{"file":"32-format.-Grorud-fasade-1024x683.jpg","width":1024,"height":683,"mime-type":"image\/jpeg","filesize":149147,"source_url":"https:\/\/www.flexistore.no\/wp-content\/uploads\/2024\/09\/32-format.-Grorud-fasade-1024x683.jpg"},"thumbnail":{"file":"32-format.-Grorud-fasade-150x150.jpg","width":150,"height":150,"mime-type":"image\/jpeg","filesize":7004,"source_url":"https:\/\/www.flexistore.no\/wp-content\/uploads\/2024\/09\/32-format.-Grorud-fasade-150x150.jpg"},"medium_large":{"file":"32-format.-Grorud-fasade-768x512.jpg","width":768,"height":512,"mime-type":"image\/jpeg","filesize":84366,"source_url":"https:\/\/www.flexistore.no\/wp-content\/uploads\/2024\/09\/32-format.-Grorud-fasade-768x512.jpg"},"1536x1536":{"file":"32-format.-Grorud-fasade-1536x1024.jpg","width":1536,"height":1024,"mime-type":"image\/jpeg","filesize":319259,"source_url":"https:\/\/www.flexistore.no\/wp-content\/uploads\/2024\/09\/32-format.-Grorud-fasade-1536x1024.jpg"},"trp-custom-language-flag":{"file":"32-format.-Grorud-fasade-18x12.jpg","width":18,"height":12,"mime-type":"image\/jpeg","filesize":900,"source_url":"https:\/\/www.flexistore.no\/wp-content\/uploads\/2024\/09\/32-format.-Grorud-fasade-18x12.jpg"},"cmplz_banner_image":{"file":"32-format.-Grorud-fasade-350x100.jpg","width":350,"height":100,"mime-type":"image\/jpeg","filesize":10034,"source_url":"https:\/\/www.flexistore.no\/wp-content\/uploads\/2024\/09\/32-format.-Grorud-fasade-350x100.jpg"}}},"alt_text":"","url":"","target":""}],"herobilde-avdeling-undersider":{"ID":4668,"id":4668,"title":"Minilager-Grorud","filename":"Minilager-Grorud.jpg","filesize":215615,"url":"https:\/\/www.flexistore.no\/wp-content\/uploads\/2023\/02\/Minilager-Grorud.jpg","link":"https:\/\/www.flexistore.no\/en\/minilager\/oslo\/grorud\/attachment\/minilager-grorud\/","alt":"Minilager Grorud","author":"1","description":"","caption":"","name":"minilager-grorud","status":"inherit","uploaded_to":4667,"date":"2023-02-16 11:53:37","modified":"2023-02-16 11:53:44","menu_order":0,"mime_type":"image\/jpeg","type":"image","subtype":"jpeg","icon":"https:\/\/www.flexistore.no\/wp-includes\/images\/media\/default.png","width":2560,"height":1707,"sizes":{"thumbnail":"https:\/\/www.flexistore.no\/wp-content\/uploads\/2023\/02\/Minilager-Grorud-150x150.jpg","thumbnail-width":150,"thumbnail-height":150,"medium":"https:\/\/www.flexistore.no\/wp-content\/uploads\/2023\/02\/Minilager-Grorud-300x200.jpg","medium-width":300,"medium-height":200,"medium_large":"https:\/\/www.flexistore.no\/wp-content\/uploads\/2023\/02\/Minilager-Grorud-768x512.jpg","medium_large-width":768,"medium_large-height":512,"large":"https:\/\/www.flexistore.no\/wp-content\/uploads\/2023\/02\/Minilager-Grorud-1024x683.jpg","large-width":800,"large-height":534,"1536x1536":"https:\/\/www.flexistore.no\/wp-content\/uploads\/2023\/02\/Minilager-Grorud-1536x1024.jpg","1536x1536-width":1536,"1536x1536-height":1024,"2048x2048":"https:\/\/www.flexistore.no\/wp-content\/uploads\/2023\/02\/Minilager-Grorud-2048x1366.jpg","2048x2048-width":2048,"2048x2048-height":1366,"trp-custom-language-flag":"https:\/\/www.flexistore.no\/wp-content\/uploads\/2023\/02\/Minilager-Grorud-18x12.jpg","trp-custom-language-flag-width":18,"trp-custom-language-flag-height":12}},"adresse-avdeling-undersider":"\u00d8stre Aker vei 215, 0975 Oslo","google_my_business_tittel-avdeling-undersider":"<a style=\"text-decoration: none; color: #000\" target=\"_blank\" href=\"https:\/\/www.google.com\/maps\/place\/%C3%98stre+Aker+vei+215,+0975+Oslo,+Norway\/data=!4m2!3m1!1s0x46416ffdb86c2e87:0x381ec309541ed4bf?sa=X&ved=1t:242&ictx=111\">Flexistore Minilager avd. Grorud<\/a>","ikonliste_1-avdeling-undersider":"D\u00f8gn\u00e5pent og selvbetjent","ikonliste_2-avdeling-undersider":"Innend\u00f8rs og temperert","ikonliste_3-avdeling-undersider":"Lett tilgjengelig","ikonliste_4-avdeling-undersider":"Gratis kundeparkering","ikonliste_5-avdeling-undersider":"N\u00e6rme kollektivt","tekst_ikke_apnet_enda-avdeling-undersider":"","latitude-avdeling-undersider":"59.946104","longitude-avdeling-undersider":"10.876904","facility_id":"686c9a02-2dc1-4983-8adc-0a40d39a5082","Facility_Name":"","maps_link":"https:\/\/www.google.com\/maps\/place\/%C3%98stre+Aker+vei+215,+0975+Oslo,+Norway\/data=!4m2!3m1!1s0x46416ffdb86c2e87:0x381ec309541ed4bf?sa=X&ved=1t:242&ictx=111","ekstra_informasjon":"","photo_gallery":{"lokasjonsbilder_karusell-avdeling-undersider":[[{"id":5813,"title":"32-format. Copy of \u00d8stre Aker vei 215 13","caption":"","full_image_url":"https:\/\/www.flexistore.no\/wp-content\/uploads\/2024\/09\/32-format.-Copy-of-Ostre-Aker-vei-215-13.jpg","thumbnail_image_url":"https:\/\/www.flexistore.no\/wp-content\/uploads\/2024\/09\/32-format.-Copy-of-Ostre-Aker-vei-215-13-150x150.jpg","large_srcset":"https:\/\/www.flexistore.no\/wp-content\/uploads\/2024\/09\/32-format.-Copy-of-Ostre-Aker-vei-215-13-1024x683.jpg 1024w, https:\/\/www.flexistore.no\/wp-content\/uploads\/2024\/09\/32-format.-Copy-of-Ostre-Aker-vei-215-13-300x200.jpg 300w, https:\/\/www.flexistore.no\/wp-content\/uploads\/2024\/09\/32-format.-Copy-of-Ostre-Aker-vei-215-13-768x512.jpg 768w, https:\/\/www.flexistore.no\/wp-content\/uploads\/2024\/09\/32-format.-Copy-of-Ostre-Aker-vei-215-13-1536x1024.jpg 1536w, https:\/\/www.flexistore.no\/wp-content\/uploads\/2024\/09\/32-format.-Copy-of-Ostre-Aker-vei-215-13-18x12.jpg 18w, https:\/\/www.flexistore.no\/wp-content\/uploads\/2024\/09\/32-format.-Copy-of-Ostre-Aker-vei-215-13.jpg 2048w","medium_srcset":"https:\/\/www.flexistore.no\/wp-content\/uploads\/2024\/09\/32-format.-Copy-of-Ostre-Aker-vei-215-13-300x200.jpg 300w, https:\/\/www.flexistore.no\/wp-content\/uploads\/2024\/09\/32-format.-Copy-of-Ostre-Aker-vei-215-13-1024x683.jpg 1024w, https:\/\/www.flexistore.no\/wp-content\/uploads\/2024\/09\/32-format.-Copy-of-Ostre-Aker-vei-215-13-768x512.jpg 768w, https:\/\/www.flexistore.no\/wp-content\/uploads\/2024\/09\/32-format.-Copy-of-Ostre-Aker-vei-215-13-1536x1024.jpg 1536w, https:\/\/www.flexistore.no\/wp-content\/uploads\/2024\/09\/32-format.-Copy-of-Ostre-Aker-vei-215-13-18x12.jpg 18w, https:\/\/www.flexistore.no\/wp-content\/uploads\/2024\/09\/32-format.-Copy-of-Ostre-Aker-vei-215-13.jpg 2048w","media_details":{"width":2048,"height":1365,"sizes":{"medium":{"file":"32-format.-Copy-of-Ostre-Aker-vei-215-13-300x200.jpg","width":300,"height":200,"mime-type":"image\/jpeg","filesize":6547,"source_url":"https:\/\/www.flexistore.no\/wp-content\/uploads\/2024\/09\/32-format.-Copy-of-Ostre-Aker-vei-215-13-300x200.jpg"},"large":{"file":"32-format.-Copy-of-Ostre-Aker-vei-215-13-1024x683.jpg","width":1024,"height":683,"mime-type":"image\/jpeg","filesize":46318,"source_url":"https:\/\/www.flexistore.no\/wp-content\/uploads\/2024\/09\/32-format.-Copy-of-Ostre-Aker-vei-215-13-1024x683.jpg"},"thumbnail":{"file":"32-format.-Copy-of-Ostre-Aker-vei-215-13-150x150.jpg","width":150,"height":150,"mime-type":"image\/jpeg","filesize":3322,"source_url":"https:\/\/www.flexistore.no\/wp-content\/uploads\/2024\/09\/32-format.-Copy-of-Ostre-Aker-vei-215-13-150x150.jpg"},"medium_large":{"file":"32-format.-Copy-of-Ostre-Aker-vei-215-13-768x512.jpg","width":768,"height":512,"mime-type":"image\/jpeg","filesize":28282,"source_url":"https:\/\/www.flexistore.no\/wp-content\/uploads\/2024\/09\/32-format.-Copy-of-Ostre-Aker-vei-215-13-768x512.jpg"},"1536x1536":{"file":"32-format.-Copy-of-Ostre-Aker-vei-215-13-1536x1024.jpg","width":1536,"height":1024,"mime-type":"image\/jpeg","filesize":96368,"source_url":"https:\/\/www.flexistore.no\/wp-content\/uploads\/2024\/09\/32-format.-Copy-of-Ostre-Aker-vei-215-13-1536x1024.jpg"},"trp-custom-language-flag":{"file":"32-format.-Copy-of-Ostre-Aker-vei-215-13-18x12.jpg","width":18,"height":12,"mime-type":"image\/jpeg","filesize":865,"source_url":"https:\/\/www.flexistore.no\/wp-content\/uploads\/2024\/09\/32-format.-Copy-of-Ostre-Aker-vei-215-13-18x12.jpg"},"cmplz_banner_image":{"file":"32-format.-Copy-of-Ostre-Aker-vei-215-13-350x100.jpg","width":350,"height":100,"mime-type":"image\/jpeg","filesize":3798,"source_url":"https:\/\/www.flexistore.no\/wp-content\/uploads\/2024\/09\/32-format.-Copy-of-Ostre-Aker-vei-215-13-350x100.jpg"}}},"alt_text":"","url":"","target":""},{"id":5812,"title":"32-format. Copy of \u00d8stre Aker vei 215 25","caption":"","full_image_url":"https:\/\/www.flexistore.no\/wp-content\/uploads\/2024\/09\/32-format.-Copy-of-Ostre-Aker-vei-215-25.jpg","thumbnail_image_url":"https:\/\/www.flexistore.no\/wp-content\/uploads\/2024\/09\/32-format.-Copy-of-Ostre-Aker-vei-215-25-150x150.jpg","large_srcset":"https:\/\/www.flexistore.no\/wp-content\/uploads\/2024\/09\/32-format.-Copy-of-Ostre-Aker-vei-215-25-1024x683.jpg 1024w, https:\/\/www.flexistore.no\/wp-content\/uploads\/2024\/09\/32-format.-Copy-of-Ostre-Aker-vei-215-25-300x200.jpg 300w, https:\/\/www.flexistore.no\/wp-content\/uploads\/2024\/09\/32-format.-Copy-of-Ostre-Aker-vei-215-25-768x512.jpg 768w, https:\/\/www.flexistore.no\/wp-content\/uploads\/2024\/09\/32-format.-Copy-of-Ostre-Aker-vei-215-25-1536x1024.jpg 1536w, https:\/\/www.flexistore.no\/wp-content\/uploads\/2024\/09\/32-format.-Copy-of-Ostre-Aker-vei-215-25-18x12.jpg 18w, https:\/\/www.flexistore.no\/wp-content\/uploads\/2024\/09\/32-format.-Copy-of-Ostre-Aker-vei-215-25.jpg 2048w","medium_srcset":"https:\/\/www.flexistore.no\/wp-content\/uploads\/2024\/09\/32-format.-Copy-of-Ostre-Aker-vei-215-25-300x200.jpg 300w, https:\/\/www.flexistore.no\/wp-content\/uploads\/2024\/09\/32-format.-Copy-of-Ostre-Aker-vei-215-25-1024x683.jpg 1024w, https:\/\/www.flexistore.no\/wp-content\/uploads\/2024\/09\/32-format.-Copy-of-Ostre-Aker-vei-215-25-768x512.jpg 768w, https:\/\/www.flexistore.no\/wp-content\/uploads\/2024\/09\/32-format.-Copy-of-Ostre-Aker-vei-215-25-1536x1024.jpg 1536w, https:\/\/www.flexistore.no\/wp-content\/uploads\/2024\/09\/32-format.-Copy-of-Ostre-Aker-vei-215-25-18x12.jpg 18w, https:\/\/www.flexistore.no\/wp-content\/uploads\/2024\/09\/32-format.-Copy-of-Ostre-Aker-vei-215-25.jpg 2048w","media_details":{"width":2048,"height":1365,"sizes":{"medium":{"file":"32-format.-Copy-of-Ostre-Aker-vei-215-25-300x200.jpg","width":300,"height":200,"mime-type":"image\/jpeg","filesize":6575,"source_url":"https:\/\/www.flexistore.no\/wp-content\/uploads\/2024\/09\/32-format.-Copy-of-Ostre-Aker-vei-215-25-300x200.jpg"},"large":{"file":"32-format.-Copy-of-Ostre-Aker-vei-215-25-1024x683.jpg","width":1024,"height":683,"mime-type":"image\/jpeg","filesize":39314,"source_url":"https:\/\/www.flexistore.no\/wp-content\/uploads\/2024\/09\/32-format.-Copy-of-Ostre-Aker-vei-215-25-1024x683.jpg"},"thumbnail":{"file":"32-format.-Copy-of-Ostre-Aker-vei-215-25-150x150.jpg","width":150,"height":150,"mime-type":"image\/jpeg","filesize":3788,"source_url":"https:\/\/www.flexistore.no\/wp-content\/uploads\/2024\/09\/32-format.-Copy-of-Ostre-Aker-vei-215-25-150x150.jpg"},"medium_large":{"file":"32-format.-Copy-of-Ostre-Aker-vei-215-25-768x512.jpg","width":768,"height":512,"mime-type":"image\/jpeg","filesize":25388,"source_url":"https:\/\/www.flexistore.no\/wp-content\/uploads\/2024\/09\/32-format.-Copy-of-Ostre-Aker-vei-215-25-768x512.jpg"},"1536x1536":{"file":"32-format.-Copy-of-Ostre-Aker-vei-215-25-1536x1024.jpg","width":1536,"height":1024,"mime-type":"image\/jpeg","filesize":78296,"source_url":"https:\/\/www.flexistore.no\/wp-content\/uploads\/2024\/09\/32-format.-Copy-of-Ostre-Aker-vei-215-25-1536x1024.jpg"},"trp-custom-language-flag":{"file":"32-format.-Copy-of-Ostre-Aker-vei-215-25-18x12.jpg","width":18,"height":12,"mime-type":"image\/jpeg","filesize":874,"source_url":"https:\/\/www.flexistore.no\/wp-content\/uploads\/2024\/09\/32-format.-Copy-of-Ostre-Aker-vei-215-25-18x12.jpg"},"cmplz_banner_image":{"file":"32-format.-Copy-of-Ostre-Aker-vei-215-25-350x100.jpg","width":350,"height":100,"mime-type":"image\/jpeg","filesize":4035,"source_url":"https:\/\/www.flexistore.no\/wp-content\/uploads\/2024\/09\/32-format.-Copy-of-Ostre-Aker-vei-215-25-350x100.jpg"}}},"alt_text":"","url":"","target":""},{"id":5814,"title":"32-format. Grorud-fasade","caption":"","full_image_url":"https:\/\/www.flexistore.no\/wp-content\/uploads\/2024\/09\/32-format.-Grorud-fasade.jpg","thumbnail_image_url":"https:\/\/www.flexistore.no\/wp-content\/uploads\/2024\/09\/32-format.-Grorud-fasade-150x150.jpg","large_srcset":"https:\/\/www.flexistore.no\/wp-content\/uploads\/2024\/09\/32-format.-Grorud-fasade-1024x683.jpg 1024w, https:\/\/www.flexistore.no\/wp-content\/uploads\/2024\/09\/32-format.-Grorud-fasade-300x200.jpg 300w, https:\/\/www.flexistore.no\/wp-content\/uploads\/2024\/09\/32-format.-Grorud-fasade-768x512.jpg 768w, https:\/\/www.flexistore.no\/wp-content\/uploads\/2024\/09\/32-format.-Grorud-fasade-1536x1024.jpg 1536w, https:\/\/www.flexistore.no\/wp-content\/uploads\/2024\/09\/32-format.-Grorud-fasade-18x12.jpg 18w, https:\/\/www.flexistore.no\/wp-content\/uploads\/2024\/09\/32-format.-Grorud-fasade.jpg 1797w","medium_srcset":"https:\/\/www.flexistore.no\/wp-content\/uploads\/2024\/09\/32-format.-Grorud-fasade-300x200.jpg 300w, https:\/\/www.flexistore.no\/wp-content\/uploads\/2024\/09\/32-format.-Grorud-fasade-1024x683.jpg 1024w, https:\/\/www.flexistore.no\/wp-content\/uploads\/2024\/09\/32-format.-Grorud-fasade-768x512.jpg 768w, https:\/\/www.flexistore.no\/wp-content\/uploads\/2024\/09\/32-format.-Grorud-fasade-1536x1024.jpg 1536w, https:\/\/www.flexistore.no\/wp-content\/uploads\/2024\/09\/32-format.-Grorud-fasade-18x12.jpg 18w, https:\/\/www.flexistore.no\/wp-content\/uploads\/2024\/09\/32-format.-Grorud-fasade.jpg 1797w","media_details":{"width":1797,"height":1198,"sizes":{"medium":{"file":"32-format.-Grorud-fasade-300x200.jpg","width":300,"height":200,"mime-type":"image\/jpeg","filesize":15619,"source_url":"https:\/\/www.flexistore.no\/wp-content\/uploads\/2024\/09\/32-format.-Grorud-fasade-300x200.jpg"},"large":{"file":"32-format.-Grorud-fasade-1024x683.jpg","width":1024,"height":683,"mime-type":"image\/jpeg","filesize":149147,"source_url":"https:\/\/www.flexistore.no\/wp-content\/uploads\/2024\/09\/32-format.-Grorud-fasade-1024x683.jpg"},"thumbnail":{"file":"32-format.-Grorud-fasade-150x150.jpg","width":150,"height":150,"mime-type":"image\/jpeg","filesize":7004,"source_url":"https:\/\/www.flexistore.no\/wp-content\/uploads\/2024\/09\/32-format.-Grorud-fasade-150x150.jpg"},"medium_large":{"file":"32-format.-Grorud-fasade-768x512.jpg","width":768,"height":512,"mime-type":"image\/jpeg","filesize":84366,"source_url":"https:\/\/www.flexistore.no\/wp-content\/uploads\/2024\/09\/32-format.-Grorud-fasade-768x512.jpg"},"1536x1536":{"file":"32-format.-Grorud-fasade-1536x1024.jpg","width":1536,"height":1024,"mime-type":"image\/jpeg","filesize":319259,"source_url":"https:\/\/www.flexistore.no\/wp-content\/uploads\/2024\/09\/32-format.-Grorud-fasade-1536x1024.jpg"},"trp-custom-language-flag":{"file":"32-format.-Grorud-fasade-18x12.jpg","width":18,"height":12,"mime-type":"image\/jpeg","filesize":900,"source_url":"https:\/\/www.flexistore.no\/wp-content\/uploads\/2024\/09\/32-format.-Grorud-fasade-18x12.jpg"},"cmplz_banner_image":{"file":"32-format.-Grorud-fasade-350x100.jpg","width":350,"height":100,"mime-type":"image\/jpeg","filesize":10034,"source_url":"https:\/\/www.flexistore.no\/wp-content\/uploads\/2024\/09\/32-format.-Grorud-fasade-350x100.jpg"}}},"alt_text":"","url":"","target":""}]]}},"_links":{"self":[{"href":"https:\/\/www.flexistore.no\/en\/wp-json\/wp\/v2\/pages\/4667","targetHints":{"allow":["GET"]}}],"collection":[{"href":"https:\/\/www.flexistore.no\/en\/wp-json\/wp\/v2\/pages"}],"about":[{"href":"https:\/\/www.flexistore.no\/en\/wp-json\/wp\/v2\/types\/page"}],"author":[{"embeddable":true,"href":"https:\/\/www.flexistore.no\/en\/wp-json\/wp\/v2\/users\/1"}],"replies":[{"embeddable":true,"href":"https:\/\/www.flexistore.no\/en\/wp-json\/wp\/v2\/comments?post=4667"}],"version-history":[{"count":7,"href":"https:\/\/www.flexistore.no\/en\/wp-json\/wp\/v2\/pages\/4667\/revisions"}],"predecessor-version":[{"id":5894,"href":"https:\/\/www.flexistore.no\/en\/wp-json\/wp\/v2\/pages\/4667\/revisions\/5894"}],"up":[{"embeddable":true,"href":"https:\/\/www.flexistore.no\/en\/wp-json\/wp\/v2\/pages\/369"}],"wp:attachment":[{"href":"https:\/\/www.flexistore.no\/en\/wp-json\/wp\/v2\/media?parent=4667"}],"curies":[{"name":"wp","href":"https:\/\/api.w.org\/{rel}","templated":true}]}}