{"id":4648,"date":"2023-02-16T12:32:32","date_gmt":"2023-02-16T11:32:32","guid":{"rendered":"https:\/\/www.flexistore.no\/?page_id=4648"},"modified":"2024-02-20T16:44:59","modified_gmt":"2024-02-20T15:44:59","slug":"storgata","status":"publish","type":"page","link":"https:\/\/www.flexistore.no\/en\/minilager\/gjovik\/storgata\/","title":{"rendered":"Storgata"},"content":{"rendered":"","protected":false},"excerpt":{"rendered":"","protected":false},"author":1,"featured_media":0,"parent":4644,"menu_order":0,"comment_status":"closed","ping_status":"closed","template":"","meta":{"_acf_changed":false,"footnotes":""},"class_list":["post-4648","page","type-page","status-publish","hentry"],"acf":{"lokasjonsbilder_karusell-avdeling-undersider":[{"id":4953,"title":"flexistore-minilager-gj\u00f8vik-storgata (1)","caption":"","full_image_url":"https:\/\/www.flexistore.no\/wp-content\/uploads\/2023\/06\/flexistore-minilager-gjovik-storgata-1-scaled.jpg","thumbnail_image_url":"https:\/\/www.flexistore.no\/wp-content\/uploads\/2023\/06\/flexistore-minilager-gjovik-storgata-1-150x150.jpg","large_srcset":"https:\/\/www.flexistore.no\/wp-content\/uploads\/2023\/06\/flexistore-minilager-gjovik-storgata-1-768x1024.jpg 768w, https:\/\/www.flexistore.no\/wp-content\/uploads\/2023\/06\/flexistore-minilager-gjovik-storgata-1-225x300.jpg 225w, https:\/\/www.flexistore.no\/wp-content\/uploads\/2023\/06\/flexistore-minilager-gjovik-storgata-1-1152x1536.jpg 1152w, https:\/\/www.flexistore.no\/wp-content\/uploads\/2023\/06\/flexistore-minilager-gjovik-storgata-1-1536x2048.jpg 1536w, https:\/\/www.flexistore.no\/wp-content\/uploads\/2023\/06\/flexistore-minilager-gjovik-storgata-1-9x12.jpg 9w, https:\/\/www.flexistore.no\/wp-content\/uploads\/2023\/06\/flexistore-minilager-gjovik-storgata-1-scaled.jpg 1920w","medium_srcset":"https:\/\/www.flexistore.no\/wp-content\/uploads\/2023\/06\/flexistore-minilager-gjovik-storgata-1-225x300.jpg 225w, https:\/\/www.flexistore.no\/wp-content\/uploads\/2023\/06\/flexistore-minilager-gjovik-storgata-1-768x1024.jpg 768w, https:\/\/www.flexistore.no\/wp-content\/uploads\/2023\/06\/flexistore-minilager-gjovik-storgata-1-1152x1536.jpg 1152w, https:\/\/www.flexistore.no\/wp-content\/uploads\/2023\/06\/flexistore-minilager-gjovik-storgata-1-1536x2048.jpg 1536w, https:\/\/www.flexistore.no\/wp-content\/uploads\/2023\/06\/flexistore-minilager-gjovik-storgata-1-9x12.jpg 9w, https:\/\/www.flexistore.no\/wp-content\/uploads\/2023\/06\/flexistore-minilager-gjovik-storgata-1-scaled.jpg 1920w","media_details":{"width":1920,"height":2560,"sizes":{"medium":{"file":"flexistore-minilager-gjovik-storgata-1-225x300.jpg","width":225,"height":300,"mime-type":"image\/jpeg","filesize":17698,"source_url":"https:\/\/www.flexistore.no\/wp-content\/uploads\/2023\/06\/flexistore-minilager-gjovik-storgata-1-225x300.jpg"},"large":{"file":"flexistore-minilager-gjovik-storgata-1-768x1024.jpg","width":768,"height":1024,"mime-type":"image\/jpeg","filesize":100241,"source_url":"https:\/\/www.flexistore.no\/wp-content\/uploads\/2023\/06\/flexistore-minilager-gjovik-storgata-1-768x1024.jpg"},"thumbnail":{"file":"flexistore-minilager-gjovik-storgata-1-150x150.jpg","width":150,"height":150,"mime-type":"image\/jpeg","filesize":9373,"source_url":"https:\/\/www.flexistore.no\/wp-content\/uploads\/2023\/06\/flexistore-minilager-gjovik-storgata-1-150x150.jpg"},"medium_large":{"file":"flexistore-minilager-gjovik-storgata-1-768x1024.jpg","width":768,"height":1024,"mime-type":"image\/jpeg","filesize":100241,"source_url":"https:\/\/www.flexistore.no\/wp-content\/uploads\/2023\/06\/flexistore-minilager-gjovik-storgata-1-768x1024.jpg"},"1536x1536":{"file":"flexistore-minilager-gjovik-storgata-1-1152x1536.jpg","width":1152,"height":1536,"mime-type":"image\/jpeg","filesize":189390,"source_url":"https:\/\/www.flexistore.no\/wp-content\/uploads\/2023\/06\/flexistore-minilager-gjovik-storgata-1-1152x1536.jpg"},"2048x2048":{"file":"flexistore-minilager-gjovik-storgata-1-1536x2048.jpg","width":1536,"height":2048,"mime-type":"image\/jpeg","filesize":305199,"source_url":"https:\/\/www.flexistore.no\/wp-content\/uploads\/2023\/06\/flexistore-minilager-gjovik-storgata-1-1536x2048.jpg"},"trp-custom-language-flag":{"file":"flexistore-minilager-gjovik-storgata-1-9x12.jpg","width":9,"height":12,"mime-type":"image\/jpeg","filesize":3400,"source_url":"https:\/\/www.flexistore.no\/wp-content\/uploads\/2023\/06\/flexistore-minilager-gjovik-storgata-1-9x12.jpg"}}},"alt_text":"","url":"","target":""},{"id":4955,"title":"flexistore-minilager-gj\u00f8vik-storgata (3)","caption":"","full_image_url":"https:\/\/www.flexistore.no\/wp-content\/uploads\/2023\/06\/flexistore-minilager-gjovik-storgata-3-scaled.jpg","thumbnail_image_url":"https:\/\/www.flexistore.no\/wp-content\/uploads\/2023\/06\/flexistore-minilager-gjovik-storgata-3-150x150.jpg","large_srcset":"https:\/\/www.flexistore.no\/wp-content\/uploads\/2023\/06\/flexistore-minilager-gjovik-storgata-3-768x1024.jpg 768w, https:\/\/www.flexistore.no\/wp-content\/uploads\/2023\/06\/flexistore-minilager-gjovik-storgata-3-225x300.jpg 225w, https:\/\/www.flexistore.no\/wp-content\/uploads\/2023\/06\/flexistore-minilager-gjovik-storgata-3-1152x1536.jpg 1152w, https:\/\/www.flexistore.no\/wp-content\/uploads\/2023\/06\/flexistore-minilager-gjovik-storgata-3-1536x2048.jpg 1536w, https:\/\/www.flexistore.no\/wp-content\/uploads\/2023\/06\/flexistore-minilager-gjovik-storgata-3-9x12.jpg 9w, https:\/\/www.flexistore.no\/wp-content\/uploads\/2023\/06\/flexistore-minilager-gjovik-storgata-3-scaled.jpg 1920w","medium_srcset":"https:\/\/www.flexistore.no\/wp-content\/uploads\/2023\/06\/flexistore-minilager-gjovik-storgata-3-225x300.jpg 225w, https:\/\/www.flexistore.no\/wp-content\/uploads\/2023\/06\/flexistore-minilager-gjovik-storgata-3-768x1024.jpg 768w, https:\/\/www.flexistore.no\/wp-content\/uploads\/2023\/06\/flexistore-minilager-gjovik-storgata-3-1152x1536.jpg 1152w, https:\/\/www.flexistore.no\/wp-content\/uploads\/2023\/06\/flexistore-minilager-gjovik-storgata-3-1536x2048.jpg 1536w, https:\/\/www.flexistore.no\/wp-content\/uploads\/2023\/06\/flexistore-minilager-gjovik-storgata-3-9x12.jpg 9w, https:\/\/www.flexistore.no\/wp-content\/uploads\/2023\/06\/flexistore-minilager-gjovik-storgata-3-scaled.jpg 1920w","media_details":{"width":1920,"height":2560,"sizes":{"medium":{"file":"flexistore-minilager-gjovik-storgata-3-225x300.jpg","width":225,"height":300,"mime-type":"image\/jpeg","filesize":12714,"source_url":"https:\/\/www.flexistore.no\/wp-content\/uploads\/2023\/06\/flexistore-minilager-gjovik-storgata-3-225x300.jpg"},"large":{"file":"flexistore-minilager-gjovik-storgata-3-768x1024.jpg","width":768,"height":1024,"mime-type":"image\/jpeg","filesize":77797,"source_url":"https:\/\/www.flexistore.no\/wp-content\/uploads\/2023\/06\/flexistore-minilager-gjovik-storgata-3-768x1024.jpg"},"thumbnail":{"file":"flexistore-minilager-gjovik-storgata-3-150x150.jpg","width":150,"height":150,"mime-type":"image\/jpeg","filesize":7093,"source_url":"https:\/\/www.flexistore.no\/wp-content\/uploads\/2023\/06\/flexistore-minilager-gjovik-storgata-3-150x150.jpg"},"medium_large":{"file":"flexistore-minilager-gjovik-storgata-3-768x1024.jpg","width":768,"height":1024,"mime-type":"image\/jpeg","filesize":77797,"source_url":"https:\/\/www.flexistore.no\/wp-content\/uploads\/2023\/06\/flexistore-minilager-gjovik-storgata-3-768x1024.jpg"},"1536x1536":{"file":"flexistore-minilager-gjovik-storgata-3-1152x1536.jpg","width":1152,"height":1536,"mime-type":"image\/jpeg","filesize":155389,"source_url":"https:\/\/www.flexistore.no\/wp-content\/uploads\/2023\/06\/flexistore-minilager-gjovik-storgata-3-1152x1536.jpg"},"2048x2048":{"file":"flexistore-minilager-gjovik-storgata-3-1536x2048.jpg","width":1536,"height":2048,"mime-type":"image\/jpeg","filesize":267186,"source_url":"https:\/\/www.flexistore.no\/wp-content\/uploads\/2023\/06\/flexistore-minilager-gjovik-storgata-3-1536x2048.jpg"},"trp-custom-language-flag":{"file":"flexistore-minilager-gjovik-storgata-3-9x12.jpg","width":9,"height":12,"mime-type":"image\/jpeg","filesize":3365,"source_url":"https:\/\/www.flexistore.no\/wp-content\/uploads\/2023\/06\/flexistore-minilager-gjovik-storgata-3-9x12.jpg"}}},"alt_text":"","url":"","target":""}],"herobilde-avdeling-undersider":{"ID":4664,"id":4664,"title":"Minilager-Storgata-Gjovik","filename":"Minilager-Storgata-Gjovik.jpg","filesize":215615,"url":"https:\/\/www.flexistore.no\/wp-content\/uploads\/2023\/02\/Minilager-Storgata-Gjovik.jpg","link":"https:\/\/www.flexistore.no\/en\/minilager\/gjovik\/storgata\/attachment\/minilager-storgata-gjovik\/","alt":"Minilager Gj\u00f8vik","author":"1","description":"","caption":"","name":"minilager-storgata-gjovik","status":"inherit","uploaded_to":4648,"date":"2023-02-16 11:49:04","modified":"2024-05-22 07:19:52","menu_order":0,"mime_type":"image\/jpeg","type":"image","subtype":"jpeg","icon":"https:\/\/www.flexistore.no\/wp-includes\/images\/media\/default.png","width":2560,"height":1707,"sizes":{"thumbnail":"https:\/\/www.flexistore.no\/wp-content\/uploads\/2023\/02\/Minilager-Storgata-Gjovik-150x150.jpg","thumbnail-width":150,"thumbnail-height":150,"medium":"https:\/\/www.flexistore.no\/wp-content\/uploads\/2023\/02\/Minilager-Storgata-Gjovik-300x200.jpg","medium-width":300,"medium-height":200,"medium_large":"https:\/\/www.flexistore.no\/wp-content\/uploads\/2023\/02\/Minilager-Storgata-Gjovik-768x512.jpg","medium_large-width":768,"medium_large-height":512,"large":"https:\/\/www.flexistore.no\/wp-content\/uploads\/2023\/02\/Minilager-Storgata-Gjovik-1024x683.jpg","large-width":800,"large-height":534,"1536x1536":"https:\/\/www.flexistore.no\/wp-content\/uploads\/2023\/02\/Minilager-Storgata-Gjovik-1536x1024.jpg","1536x1536-width":1536,"1536x1536-height":1024,"2048x2048":"https:\/\/www.flexistore.no\/wp-content\/uploads\/2023\/02\/Minilager-Storgata-Gjovik-2048x1366.jpg","2048x2048-width":2048,"2048x2048-height":1366,"trp-custom-language-flag":"https:\/\/www.flexistore.no\/wp-content\/uploads\/2023\/02\/Minilager-Storgata-Gjovik-18x12.jpg","trp-custom-language-flag-width":18,"trp-custom-language-flag-height":12}},"adresse-avdeling-undersider":"Storgata 7, 2815 Gj\u00f8vik","google_my_business_tittel-avdeling-undersider":"Flexistore minilager avd. Storgata","ikonliste_1-avdeling-undersider":"D\u00f8gn\u00e5pent og selvbetjent","ikonliste_2-avdeling-undersider":"Innend\u00f8rs og temperert","ikonliste_3-avdeling-undersider":"Lett tilgjengelig","ikonliste_4-avdeling-undersider":"Gratis kundeparkering","ikonliste_5-avdeling-undersider":"N\u00e6rme kollektivt","tekst_ikke_apnet_enda-avdeling-undersider":"","latitude-avdeling-undersider":"60.795430","longitude-avdeling-undersider":"10.689998","photo_gallery":{"lokasjonsbilder_karusell-avdeling-undersider":[[{"id":4953,"title":"flexistore-minilager-gj\u00f8vik-storgata (1)","caption":"","full_image_url":"https:\/\/www.flexistore.no\/wp-content\/uploads\/2023\/06\/flexistore-minilager-gjovik-storgata-1-scaled.jpg","thumbnail_image_url":"https:\/\/www.flexistore.no\/wp-content\/uploads\/2023\/06\/flexistore-minilager-gjovik-storgata-1-150x150.jpg","large_srcset":"https:\/\/www.flexistore.no\/wp-content\/uploads\/2023\/06\/flexistore-minilager-gjovik-storgata-1-768x1024.jpg 768w, https:\/\/www.flexistore.no\/wp-content\/uploads\/2023\/06\/flexistore-minilager-gjovik-storgata-1-225x300.jpg 225w, https:\/\/www.flexistore.no\/wp-content\/uploads\/2023\/06\/flexistore-minilager-gjovik-storgata-1-1152x1536.jpg 1152w, https:\/\/www.flexistore.no\/wp-content\/uploads\/2023\/06\/flexistore-minilager-gjovik-storgata-1-1536x2048.jpg 1536w, https:\/\/www.flexistore.no\/wp-content\/uploads\/2023\/06\/flexistore-minilager-gjovik-storgata-1-9x12.jpg 9w, https:\/\/www.flexistore.no\/wp-content\/uploads\/2023\/06\/flexistore-minilager-gjovik-storgata-1-scaled.jpg 1920w","medium_srcset":"https:\/\/www.flexistore.no\/wp-content\/uploads\/2023\/06\/flexistore-minilager-gjovik-storgata-1-225x300.jpg 225w, https:\/\/www.flexistore.no\/wp-content\/uploads\/2023\/06\/flexistore-minilager-gjovik-storgata-1-768x1024.jpg 768w, https:\/\/www.flexistore.no\/wp-content\/uploads\/2023\/06\/flexistore-minilager-gjovik-storgata-1-1152x1536.jpg 1152w, https:\/\/www.flexistore.no\/wp-content\/uploads\/2023\/06\/flexistore-minilager-gjovik-storgata-1-1536x2048.jpg 1536w, https:\/\/www.flexistore.no\/wp-content\/uploads\/2023\/06\/flexistore-minilager-gjovik-storgata-1-9x12.jpg 9w, https:\/\/www.flexistore.no\/wp-content\/uploads\/2023\/06\/flexistore-minilager-gjovik-storgata-1-scaled.jpg 1920w","media_details":{"width":1920,"height":2560,"sizes":{"medium":{"file":"flexistore-minilager-gjovik-storgata-1-225x300.jpg","width":225,"height":300,"mime-type":"image\/jpeg","filesize":17698,"source_url":"https:\/\/www.flexistore.no\/wp-content\/uploads\/2023\/06\/flexistore-minilager-gjovik-storgata-1-225x300.jpg"},"large":{"file":"flexistore-minilager-gjovik-storgata-1-768x1024.jpg","width":768,"height":1024,"mime-type":"image\/jpeg","filesize":100241,"source_url":"https:\/\/www.flexistore.no\/wp-content\/uploads\/2023\/06\/flexistore-minilager-gjovik-storgata-1-768x1024.jpg"},"thumbnail":{"file":"flexistore-minilager-gjovik-storgata-1-150x150.jpg","width":150,"height":150,"mime-type":"image\/jpeg","filesize":9373,"source_url":"https:\/\/www.flexistore.no\/wp-content\/uploads\/2023\/06\/flexistore-minilager-gjovik-storgata-1-150x150.jpg"},"medium_large":{"file":"flexistore-minilager-gjovik-storgata-1-768x1024.jpg","width":768,"height":1024,"mime-type":"image\/jpeg","filesize":100241,"source_url":"https:\/\/www.flexistore.no\/wp-content\/uploads\/2023\/06\/flexistore-minilager-gjovik-storgata-1-768x1024.jpg"},"1536x1536":{"file":"flexistore-minilager-gjovik-storgata-1-1152x1536.jpg","width":1152,"height":1536,"mime-type":"image\/jpeg","filesize":189390,"source_url":"https:\/\/www.flexistore.no\/wp-content\/uploads\/2023\/06\/flexistore-minilager-gjovik-storgata-1-1152x1536.jpg"},"2048x2048":{"file":"flexistore-minilager-gjovik-storgata-1-1536x2048.jpg","width":1536,"height":2048,"mime-type":"image\/jpeg","filesize":305199,"source_url":"https:\/\/www.flexistore.no\/wp-content\/uploads\/2023\/06\/flexistore-minilager-gjovik-storgata-1-1536x2048.jpg"},"trp-custom-language-flag":{"file":"flexistore-minilager-gjovik-storgata-1-9x12.jpg","width":9,"height":12,"mime-type":"image\/jpeg","filesize":3400,"source_url":"https:\/\/www.flexistore.no\/wp-content\/uploads\/2023\/06\/flexistore-minilager-gjovik-storgata-1-9x12.jpg"}}},"alt_text":"","url":"","target":""},{"id":4955,"title":"flexistore-minilager-gj\u00f8vik-storgata (3)","caption":"","full_image_url":"https:\/\/www.flexistore.no\/wp-content\/uploads\/2023\/06\/flexistore-minilager-gjovik-storgata-3-scaled.jpg","thumbnail_image_url":"https:\/\/www.flexistore.no\/wp-content\/uploads\/2023\/06\/flexistore-minilager-gjovik-storgata-3-150x150.jpg","large_srcset":"https:\/\/www.flexistore.no\/wp-content\/uploads\/2023\/06\/flexistore-minilager-gjovik-storgata-3-768x1024.jpg 768w, https:\/\/www.flexistore.no\/wp-content\/uploads\/2023\/06\/flexistore-minilager-gjovik-storgata-3-225x300.jpg 225w, https:\/\/www.flexistore.no\/wp-content\/uploads\/2023\/06\/flexistore-minilager-gjovik-storgata-3-1152x1536.jpg 1152w, https:\/\/www.flexistore.no\/wp-content\/uploads\/2023\/06\/flexistore-minilager-gjovik-storgata-3-1536x2048.jpg 1536w, https:\/\/www.flexistore.no\/wp-content\/uploads\/2023\/06\/flexistore-minilager-gjovik-storgata-3-9x12.jpg 9w, https:\/\/www.flexistore.no\/wp-content\/uploads\/2023\/06\/flexistore-minilager-gjovik-storgata-3-scaled.jpg 1920w","medium_srcset":"https:\/\/www.flexistore.no\/wp-content\/uploads\/2023\/06\/flexistore-minilager-gjovik-storgata-3-225x300.jpg 225w, https:\/\/www.flexistore.no\/wp-content\/uploads\/2023\/06\/flexistore-minilager-gjovik-storgata-3-768x1024.jpg 768w, https:\/\/www.flexistore.no\/wp-content\/uploads\/2023\/06\/flexistore-minilager-gjovik-storgata-3-1152x1536.jpg 1152w, https:\/\/www.flexistore.no\/wp-content\/uploads\/2023\/06\/flexistore-minilager-gjovik-storgata-3-1536x2048.jpg 1536w, https:\/\/www.flexistore.no\/wp-content\/uploads\/2023\/06\/flexistore-minilager-gjovik-storgata-3-9x12.jpg 9w, https:\/\/www.flexistore.no\/wp-content\/uploads\/2023\/06\/flexistore-minilager-gjovik-storgata-3-scaled.jpg 1920w","media_details":{"width":1920,"height":2560,"sizes":{"medium":{"file":"flexistore-minilager-gjovik-storgata-3-225x300.jpg","width":225,"height":300,"mime-type":"image\/jpeg","filesize":12714,"source_url":"https:\/\/www.flexistore.no\/wp-content\/uploads\/2023\/06\/flexistore-minilager-gjovik-storgata-3-225x300.jpg"},"large":{"file":"flexistore-minilager-gjovik-storgata-3-768x1024.jpg","width":768,"height":1024,"mime-type":"image\/jpeg","filesize":77797,"source_url":"https:\/\/www.flexistore.no\/wp-content\/uploads\/2023\/06\/flexistore-minilager-gjovik-storgata-3-768x1024.jpg"},"thumbnail":{"file":"flexistore-minilager-gjovik-storgata-3-150x150.jpg","width":150,"height":150,"mime-type":"image\/jpeg","filesize":7093,"source_url":"https:\/\/www.flexistore.no\/wp-content\/uploads\/2023\/06\/flexistore-minilager-gjovik-storgata-3-150x150.jpg"},"medium_large":{"file":"flexistore-minilager-gjovik-storgata-3-768x1024.jpg","width":768,"height":1024,"mime-type":"image\/jpeg","filesize":77797,"source_url":"https:\/\/www.flexistore.no\/wp-content\/uploads\/2023\/06\/flexistore-minilager-gjovik-storgata-3-768x1024.jpg"},"1536x1536":{"file":"flexistore-minilager-gjovik-storgata-3-1152x1536.jpg","width":1152,"height":1536,"mime-type":"image\/jpeg","filesize":155389,"source_url":"https:\/\/www.flexistore.no\/wp-content\/uploads\/2023\/06\/flexistore-minilager-gjovik-storgata-3-1152x1536.jpg"},"2048x2048":{"file":"flexistore-minilager-gjovik-storgata-3-1536x2048.jpg","width":1536,"height":2048,"mime-type":"image\/jpeg","filesize":267186,"source_url":"https:\/\/www.flexistore.no\/wp-content\/uploads\/2023\/06\/flexistore-minilager-gjovik-storgata-3-1536x2048.jpg"},"trp-custom-language-flag":{"file":"flexistore-minilager-gjovik-storgata-3-9x12.jpg","width":9,"height":12,"mime-type":"image\/jpeg","filesize":3365,"source_url":"https:\/\/www.flexistore.no\/wp-content\/uploads\/2023\/06\/flexistore-minilager-gjovik-storgata-3-9x12.jpg"}}},"alt_text":"","url":"","target":""}]]}},"_links":{"self":[{"href":"https:\/\/www.flexistore.no\/en\/wp-json\/wp\/v2\/pages\/4648","targetHints":{"allow":["GET"]}}],"collection":[{"href":"https:\/\/www.flexistore.no\/en\/wp-json\/wp\/v2\/pages"}],"about":[{"href":"https:\/\/www.flexistore.no\/en\/wp-json\/wp\/v2\/types\/page"}],"author":[{"embeddable":true,"href":"https:\/\/www.flexistore.no\/en\/wp-json\/wp\/v2\/users\/1"}],"replies":[{"embeddable":true,"href":"https:\/\/www.flexistore.no\/en\/wp-json\/wp\/v2\/comments?post=4648"}],"version-history":[{"count":4,"href":"https:\/\/www.flexistore.no\/en\/wp-json\/wp\/v2\/pages\/4648\/revisions"}],"predecessor-version":[{"id":5096,"href":"https:\/\/www.flexistore.no\/en\/wp-json\/wp\/v2\/pages\/4648\/revisions\/5096"}],"up":[{"embeddable":true,"href":"https:\/\/www.flexistore.no\/en\/wp-json\/wp\/v2\/pages\/4644"}],"wp:attachment":[{"href":"https:\/\/www.flexistore.no\/en\/wp-json\/wp\/v2\/media?parent=4648"}],"curies":[{"name":"wp","href":"https:\/\/api.w.org\/{rel}","templated":true}]}}