{"id":391,"date":"2022-02-24T17:59:00","date_gmt":"2022-02-24T16:59:00","guid":{"rendered":"http:\/\/www.flexistore.no\/?page_id=391"},"modified":"2024-09-25T14:12:08","modified_gmt":"2024-09-25T13:12:08","slug":"okern","status":"publish","type":"page","link":"https:\/\/www.flexistore.no\/en\/minilager\/oslo\/okern\/","title":{"rendered":"\u00d8kern"},"content":{"rendered":"","protected":false},"excerpt":{"rendered":"","protected":false},"author":8,"featured_media":0,"parent":369,"menu_order":0,"comment_status":"closed","ping_status":"closed","template":"","meta":{"_acf_changed":false,"footnotes":""},"class_list":["post-391","page","type-page","status-publish","hentry"],"acf":{"lokasjonsbilder_karusell-avdeling-undersider":[{"id":5831,"title":"32 format. Desert facade","caption":"","full_image_url":"https:\/\/www.flexistore.no\/wp-content\/uploads\/2024\/09\/32-format.-Okern-fasade.jpg","thumbnail_image_url":"https:\/\/www.flexistore.no\/wp-content\/uploads\/2024\/09\/32-format.-Okern-fasade-150x150.jpg","large_srcset":"https:\/\/www.flexistore.no\/wp-content\/uploads\/2024\/09\/32-format.-Okern-fasade-1024x682.jpg 1024w, https:\/\/www.flexistore.no\/wp-content\/uploads\/2024\/09\/32-format.-Okern-fasade-300x200.jpg 300w, https:\/\/www.flexistore.no\/wp-content\/uploads\/2024\/09\/32-format.-Okern-fasade-768x512.jpg 768w, https:\/\/www.flexistore.no\/wp-content\/uploads\/2024\/09\/32-format.-Okern-fasade-18x12.jpg 18w, https:\/\/www.flexistore.no\/wp-content\/uploads\/2024\/09\/32-format.-Okern-fasade.jpg 1067w","medium_srcset":"https:\/\/www.flexistore.no\/wp-content\/uploads\/2024\/09\/32-format.-Okern-fasade-300x200.jpg 300w, https:\/\/www.flexistore.no\/wp-content\/uploads\/2024\/09\/32-format.-Okern-fasade-1024x682.jpg 1024w, https:\/\/www.flexistore.no\/wp-content\/uploads\/2024\/09\/32-format.-Okern-fasade-768x512.jpg 768w, https:\/\/www.flexistore.no\/wp-content\/uploads\/2024\/09\/32-format.-Okern-fasade-18x12.jpg 18w, https:\/\/www.flexistore.no\/wp-content\/uploads\/2024\/09\/32-format.-Okern-fasade.jpg 1067w","media_details":{"width":1067,"height":711,"sizes":{"medium":{"file":"32-format.-Okern-fasade-300x200.jpg","width":300,"height":200,"mime-type":"image\/jpeg","filesize":12839,"source_url":"https:\/\/www.flexistore.no\/wp-content\/uploads\/2024\/09\/32-format.-Okern-fasade-300x200.jpg"},"large":{"file":"32-format.-Okern-fasade-1024x682.jpg","width":1024,"height":682,"mime-type":"image\/jpeg","filesize":99724,"source_url":"https:\/\/www.flexistore.no\/wp-content\/uploads\/2024\/09\/32-format.-Okern-fasade-1024x682.jpg"},"thumbnail":{"file":"32-format.-Okern-fasade-150x150.jpg","width":150,"height":150,"mime-type":"image\/jpeg","filesize":6277,"source_url":"https:\/\/www.flexistore.no\/wp-content\/uploads\/2024\/09\/32-format.-Okern-fasade-150x150.jpg"},"medium_large":{"file":"32-format.-Okern-fasade-768x512.jpg","width":768,"height":512,"mime-type":"image\/jpeg","filesize":61982,"source_url":"https:\/\/www.flexistore.no\/wp-content\/uploads\/2024\/09\/32-format.-Okern-fasade-768x512.jpg"},"trp-custom-language-flag":{"file":"32-format.-Okern-fasade-18x12.jpg","width":18,"height":12,"mime-type":"image\/jpeg","filesize":920,"source_url":"https:\/\/www.flexistore.no\/wp-content\/uploads\/2024\/09\/32-format.-Okern-fasade-18x12.jpg"},"cmplz_banner_image":{"file":"32-format.-Okern-fasade-350x100.jpg","width":350,"height":100,"mime-type":"image\/jpeg","filesize":8608,"source_url":"https:\/\/www.flexistore.no\/wp-content\/uploads\/2024\/09\/32-format.-Okern-fasade-350x100.jpg"}}},"alt_text":"","url":"","target":""},{"id":5779,"title":"32 format. Copy of FlexistoreKvaernerbyen2019-27","caption":"","full_image_url":"https:\/\/www.flexistore.no\/wp-content\/uploads\/2024\/09\/32-format.-Copy-of-FlexistoreKvaernerbyen2019-27.jpg","thumbnail_image_url":"https:\/\/www.flexistore.no\/wp-content\/uploads\/2024\/09\/32-format.-Copy-of-FlexistoreKvaernerbyen2019-27-150x150.jpg","large_srcset":"https:\/\/www.flexistore.no\/wp-content\/uploads\/2024\/09\/32-format.-Copy-of-FlexistoreKvaernerbyen2019-27-1024x682.jpg 1024w, https:\/\/www.flexistore.no\/wp-content\/uploads\/2024\/09\/32-format.-Copy-of-FlexistoreKvaernerbyen2019-27-300x200.jpg 300w, https:\/\/www.flexistore.no\/wp-content\/uploads\/2024\/09\/32-format.-Copy-of-FlexistoreKvaernerbyen2019-27-768x512.jpg 768w, https:\/\/www.flexistore.no\/wp-content\/uploads\/2024\/09\/32-format.-Copy-of-FlexistoreKvaernerbyen2019-27-18x12.jpg 18w, https:\/\/www.flexistore.no\/wp-content\/uploads\/2024\/09\/32-format.-Copy-of-FlexistoreKvaernerbyen2019-27.jpg 1280w","medium_srcset":"https:\/\/www.flexistore.no\/wp-content\/uploads\/2024\/09\/32-format.-Copy-of-FlexistoreKvaernerbyen2019-27-300x200.jpg 300w, https:\/\/www.flexistore.no\/wp-content\/uploads\/2024\/09\/32-format.-Copy-of-FlexistoreKvaernerbyen2019-27-1024x682.jpg 1024w, https:\/\/www.flexistore.no\/wp-content\/uploads\/2024\/09\/32-format.-Copy-of-FlexistoreKvaernerbyen2019-27-768x512.jpg 768w, https:\/\/www.flexistore.no\/wp-content\/uploads\/2024\/09\/32-format.-Copy-of-FlexistoreKvaernerbyen2019-27-18x12.jpg 18w, https:\/\/www.flexistore.no\/wp-content\/uploads\/2024\/09\/32-format.-Copy-of-FlexistoreKvaernerbyen2019-27.jpg 1280w","media_details":{"width":1280,"height":853,"sizes":{"medium":{"file":"32-format.-Copy-of-FlexistoreKvaernerbyen2019-27-300x200.jpg","width":300,"height":200,"mime-type":"image\/jpeg","filesize":6639,"source_url":"https:\/\/www.flexistore.no\/wp-content\/uploads\/2024\/09\/32-format.-Copy-of-FlexistoreKvaernerbyen2019-27-300x200.jpg"},"large":{"file":"32-format.-Copy-of-FlexistoreKvaernerbyen2019-27-1024x682.jpg","width":1024,"height":682,"mime-type":"image\/jpeg","filesize":47922,"source_url":"https:\/\/www.flexistore.no\/wp-content\/uploads\/2024\/09\/32-format.-Copy-of-FlexistoreKvaernerbyen2019-27-1024x682.jpg"},"thumbnail":{"file":"32-format.-Copy-of-FlexistoreKvaernerbyen2019-27-150x150.jpg","width":150,"height":150,"mime-type":"image\/jpeg","filesize":3839,"source_url":"https:\/\/www.flexistore.no\/wp-content\/uploads\/2024\/09\/32-format.-Copy-of-FlexistoreKvaernerbyen2019-27-150x150.jpg"},"medium_large":{"file":"32-format.-Copy-of-FlexistoreKvaernerbyen2019-27-768x512.jpg","width":768,"height":512,"mime-type":"image\/jpeg","filesize":28406,"source_url":"https:\/\/www.flexistore.no\/wp-content\/uploads\/2024\/09\/32-format.-Copy-of-FlexistoreKvaernerbyen2019-27-768x512.jpg"},"trp-custom-language-flag":{"file":"32-format.-Copy-of-FlexistoreKvaernerbyen2019-27-18x12.jpg","width":18,"height":12,"mime-type":"image\/jpeg","filesize":860,"source_url":"https:\/\/www.flexistore.no\/wp-content\/uploads\/2024\/09\/32-format.-Copy-of-FlexistoreKvaernerbyen2019-27-18x12.jpg"},"cmplz_banner_image":{"file":"32-format.-Copy-of-FlexistoreKvaernerbyen2019-27-350x100.jpg","width":350,"height":100,"mime-type":"image\/jpeg","filesize":3873,"source_url":"https:\/\/www.flexistore.no\/wp-content\/uploads\/2024\/09\/32-format.-Copy-of-FlexistoreKvaernerbyen2019-27-350x100.jpg"}}},"alt_text":"","url":"","target":""},{"id":2816,"title":"Flexistore-Mini warehouse","caption":"","full_image_url":"https:\/\/www.flexistore.no\/wp-content\/uploads\/2022\/05\/Flexistore-Minilager.jpg","thumbnail_image_url":"https:\/\/www.flexistore.no\/wp-content\/uploads\/2022\/05\/Flexistore-Minilager-150x150.jpg","large_srcset":"https:\/\/www.flexistore.no\/wp-content\/uploads\/2022\/05\/Flexistore-Minilager-1024x637.jpg 1024w, https:\/\/www.flexistore.no\/wp-content\/uploads\/2022\/05\/Flexistore-Minilager-300x187.jpg 300w, https:\/\/www.flexistore.no\/wp-content\/uploads\/2022\/05\/Flexistore-Minilager-768x478.jpg 768w, https:\/\/www.flexistore.no\/wp-content\/uploads\/2022\/05\/Flexistore-Minilager-1536x956.jpg 1536w, https:\/\/www.flexistore.no\/wp-content\/uploads\/2022\/05\/Flexistore-Minilager-2048x1274.jpg 2048w, https:\/\/www.flexistore.no\/wp-content\/uploads\/2022\/05\/Flexistore-Minilager-18x12.jpg 18w","medium_srcset":"https:\/\/www.flexistore.no\/wp-content\/uploads\/2022\/05\/Flexistore-Minilager-300x187.jpg 300w, https:\/\/www.flexistore.no\/wp-content\/uploads\/2022\/05\/Flexistore-Minilager-1024x637.jpg 1024w, https:\/\/www.flexistore.no\/wp-content\/uploads\/2022\/05\/Flexistore-Minilager-768x478.jpg 768w, https:\/\/www.flexistore.no\/wp-content\/uploads\/2022\/05\/Flexistore-Minilager-1536x956.jpg 1536w, https:\/\/www.flexistore.no\/wp-content\/uploads\/2022\/05\/Flexistore-Minilager-2048x1274.jpg 2048w, https:\/\/www.flexistore.no\/wp-content\/uploads\/2022\/05\/Flexistore-Minilager-18x12.jpg 18w","media_details":{"width":2560,"height":1593,"sizes":{"medium":{"file":"Flexistore-Minilager-300x187.jpg","width":300,"height":187,"mime-type":"image\/jpeg","source_url":"https:\/\/www.flexistore.no\/wp-content\/uploads\/2022\/05\/Flexistore-Minilager-300x187.jpg"},"large":{"file":"Flexistore-Minilager-1024x637.jpg","width":1024,"height":637,"mime-type":"image\/jpeg","source_url":"https:\/\/www.flexistore.no\/wp-content\/uploads\/2022\/05\/Flexistore-Minilager-1024x637.jpg"},"thumbnail":{"file":"Flexistore-Minilager-150x150.jpg","width":150,"height":150,"mime-type":"image\/jpeg","source_url":"https:\/\/www.flexistore.no\/wp-content\/uploads\/2022\/05\/Flexistore-Minilager-150x150.jpg"},"medium_large":{"file":"Flexistore-Minilager-768x478.jpg","width":768,"height":478,"mime-type":"image\/jpeg","source_url":"https:\/\/www.flexistore.no\/wp-content\/uploads\/2022\/05\/Flexistore-Minilager-768x478.jpg"},"1536x1536":{"file":"Flexistore-Minilager-1536x956.jpg","width":1536,"height":956,"mime-type":"image\/jpeg","source_url":"https:\/\/www.flexistore.no\/wp-content\/uploads\/2022\/05\/Flexistore-Minilager-1536x956.jpg"},"2048x2048":{"file":"Flexistore-Minilager-2048x1274.jpg","width":2048,"height":1274,"mime-type":"image\/jpeg","source_url":"https:\/\/www.flexistore.no\/wp-content\/uploads\/2022\/05\/Flexistore-Minilager-2048x1274.jpg"},"trp-custom-language-flag":{"file":"Flexistore-Minilager-18x12.jpg","width":18,"height":12,"mime-type":"image\/jpeg","source_url":"https:\/\/www.flexistore.no\/wp-content\/uploads\/2022\/05\/Flexistore-Minilager-18x12.jpg"}}},"alt_text":"","url":"","target":""}],"herobilde-avdeling-undersider":{"ID":812,"id":812,"title":"Minilager \u00d8kern","filename":"Minilager-Okern.jpg","filesize":44310,"url":"https:\/\/www.flexistore.no\/wp-content\/uploads\/2022\/03\/Minilager-Okern.jpg","link":"https:\/\/www.flexistore.no\/en\/minilager\/oslo\/okern\/attachment\/minilager-okern\/","alt":"Minilager \u00d8kern","author":"1","description":"","caption":"","name":"minilager-okern","status":"inherit","uploaded_to":391,"date":"2022-03-24 16:47:40","modified":"2022-03-24 16:47:48","menu_order":0,"mime_type":"image\/jpeg","type":"image","subtype":"jpeg","icon":"https:\/\/www.flexistore.no\/wp-includes\/images\/media\/default.png","width":2560,"height":1707,"sizes":{"thumbnail":"https:\/\/www.flexistore.no\/wp-content\/uploads\/2022\/03\/Minilager-Okern-150x150.jpg","thumbnail-width":150,"thumbnail-height":150,"medium":"https:\/\/www.flexistore.no\/wp-content\/uploads\/2022\/03\/Minilager-Okern-300x200.jpg","medium-width":300,"medium-height":200,"medium_large":"https:\/\/www.flexistore.no\/wp-content\/uploads\/2022\/03\/Minilager-Okern-768x512.jpg","medium_large-width":768,"medium_large-height":512,"large":"https:\/\/www.flexistore.no\/wp-content\/uploads\/2022\/03\/Minilager-Okern-1024x683.jpg","large-width":800,"large-height":534,"1536x1536":"https:\/\/www.flexistore.no\/wp-content\/uploads\/2022\/03\/Minilager-Okern-1536x1024.jpg","1536x1536-width":1536,"1536x1536-height":1024,"2048x2048":"https:\/\/www.flexistore.no\/wp-content\/uploads\/2022\/03\/Minilager-Okern-2048x1366.jpg","2048x2048-width":2048,"2048x2048-height":1366,"trp-custom-language-flag":"https:\/\/www.flexistore.no\/wp-content\/uploads\/2022\/03\/Minilager-Okern.jpg","trp-custom-language-flag-width":18,"trp-custom-language-flag-height":12}},"adresse-avdeling-undersider":"Selma Ellefsens vei 10, 0581 Oslo","google_my_business_tittel-avdeling-undersider":"<a style=\"text-decoration: none; color: #000\" target=\"_blank\" href=\"https:\/\/www.google.com\/maps\/place\/Selma+Ellefsens+Vei+10,+0581+Oslo,+Norway\/data=!4m2!3m1!1s0x46416e4b3690d3ef:0xcdeba868669070e2?sa=X&ved=1t:242&ictx=111\">Flexistore Minilager avd. \u00d8kern<\/a>","ikonliste_1-avdeling-undersider":"D\u00f8gn\u00e5pent og selvbetjent","ikonliste_2-avdeling-undersider":"Innend\u00f8rs og temperert","ikonliste_3-avdeling-undersider":"Lett tilgjengelig","ikonliste_4-avdeling-undersider":"Gratis kundeparkering","ikonliste_5-avdeling-undersider":"N\u00e6rme kollektivt","tekst_ikke_apnet_enda-avdeling-undersider":"","latitude-avdeling-undersider":"59.92679599877921","longitude-avdeling-undersider":"10.803828481890328","facility_id":"1843c50a-8dde-4d6f-91b3-c2020f07770c","Facility_Name":"","maps_link":"https:\/\/www.google.com\/maps\/place\/Selma+Ellefsens+Vei+10,+0581+Oslo,+Norway\/@59.9267986,10.8038246,17z\/data=!3m1!4b1!4m6!3m5!1s0x46416e4b3690d3ef:0xcdeba868669070e2!8m2!3d59.9267986!4d10.8038246!16s%2Fg%2F11gdqc1_3b?entry=ttu&g_ep=EgoyMDI0MDkyMi4wIKXMDSoASAFQAw%3D%3D","photo_gallery":{"lokasjonsbilder_karusell-avdeling-undersider":[[{"id":5831,"title":"32-format. \u00d8kern-fasade","caption":"","full_image_url":"https:\/\/www.flexistore.no\/wp-content\/uploads\/2024\/09\/32-format.-Okern-fasade.jpg","thumbnail_image_url":"https:\/\/www.flexistore.no\/wp-content\/uploads\/2024\/09\/32-format.-Okern-fasade-150x150.jpg","large_srcset":"https:\/\/www.flexistore.no\/wp-content\/uploads\/2024\/09\/32-format.-Okern-fasade-1024x682.jpg 1024w, https:\/\/www.flexistore.no\/wp-content\/uploads\/2024\/09\/32-format.-Okern-fasade-300x200.jpg 300w, https:\/\/www.flexistore.no\/wp-content\/uploads\/2024\/09\/32-format.-Okern-fasade-768x512.jpg 768w, https:\/\/www.flexistore.no\/wp-content\/uploads\/2024\/09\/32-format.-Okern-fasade-18x12.jpg 18w, https:\/\/www.flexistore.no\/wp-content\/uploads\/2024\/09\/32-format.-Okern-fasade.jpg 1067w","medium_srcset":"https:\/\/www.flexistore.no\/wp-content\/uploads\/2024\/09\/32-format.-Okern-fasade-300x200.jpg 300w, https:\/\/www.flexistore.no\/wp-content\/uploads\/2024\/09\/32-format.-Okern-fasade-1024x682.jpg 1024w, https:\/\/www.flexistore.no\/wp-content\/uploads\/2024\/09\/32-format.-Okern-fasade-768x512.jpg 768w, https:\/\/www.flexistore.no\/wp-content\/uploads\/2024\/09\/32-format.-Okern-fasade-18x12.jpg 18w, https:\/\/www.flexistore.no\/wp-content\/uploads\/2024\/09\/32-format.-Okern-fasade.jpg 1067w","media_details":{"width":1067,"height":711,"sizes":{"medium":{"file":"32-format.-Okern-fasade-300x200.jpg","width":300,"height":200,"mime-type":"image\/jpeg","filesize":12839,"source_url":"https:\/\/www.flexistore.no\/wp-content\/uploads\/2024\/09\/32-format.-Okern-fasade-300x200.jpg"},"large":{"file":"32-format.-Okern-fasade-1024x682.jpg","width":1024,"height":682,"mime-type":"image\/jpeg","filesize":99724,"source_url":"https:\/\/www.flexistore.no\/wp-content\/uploads\/2024\/09\/32-format.-Okern-fasade-1024x682.jpg"},"thumbnail":{"file":"32-format.-Okern-fasade-150x150.jpg","width":150,"height":150,"mime-type":"image\/jpeg","filesize":6277,"source_url":"https:\/\/www.flexistore.no\/wp-content\/uploads\/2024\/09\/32-format.-Okern-fasade-150x150.jpg"},"medium_large":{"file":"32-format.-Okern-fasade-768x512.jpg","width":768,"height":512,"mime-type":"image\/jpeg","filesize":61982,"source_url":"https:\/\/www.flexistore.no\/wp-content\/uploads\/2024\/09\/32-format.-Okern-fasade-768x512.jpg"},"trp-custom-language-flag":{"file":"32-format.-Okern-fasade-18x12.jpg","width":18,"height":12,"mime-type":"image\/jpeg","filesize":920,"source_url":"https:\/\/www.flexistore.no\/wp-content\/uploads\/2024\/09\/32-format.-Okern-fasade-18x12.jpg"},"cmplz_banner_image":{"file":"32-format.-Okern-fasade-350x100.jpg","width":350,"height":100,"mime-type":"image\/jpeg","filesize":8608,"source_url":"https:\/\/www.flexistore.no\/wp-content\/uploads\/2024\/09\/32-format.-Okern-fasade-350x100.jpg"}}},"alt_text":"","url":"","target":""},{"id":5779,"title":"32-format. Copy of FlexistoreKvaernerbyen2019-27","caption":"","full_image_url":"https:\/\/www.flexistore.no\/wp-content\/uploads\/2024\/09\/32-format.-Copy-of-FlexistoreKvaernerbyen2019-27.jpg","thumbnail_image_url":"https:\/\/www.flexistore.no\/wp-content\/uploads\/2024\/09\/32-format.-Copy-of-FlexistoreKvaernerbyen2019-27-150x150.jpg","large_srcset":"https:\/\/www.flexistore.no\/wp-content\/uploads\/2024\/09\/32-format.-Copy-of-FlexistoreKvaernerbyen2019-27-1024x682.jpg 1024w, https:\/\/www.flexistore.no\/wp-content\/uploads\/2024\/09\/32-format.-Copy-of-FlexistoreKvaernerbyen2019-27-300x200.jpg 300w, https:\/\/www.flexistore.no\/wp-content\/uploads\/2024\/09\/32-format.-Copy-of-FlexistoreKvaernerbyen2019-27-768x512.jpg 768w, https:\/\/www.flexistore.no\/wp-content\/uploads\/2024\/09\/32-format.-Copy-of-FlexistoreKvaernerbyen2019-27-18x12.jpg 18w, https:\/\/www.flexistore.no\/wp-content\/uploads\/2024\/09\/32-format.-Copy-of-FlexistoreKvaernerbyen2019-27.jpg 1280w","medium_srcset":"https:\/\/www.flexistore.no\/wp-content\/uploads\/2024\/09\/32-format.-Copy-of-FlexistoreKvaernerbyen2019-27-300x200.jpg 300w, https:\/\/www.flexistore.no\/wp-content\/uploads\/2024\/09\/32-format.-Copy-of-FlexistoreKvaernerbyen2019-27-1024x682.jpg 1024w, https:\/\/www.flexistore.no\/wp-content\/uploads\/2024\/09\/32-format.-Copy-of-FlexistoreKvaernerbyen2019-27-768x512.jpg 768w, https:\/\/www.flexistore.no\/wp-content\/uploads\/2024\/09\/32-format.-Copy-of-FlexistoreKvaernerbyen2019-27-18x12.jpg 18w, https:\/\/www.flexistore.no\/wp-content\/uploads\/2024\/09\/32-format.-Copy-of-FlexistoreKvaernerbyen2019-27.jpg 1280w","media_details":{"width":1280,"height":853,"sizes":{"medium":{"file":"32-format.-Copy-of-FlexistoreKvaernerbyen2019-27-300x200.jpg","width":300,"height":200,"mime-type":"image\/jpeg","filesize":6639,"source_url":"https:\/\/www.flexistore.no\/wp-content\/uploads\/2024\/09\/32-format.-Copy-of-FlexistoreKvaernerbyen2019-27-300x200.jpg"},"large":{"file":"32-format.-Copy-of-FlexistoreKvaernerbyen2019-27-1024x682.jpg","width":1024,"height":682,"mime-type":"image\/jpeg","filesize":47922,"source_url":"https:\/\/www.flexistore.no\/wp-content\/uploads\/2024\/09\/32-format.-Copy-of-FlexistoreKvaernerbyen2019-27-1024x682.jpg"},"thumbnail":{"file":"32-format.-Copy-of-FlexistoreKvaernerbyen2019-27-150x150.jpg","width":150,"height":150,"mime-type":"image\/jpeg","filesize":3839,"source_url":"https:\/\/www.flexistore.no\/wp-content\/uploads\/2024\/09\/32-format.-Copy-of-FlexistoreKvaernerbyen2019-27-150x150.jpg"},"medium_large":{"file":"32-format.-Copy-of-FlexistoreKvaernerbyen2019-27-768x512.jpg","width":768,"height":512,"mime-type":"image\/jpeg","filesize":28406,"source_url":"https:\/\/www.flexistore.no\/wp-content\/uploads\/2024\/09\/32-format.-Copy-of-FlexistoreKvaernerbyen2019-27-768x512.jpg"},"trp-custom-language-flag":{"file":"32-format.-Copy-of-FlexistoreKvaernerbyen2019-27-18x12.jpg","width":18,"height":12,"mime-type":"image\/jpeg","filesize":860,"source_url":"https:\/\/www.flexistore.no\/wp-content\/uploads\/2024\/09\/32-format.-Copy-of-FlexistoreKvaernerbyen2019-27-18x12.jpg"},"cmplz_banner_image":{"file":"32-format.-Copy-of-FlexistoreKvaernerbyen2019-27-350x100.jpg","width":350,"height":100,"mime-type":"image\/jpeg","filesize":3873,"source_url":"https:\/\/www.flexistore.no\/wp-content\/uploads\/2024\/09\/32-format.-Copy-of-FlexistoreKvaernerbyen2019-27-350x100.jpg"}}},"alt_text":"","url":"","target":""},{"id":2816,"title":"Flexistore-Minilager","caption":"","full_image_url":"https:\/\/www.flexistore.no\/wp-content\/uploads\/2022\/05\/Flexistore-Minilager.jpg","thumbnail_image_url":"https:\/\/www.flexistore.no\/wp-content\/uploads\/2022\/05\/Flexistore-Minilager-150x150.jpg","large_srcset":"https:\/\/www.flexistore.no\/wp-content\/uploads\/2022\/05\/Flexistore-Minilager-1024x637.jpg 1024w, https:\/\/www.flexistore.no\/wp-content\/uploads\/2022\/05\/Flexistore-Minilager-300x187.jpg 300w, https:\/\/www.flexistore.no\/wp-content\/uploads\/2022\/05\/Flexistore-Minilager-768x478.jpg 768w, https:\/\/www.flexistore.no\/wp-content\/uploads\/2022\/05\/Flexistore-Minilager-1536x956.jpg 1536w, https:\/\/www.flexistore.no\/wp-content\/uploads\/2022\/05\/Flexistore-Minilager-2048x1274.jpg 2048w, https:\/\/www.flexistore.no\/wp-content\/uploads\/2022\/05\/Flexistore-Minilager-18x12.jpg 18w","medium_srcset":"https:\/\/www.flexistore.no\/wp-content\/uploads\/2022\/05\/Flexistore-Minilager-300x187.jpg 300w, https:\/\/www.flexistore.no\/wp-content\/uploads\/2022\/05\/Flexistore-Minilager-1024x637.jpg 1024w, https:\/\/www.flexistore.no\/wp-content\/uploads\/2022\/05\/Flexistore-Minilager-768x478.jpg 768w, https:\/\/www.flexistore.no\/wp-content\/uploads\/2022\/05\/Flexistore-Minilager-1536x956.jpg 1536w, https:\/\/www.flexistore.no\/wp-content\/uploads\/2022\/05\/Flexistore-Minilager-2048x1274.jpg 2048w, https:\/\/www.flexistore.no\/wp-content\/uploads\/2022\/05\/Flexistore-Minilager-18x12.jpg 18w","media_details":{"width":2560,"height":1593,"sizes":{"medium":{"file":"Flexistore-Minilager-300x187.jpg","width":300,"height":187,"mime-type":"image\/jpeg","source_url":"https:\/\/www.flexistore.no\/wp-content\/uploads\/2022\/05\/Flexistore-Minilager-300x187.jpg"},"large":{"file":"Flexistore-Minilager-1024x637.jpg","width":1024,"height":637,"mime-type":"image\/jpeg","source_url":"https:\/\/www.flexistore.no\/wp-content\/uploads\/2022\/05\/Flexistore-Minilager-1024x637.jpg"},"thumbnail":{"file":"Flexistore-Minilager-150x150.jpg","width":150,"height":150,"mime-type":"image\/jpeg","source_url":"https:\/\/www.flexistore.no\/wp-content\/uploads\/2022\/05\/Flexistore-Minilager-150x150.jpg"},"medium_large":{"file":"Flexistore-Minilager-768x478.jpg","width":768,"height":478,"mime-type":"image\/jpeg","source_url":"https:\/\/www.flexistore.no\/wp-content\/uploads\/2022\/05\/Flexistore-Minilager-768x478.jpg"},"1536x1536":{"file":"Flexistore-Minilager-1536x956.jpg","width":1536,"height":956,"mime-type":"image\/jpeg","source_url":"https:\/\/www.flexistore.no\/wp-content\/uploads\/2022\/05\/Flexistore-Minilager-1536x956.jpg"},"2048x2048":{"file":"Flexistore-Minilager-2048x1274.jpg","width":2048,"height":1274,"mime-type":"image\/jpeg","source_url":"https:\/\/www.flexistore.no\/wp-content\/uploads\/2022\/05\/Flexistore-Minilager-2048x1274.jpg"},"trp-custom-language-flag":{"file":"Flexistore-Minilager-18x12.jpg","width":18,"height":12,"mime-type":"image\/jpeg","source_url":"https:\/\/www.flexistore.no\/wp-content\/uploads\/2022\/05\/Flexistore-Minilager-18x12.jpg"}}},"alt_text":"","url":"","target":""}]]}},"_links":{"self":[{"href":"https:\/\/www.flexistore.no\/en\/wp-json\/wp\/v2\/pages\/391","targetHints":{"allow":["GET"]}}],"collection":[{"href":"https:\/\/www.flexistore.no\/en\/wp-json\/wp\/v2\/pages"}],"about":[{"href":"https:\/\/www.flexistore.no\/en\/wp-json\/wp\/v2\/types\/page"}],"author":[{"embeddable":true,"href":"https:\/\/www.flexistore.no\/en\/wp-json\/wp\/v2\/users\/8"}],"replies":[{"embeddable":true,"href":"https:\/\/www.flexistore.no\/en\/wp-json\/wp\/v2\/comments?post=391"}],"version-history":[{"count":7,"href":"https:\/\/www.flexistore.no\/en\/wp-json\/wp\/v2\/pages\/391\/revisions"}],"predecessor-version":[{"id":5900,"href":"https:\/\/www.flexistore.no\/en\/wp-json\/wp\/v2\/pages\/391\/revisions\/5900"}],"up":[{"embeddable":true,"href":"https:\/\/www.flexistore.no\/en\/wp-json\/wp\/v2\/pages\/369"}],"wp:attachment":[{"href":"https:\/\/www.flexistore.no\/en\/wp-json\/wp\/v2\/media?parent=391"}],"curies":[{"name":"wp","href":"https:\/\/api.w.org\/{rel}","templated":true}]}}