{"id":389,"date":"2022-02-24T17:58:50","date_gmt":"2022-02-24T16:58:50","guid":{"rendered":"http:\/\/www.flexistore.no\/?page_id=389"},"modified":"2024-09-25T14:11:29","modified_gmt":"2024-09-25T13:11:29","slug":"majorstuen","status":"publish","type":"page","link":"https:\/\/www.flexistore.no\/en\/minilager\/oslo\/majorstuen\/","title":{"rendered":"Majorstuen"},"content":{"rendered":"","protected":false},"excerpt":{"rendered":"","protected":false},"author":8,"featured_media":0,"parent":369,"menu_order":0,"comment_status":"closed","ping_status":"closed","template":"","meta":{"_acf_changed":false,"footnotes":""},"class_list":["post-389","page","type-page","status-publish","hentry"],"acf":{"herobilde-avdeling-undersider":{"ID":658,"id":658,"title":"stack-of-cardboard-boxes-in-empty-room-2021-10-06-09-50-18-utc-min (1)","filename":"stack-of-cardboard-boxes-in-empty-room-2021-10-06-09-50-18-utc-min-1-scaled.jpg","filesize":44310,"url":"https:\/\/www.flexistore.no\/wp-content\/uploads\/2022\/03\/stack-of-cardboard-boxes-in-empty-room-2021-10-06-09-50-18-utc-min-1-scaled.jpg","link":"https:\/\/www.flexistore.no\/en\/?attachment_id=658","alt":"","author":"1","description":"","caption":"","name":"stack-of-cardboard-boxes-in-empty-room-2021-10-06-09-50-18-utc-min-1","status":"inherit","uploaded_to":492,"date":"2022-03-23 19:16:29","modified":"2022-03-23 19:16:29","menu_order":0,"mime_type":"image\/jpeg","type":"image","subtype":"jpeg","icon":"https:\/\/www.flexistore.no\/wp-includes\/images\/media\/default.png","width":2560,"height":1707,"sizes":{"thumbnail":"https:\/\/www.flexistore.no\/wp-content\/uploads\/2022\/03\/stack-of-cardboard-boxes-in-empty-room-2021-10-06-09-50-18-utc-min-1-150x150.jpg","thumbnail-width":150,"thumbnail-height":150,"medium":"https:\/\/www.flexistore.no\/wp-content\/uploads\/2022\/03\/stack-of-cardboard-boxes-in-empty-room-2021-10-06-09-50-18-utc-min-1-300x200.jpg","medium-width":300,"medium-height":200,"medium_large":"https:\/\/www.flexistore.no\/wp-content\/uploads\/2022\/03\/stack-of-cardboard-boxes-in-empty-room-2021-10-06-09-50-18-utc-min-1-768x512.jpg","medium_large-width":768,"medium_large-height":512,"large":"https:\/\/www.flexistore.no\/wp-content\/uploads\/2022\/03\/stack-of-cardboard-boxes-in-empty-room-2021-10-06-09-50-18-utc-min-1-1024x683.jpg","large-width":800,"large-height":534,"1536x1536":"https:\/\/www.flexistore.no\/wp-content\/uploads\/2022\/03\/stack-of-cardboard-boxes-in-empty-room-2021-10-06-09-50-18-utc-min-1-1536x1024.jpg","1536x1536-width":1536,"1536x1536-height":1024,"2048x2048":"https:\/\/www.flexistore.no\/wp-content\/uploads\/2022\/03\/stack-of-cardboard-boxes-in-empty-room-2021-10-06-09-50-18-utc-min-1-2048x1365.jpg","2048x2048-width":2048,"2048x2048-height":1365,"trp-custom-language-flag":"https:\/\/www.flexistore.no\/wp-content\/uploads\/2022\/03\/stack-of-cardboard-boxes-in-empty-room-2021-10-06-09-50-18-utc-min-1-scaled.jpg","trp-custom-language-flag-width":18,"trp-custom-language-flag-height":12}},"adresse-avdeling-undersider":"Majorstuveien 36, 0367 Oslo","ikonliste_1-avdeling-undersider":"D\u00f8gn\u00e5pent og selvbetjent","ikonliste_2-avdeling-undersider":"Innend\u00f8rs og temperert","ikonliste_3-avdeling-undersider":"Lett tilgjengelig","ikonliste_4-avdeling-undersider":"Gratis kundeparkering","ikonliste_5-avdeling-undersider":"N\u00e6rme kollektivt","lokasjonsbilder_karusell-avdeling-undersider":[{"id":5826,"title":"32 format. Majorstuen facade","caption":"","full_image_url":"https:\/\/www.flexistore.no\/wp-content\/uploads\/2024\/09\/32-format.-Majorstuen-fasade.jpg","thumbnail_image_url":"https:\/\/www.flexistore.no\/wp-content\/uploads\/2024\/09\/32-format.-Majorstuen-fasade-150x150.jpg","large_srcset":"https:\/\/www.flexistore.no\/wp-content\/uploads\/2024\/09\/32-format.-Majorstuen-fasade-1024x683.jpg 1024w, https:\/\/www.flexistore.no\/wp-content\/uploads\/2024\/09\/32-format.-Majorstuen-fasade-300x200.jpg 300w, https:\/\/www.flexistore.no\/wp-content\/uploads\/2024\/09\/32-format.-Majorstuen-fasade-768x512.jpg 768w, https:\/\/www.flexistore.no\/wp-content\/uploads\/2024\/09\/32-format.-Majorstuen-fasade-1536x1024.jpg 1536w, https:\/\/www.flexistore.no\/wp-content\/uploads\/2024\/09\/32-format.-Majorstuen-fasade-18x12.jpg 18w, https:\/\/www.flexistore.no\/wp-content\/uploads\/2024\/09\/32-format.-Majorstuen-fasade.jpg 2048w","medium_srcset":"https:\/\/www.flexistore.no\/wp-content\/uploads\/2024\/09\/32-format.-Majorstuen-fasade-300x200.jpg 300w, https:\/\/www.flexistore.no\/wp-content\/uploads\/2024\/09\/32-format.-Majorstuen-fasade-1024x683.jpg 1024w, https:\/\/www.flexistore.no\/wp-content\/uploads\/2024\/09\/32-format.-Majorstuen-fasade-768x512.jpg 768w, https:\/\/www.flexistore.no\/wp-content\/uploads\/2024\/09\/32-format.-Majorstuen-fasade-1536x1024.jpg 1536w, https:\/\/www.flexistore.no\/wp-content\/uploads\/2024\/09\/32-format.-Majorstuen-fasade-18x12.jpg 18w, https:\/\/www.flexistore.no\/wp-content\/uploads\/2024\/09\/32-format.-Majorstuen-fasade.jpg 2048w","media_details":{"width":2048,"height":1365,"sizes":{"medium":{"file":"32-format.-Majorstuen-fasade-300x200.jpg","width":300,"height":200,"mime-type":"image\/jpeg","filesize":16921,"source_url":"https:\/\/www.flexistore.no\/wp-content\/uploads\/2024\/09\/32-format.-Majorstuen-fasade-300x200.jpg"},"large":{"file":"32-format.-Majorstuen-fasade-1024x683.jpg","width":1024,"height":683,"mime-type":"image\/jpeg","filesize":151320,"source_url":"https:\/\/www.flexistore.no\/wp-content\/uploads\/2024\/09\/32-format.-Majorstuen-fasade-1024x683.jpg"},"thumbnail":{"file":"32-format.-Majorstuen-fasade-150x150.jpg","width":150,"height":150,"mime-type":"image\/jpeg","filesize":7455,"source_url":"https:\/\/www.flexistore.no\/wp-content\/uploads\/2024\/09\/32-format.-Majorstuen-fasade-150x150.jpg"},"medium_large":{"file":"32-format.-Majorstuen-fasade-768x512.jpg","width":768,"height":512,"mime-type":"image\/jpeg","filesize":87022,"source_url":"https:\/\/www.flexistore.no\/wp-content\/uploads\/2024\/09\/32-format.-Majorstuen-fasade-768x512.jpg"},"1536x1536":{"file":"32-format.-Majorstuen-fasade-1536x1024.jpg","width":1536,"height":1024,"mime-type":"image\/jpeg","filesize":331970,"source_url":"https:\/\/www.flexistore.no\/wp-content\/uploads\/2024\/09\/32-format.-Majorstuen-fasade-1536x1024.jpg"},"trp-custom-language-flag":{"file":"32-format.-Majorstuen-fasade-18x12.jpg","width":18,"height":12,"mime-type":"image\/jpeg","filesize":915,"source_url":"https:\/\/www.flexistore.no\/wp-content\/uploads\/2024\/09\/32-format.-Majorstuen-fasade-18x12.jpg"},"cmplz_banner_image":{"file":"32-format.-Majorstuen-fasade-350x100.jpg","width":350,"height":100,"mime-type":"image\/jpeg","filesize":9291,"source_url":"https:\/\/www.flexistore.no\/wp-content\/uploads\/2024\/09\/32-format.-Majorstuen-fasade-350x100.jpg"}}},"alt_text":"","url":"","target":""},{"id":5793,"title":"32 format. Copy of \u00d8stre Aker vei 215 9","caption":"","full_image_url":"https:\/\/www.flexistore.no\/wp-content\/uploads\/2024\/09\/32-format.-Copy-of-Ostre-Aker-vei-215-9.jpg","thumbnail_image_url":"https:\/\/www.flexistore.no\/wp-content\/uploads\/2024\/09\/32-format.-Copy-of-Ostre-Aker-vei-215-9-150x150.jpg","large_srcset":"https:\/\/www.flexistore.no\/wp-content\/uploads\/2024\/09\/32-format.-Copy-of-Ostre-Aker-vei-215-9-1024x683.jpg 1024w, https:\/\/www.flexistore.no\/wp-content\/uploads\/2024\/09\/32-format.-Copy-of-Ostre-Aker-vei-215-9-300x200.jpg 300w, https:\/\/www.flexistore.no\/wp-content\/uploads\/2024\/09\/32-format.-Copy-of-Ostre-Aker-vei-215-9-768x512.jpg 768w, https:\/\/www.flexistore.no\/wp-content\/uploads\/2024\/09\/32-format.-Copy-of-Ostre-Aker-vei-215-9-1536x1024.jpg 1536w, https:\/\/www.flexistore.no\/wp-content\/uploads\/2024\/09\/32-format.-Copy-of-Ostre-Aker-vei-215-9-18x12.jpg 18w, https:\/\/www.flexistore.no\/wp-content\/uploads\/2024\/09\/32-format.-Copy-of-Ostre-Aker-vei-215-9.jpg 2048w","medium_srcset":"https:\/\/www.flexistore.no\/wp-content\/uploads\/2024\/09\/32-format.-Copy-of-Ostre-Aker-vei-215-9-300x200.jpg 300w, https:\/\/www.flexistore.no\/wp-content\/uploads\/2024\/09\/32-format.-Copy-of-Ostre-Aker-vei-215-9-1024x683.jpg 1024w, https:\/\/www.flexistore.no\/wp-content\/uploads\/2024\/09\/32-format.-Copy-of-Ostre-Aker-vei-215-9-768x512.jpg 768w, https:\/\/www.flexistore.no\/wp-content\/uploads\/2024\/09\/32-format.-Copy-of-Ostre-Aker-vei-215-9-1536x1024.jpg 1536w, https:\/\/www.flexistore.no\/wp-content\/uploads\/2024\/09\/32-format.-Copy-of-Ostre-Aker-vei-215-9-18x12.jpg 18w, https:\/\/www.flexistore.no\/wp-content\/uploads\/2024\/09\/32-format.-Copy-of-Ostre-Aker-vei-215-9.jpg 2048w","media_details":{"width":2048,"height":1365,"sizes":{"medium":{"file":"32-format.-Copy-of-Ostre-Aker-vei-215-9-300x200.jpg","width":300,"height":200,"mime-type":"image\/jpeg","filesize":5407,"source_url":"https:\/\/www.flexistore.no\/wp-content\/uploads\/2024\/09\/32-format.-Copy-of-Ostre-Aker-vei-215-9-300x200.jpg"},"large":{"file":"32-format.-Copy-of-Ostre-Aker-vei-215-9-1024x683.jpg","width":1024,"height":683,"mime-type":"image\/jpeg","filesize":33899,"source_url":"https:\/\/www.flexistore.no\/wp-content\/uploads\/2024\/09\/32-format.-Copy-of-Ostre-Aker-vei-215-9-1024x683.jpg"},"thumbnail":{"file":"32-format.-Copy-of-Ostre-Aker-vei-215-9-150x150.jpg","width":150,"height":150,"mime-type":"image\/jpeg","filesize":2917,"source_url":"https:\/\/www.flexistore.no\/wp-content\/uploads\/2024\/09\/32-format.-Copy-of-Ostre-Aker-vei-215-9-150x150.jpg"},"medium_large":{"file":"32-format.-Copy-of-Ostre-Aker-vei-215-9-768x512.jpg","width":768,"height":512,"mime-type":"image\/jpeg","filesize":20944,"source_url":"https:\/\/www.flexistore.no\/wp-content\/uploads\/2024\/09\/32-format.-Copy-of-Ostre-Aker-vei-215-9-768x512.jpg"},"1536x1536":{"file":"32-format.-Copy-of-Ostre-Aker-vei-215-9-1536x1024.jpg","width":1536,"height":1024,"mime-type":"image\/jpeg","filesize":69127,"source_url":"https:\/\/www.flexistore.no\/wp-content\/uploads\/2024\/09\/32-format.-Copy-of-Ostre-Aker-vei-215-9-1536x1024.jpg"},"trp-custom-language-flag":{"file":"32-format.-Copy-of-Ostre-Aker-vei-215-9-18x12.jpg","width":18,"height":12,"mime-type":"image\/jpeg","filesize":858,"source_url":"https:\/\/www.flexistore.no\/wp-content\/uploads\/2024\/09\/32-format.-Copy-of-Ostre-Aker-vei-215-9-18x12.jpg"},"cmplz_banner_image":{"file":"32-format.-Copy-of-Ostre-Aker-vei-215-9-350x100.jpg","width":350,"height":100,"mime-type":"image\/jpeg","filesize":3197,"source_url":"https:\/\/www.flexistore.no\/wp-content\/uploads\/2024\/09\/32-format.-Copy-of-Ostre-Aker-vei-215-9-350x100.jpg"}}},"alt_text":"","url":"","target":""},{"id":5825,"title":"32 format. Copy of \u00d8stre Aker vei 215 20","caption":"","full_image_url":"https:\/\/www.flexistore.no\/wp-content\/uploads\/2024\/09\/32-format.-Copy-of-Ostre-Aker-vei-215-20.jpg","thumbnail_image_url":"https:\/\/www.flexistore.no\/wp-content\/uploads\/2024\/09\/32-format.-Copy-of-Ostre-Aker-vei-215-20-150x150.jpg","large_srcset":"https:\/\/www.flexistore.no\/wp-content\/uploads\/2024\/09\/32-format.-Copy-of-Ostre-Aker-vei-215-20-1024x683.jpg 1024w, https:\/\/www.flexistore.no\/wp-content\/uploads\/2024\/09\/32-format.-Copy-of-Ostre-Aker-vei-215-20-300x200.jpg 300w, https:\/\/www.flexistore.no\/wp-content\/uploads\/2024\/09\/32-format.-Copy-of-Ostre-Aker-vei-215-20-768x512.jpg 768w, https:\/\/www.flexistore.no\/wp-content\/uploads\/2024\/09\/32-format.-Copy-of-Ostre-Aker-vei-215-20-1536x1024.jpg 1536w, https:\/\/www.flexistore.no\/wp-content\/uploads\/2024\/09\/32-format.-Copy-of-Ostre-Aker-vei-215-20-18x12.jpg 18w, https:\/\/www.flexistore.no\/wp-content\/uploads\/2024\/09\/32-format.-Copy-of-Ostre-Aker-vei-215-20.jpg 2048w","medium_srcset":"https:\/\/www.flexistore.no\/wp-content\/uploads\/2024\/09\/32-format.-Copy-of-Ostre-Aker-vei-215-20-300x200.jpg 300w, https:\/\/www.flexistore.no\/wp-content\/uploads\/2024\/09\/32-format.-Copy-of-Ostre-Aker-vei-215-20-1024x683.jpg 1024w, https:\/\/www.flexistore.no\/wp-content\/uploads\/2024\/09\/32-format.-Copy-of-Ostre-Aker-vei-215-20-768x512.jpg 768w, https:\/\/www.flexistore.no\/wp-content\/uploads\/2024\/09\/32-format.-Copy-of-Ostre-Aker-vei-215-20-1536x1024.jpg 1536w, https:\/\/www.flexistore.no\/wp-content\/uploads\/2024\/09\/32-format.-Copy-of-Ostre-Aker-vei-215-20-18x12.jpg 18w, https:\/\/www.flexistore.no\/wp-content\/uploads\/2024\/09\/32-format.-Copy-of-Ostre-Aker-vei-215-20.jpg 2048w","media_details":{"width":2048,"height":1365,"sizes":{"medium":{"file":"32-format.-Copy-of-Ostre-Aker-vei-215-20-300x200.jpg","width":300,"height":200,"mime-type":"image\/jpeg","filesize":5819,"source_url":"https:\/\/www.flexistore.no\/wp-content\/uploads\/2024\/09\/32-format.-Copy-of-Ostre-Aker-vei-215-20-300x200.jpg"},"large":{"file":"32-format.-Copy-of-Ostre-Aker-vei-215-20-1024x683.jpg","width":1024,"height":683,"mime-type":"image\/jpeg","filesize":36853,"source_url":"https:\/\/www.flexistore.no\/wp-content\/uploads\/2024\/09\/32-format.-Copy-of-Ostre-Aker-vei-215-20-1024x683.jpg"},"thumbnail":{"file":"32-format.-Copy-of-Ostre-Aker-vei-215-20-150x150.jpg","width":150,"height":150,"mime-type":"image\/jpeg","filesize":3255,"source_url":"https:\/\/www.flexistore.no\/wp-content\/uploads\/2024\/09\/32-format.-Copy-of-Ostre-Aker-vei-215-20-150x150.jpg"},"medium_large":{"file":"32-format.-Copy-of-Ostre-Aker-vei-215-20-768x512.jpg","width":768,"height":512,"mime-type":"image\/jpeg","filesize":22815,"source_url":"https:\/\/www.flexistore.no\/wp-content\/uploads\/2024\/09\/32-format.-Copy-of-Ostre-Aker-vei-215-20-768x512.jpg"},"1536x1536":{"file":"32-format.-Copy-of-Ostre-Aker-vei-215-20-1536x1024.jpg","width":1536,"height":1024,"mime-type":"image\/jpeg","filesize":73661,"source_url":"https:\/\/www.flexistore.no\/wp-content\/uploads\/2024\/09\/32-format.-Copy-of-Ostre-Aker-vei-215-20-1536x1024.jpg"},"trp-custom-language-flag":{"file":"32-format.-Copy-of-Ostre-Aker-vei-215-20-18x12.jpg","width":18,"height":12,"mime-type":"image\/jpeg","filesize":851,"source_url":"https:\/\/www.flexistore.no\/wp-content\/uploads\/2024\/09\/32-format.-Copy-of-Ostre-Aker-vei-215-20-18x12.jpg"},"cmplz_banner_image":{"file":"32-format.-Copy-of-Ostre-Aker-vei-215-20-350x100.jpg","width":350,"height":100,"mime-type":"image\/jpeg","filesize":3576,"source_url":"https:\/\/www.flexistore.no\/wp-content\/uploads\/2024\/09\/32-format.-Copy-of-Ostre-Aker-vei-215-20-350x100.jpg"}}},"alt_text":"","url":"","target":""}],"google_my_business_tittel-avdeling-undersider":"<a style=\"text-decoration: none; color: #000\" target=\"_blank\" href=\"https:\/\/www.google.com\/maps\/place\/Majorstuveien+36,+0367+Oslo,+Norway\/data=!4m2!3m1!1s0x46416ddaf500312b:0x2549d228ee671e?sa=X&ved=1t:242&ictx=111\">Flexistore minilager Avd. Majorstuen<\/a>","tekst_ikke_apnet_enda-avdeling-undersider":"","latitude-avdeling-undersider":"59.92790512592241","longitude-avdeling-undersider":"10.71512470347013","facility_id":"3b0e226b-fd61-4863-b10e-ded0ec5697f0","Facility_Name":"","maps_link":"https:\/\/www.google.com\/maps\/place\/Majorstuveien+36,+0367+Oslo,+Norway\/@59.9281229,10.715143,17z\/data=!3m1!4b1!4m6!3m5!1s0x46416ddaf500312b:0x2549d228ee671e!8m2!3d59.9281229!4d10.715143!16s%2Fg%2F11c5cyzjz4?entry=ttu&g_ep=EgoyMDI0MDkyMi4wIKXMDSoASAFQAw%3D%3D","photo_gallery":{"lokasjonsbilder_karusell-avdeling-undersider":[[{"id":5826,"title":"32-format. Majorstuen-fasade","caption":"","full_image_url":"https:\/\/www.flexistore.no\/wp-content\/uploads\/2024\/09\/32-format.-Majorstuen-fasade.jpg","thumbnail_image_url":"https:\/\/www.flexistore.no\/wp-content\/uploads\/2024\/09\/32-format.-Majorstuen-fasade-150x150.jpg","large_srcset":"https:\/\/www.flexistore.no\/wp-content\/uploads\/2024\/09\/32-format.-Majorstuen-fasade-1024x683.jpg 1024w, https:\/\/www.flexistore.no\/wp-content\/uploads\/2024\/09\/32-format.-Majorstuen-fasade-300x200.jpg 300w, https:\/\/www.flexistore.no\/wp-content\/uploads\/2024\/09\/32-format.-Majorstuen-fasade-768x512.jpg 768w, https:\/\/www.flexistore.no\/wp-content\/uploads\/2024\/09\/32-format.-Majorstuen-fasade-1536x1024.jpg 1536w, https:\/\/www.flexistore.no\/wp-content\/uploads\/2024\/09\/32-format.-Majorstuen-fasade-18x12.jpg 18w, https:\/\/www.flexistore.no\/wp-content\/uploads\/2024\/09\/32-format.-Majorstuen-fasade.jpg 2048w","medium_srcset":"https:\/\/www.flexistore.no\/wp-content\/uploads\/2024\/09\/32-format.-Majorstuen-fasade-300x200.jpg 300w, https:\/\/www.flexistore.no\/wp-content\/uploads\/2024\/09\/32-format.-Majorstuen-fasade-1024x683.jpg 1024w, https:\/\/www.flexistore.no\/wp-content\/uploads\/2024\/09\/32-format.-Majorstuen-fasade-768x512.jpg 768w, https:\/\/www.flexistore.no\/wp-content\/uploads\/2024\/09\/32-format.-Majorstuen-fasade-1536x1024.jpg 1536w, https:\/\/www.flexistore.no\/wp-content\/uploads\/2024\/09\/32-format.-Majorstuen-fasade-18x12.jpg 18w, https:\/\/www.flexistore.no\/wp-content\/uploads\/2024\/09\/32-format.-Majorstuen-fasade.jpg 2048w","media_details":{"width":2048,"height":1365,"sizes":{"medium":{"file":"32-format.-Majorstuen-fasade-300x200.jpg","width":300,"height":200,"mime-type":"image\/jpeg","filesize":16921,"source_url":"https:\/\/www.flexistore.no\/wp-content\/uploads\/2024\/09\/32-format.-Majorstuen-fasade-300x200.jpg"},"large":{"file":"32-format.-Majorstuen-fasade-1024x683.jpg","width":1024,"height":683,"mime-type":"image\/jpeg","filesize":151320,"source_url":"https:\/\/www.flexistore.no\/wp-content\/uploads\/2024\/09\/32-format.-Majorstuen-fasade-1024x683.jpg"},"thumbnail":{"file":"32-format.-Majorstuen-fasade-150x150.jpg","width":150,"height":150,"mime-type":"image\/jpeg","filesize":7455,"source_url":"https:\/\/www.flexistore.no\/wp-content\/uploads\/2024\/09\/32-format.-Majorstuen-fasade-150x150.jpg"},"medium_large":{"file":"32-format.-Majorstuen-fasade-768x512.jpg","width":768,"height":512,"mime-type":"image\/jpeg","filesize":87022,"source_url":"https:\/\/www.flexistore.no\/wp-content\/uploads\/2024\/09\/32-format.-Majorstuen-fasade-768x512.jpg"},"1536x1536":{"file":"32-format.-Majorstuen-fasade-1536x1024.jpg","width":1536,"height":1024,"mime-type":"image\/jpeg","filesize":331970,"source_url":"https:\/\/www.flexistore.no\/wp-content\/uploads\/2024\/09\/32-format.-Majorstuen-fasade-1536x1024.jpg"},"trp-custom-language-flag":{"file":"32-format.-Majorstuen-fasade-18x12.jpg","width":18,"height":12,"mime-type":"image\/jpeg","filesize":915,"source_url":"https:\/\/www.flexistore.no\/wp-content\/uploads\/2024\/09\/32-format.-Majorstuen-fasade-18x12.jpg"},"cmplz_banner_image":{"file":"32-format.-Majorstuen-fasade-350x100.jpg","width":350,"height":100,"mime-type":"image\/jpeg","filesize":9291,"source_url":"https:\/\/www.flexistore.no\/wp-content\/uploads\/2024\/09\/32-format.-Majorstuen-fasade-350x100.jpg"}}},"alt_text":"","url":"","target":""},{"id":5793,"title":"32-format. Copy of \u00d8stre Aker vei 215 9","caption":"","full_image_url":"https:\/\/www.flexistore.no\/wp-content\/uploads\/2024\/09\/32-format.-Copy-of-Ostre-Aker-vei-215-9.jpg","thumbnail_image_url":"https:\/\/www.flexistore.no\/wp-content\/uploads\/2024\/09\/32-format.-Copy-of-Ostre-Aker-vei-215-9-150x150.jpg","large_srcset":"https:\/\/www.flexistore.no\/wp-content\/uploads\/2024\/09\/32-format.-Copy-of-Ostre-Aker-vei-215-9-1024x683.jpg 1024w, https:\/\/www.flexistore.no\/wp-content\/uploads\/2024\/09\/32-format.-Copy-of-Ostre-Aker-vei-215-9-300x200.jpg 300w, https:\/\/www.flexistore.no\/wp-content\/uploads\/2024\/09\/32-format.-Copy-of-Ostre-Aker-vei-215-9-768x512.jpg 768w, https:\/\/www.flexistore.no\/wp-content\/uploads\/2024\/09\/32-format.-Copy-of-Ostre-Aker-vei-215-9-1536x1024.jpg 1536w, https:\/\/www.flexistore.no\/wp-content\/uploads\/2024\/09\/32-format.-Copy-of-Ostre-Aker-vei-215-9-18x12.jpg 18w, https:\/\/www.flexistore.no\/wp-content\/uploads\/2024\/09\/32-format.-Copy-of-Ostre-Aker-vei-215-9.jpg 2048w","medium_srcset":"https:\/\/www.flexistore.no\/wp-content\/uploads\/2024\/09\/32-format.-Copy-of-Ostre-Aker-vei-215-9-300x200.jpg 300w, https:\/\/www.flexistore.no\/wp-content\/uploads\/2024\/09\/32-format.-Copy-of-Ostre-Aker-vei-215-9-1024x683.jpg 1024w, https:\/\/www.flexistore.no\/wp-content\/uploads\/2024\/09\/32-format.-Copy-of-Ostre-Aker-vei-215-9-768x512.jpg 768w, https:\/\/www.flexistore.no\/wp-content\/uploads\/2024\/09\/32-format.-Copy-of-Ostre-Aker-vei-215-9-1536x1024.jpg 1536w, https:\/\/www.flexistore.no\/wp-content\/uploads\/2024\/09\/32-format.-Copy-of-Ostre-Aker-vei-215-9-18x12.jpg 18w, https:\/\/www.flexistore.no\/wp-content\/uploads\/2024\/09\/32-format.-Copy-of-Ostre-Aker-vei-215-9.jpg 2048w","media_details":{"width":2048,"height":1365,"sizes":{"medium":{"file":"32-format.-Copy-of-Ostre-Aker-vei-215-9-300x200.jpg","width":300,"height":200,"mime-type":"image\/jpeg","filesize":5407,"source_url":"https:\/\/www.flexistore.no\/wp-content\/uploads\/2024\/09\/32-format.-Copy-of-Ostre-Aker-vei-215-9-300x200.jpg"},"large":{"file":"32-format.-Copy-of-Ostre-Aker-vei-215-9-1024x683.jpg","width":1024,"height":683,"mime-type":"image\/jpeg","filesize":33899,"source_url":"https:\/\/www.flexistore.no\/wp-content\/uploads\/2024\/09\/32-format.-Copy-of-Ostre-Aker-vei-215-9-1024x683.jpg"},"thumbnail":{"file":"32-format.-Copy-of-Ostre-Aker-vei-215-9-150x150.jpg","width":150,"height":150,"mime-type":"image\/jpeg","filesize":2917,"source_url":"https:\/\/www.flexistore.no\/wp-content\/uploads\/2024\/09\/32-format.-Copy-of-Ostre-Aker-vei-215-9-150x150.jpg"},"medium_large":{"file":"32-format.-Copy-of-Ostre-Aker-vei-215-9-768x512.jpg","width":768,"height":512,"mime-type":"image\/jpeg","filesize":20944,"source_url":"https:\/\/www.flexistore.no\/wp-content\/uploads\/2024\/09\/32-format.-Copy-of-Ostre-Aker-vei-215-9-768x512.jpg"},"1536x1536":{"file":"32-format.-Copy-of-Ostre-Aker-vei-215-9-1536x1024.jpg","width":1536,"height":1024,"mime-type":"image\/jpeg","filesize":69127,"source_url":"https:\/\/www.flexistore.no\/wp-content\/uploads\/2024\/09\/32-format.-Copy-of-Ostre-Aker-vei-215-9-1536x1024.jpg"},"trp-custom-language-flag":{"file":"32-format.-Copy-of-Ostre-Aker-vei-215-9-18x12.jpg","width":18,"height":12,"mime-type":"image\/jpeg","filesize":858,"source_url":"https:\/\/www.flexistore.no\/wp-content\/uploads\/2024\/09\/32-format.-Copy-of-Ostre-Aker-vei-215-9-18x12.jpg"},"cmplz_banner_image":{"file":"32-format.-Copy-of-Ostre-Aker-vei-215-9-350x100.jpg","width":350,"height":100,"mime-type":"image\/jpeg","filesize":3197,"source_url":"https:\/\/www.flexistore.no\/wp-content\/uploads\/2024\/09\/32-format.-Copy-of-Ostre-Aker-vei-215-9-350x100.jpg"}}},"alt_text":"","url":"","target":""},{"id":5825,"title":"32-format. Copy of \u00d8stre Aker vei 215 20","caption":"","full_image_url":"https:\/\/www.flexistore.no\/wp-content\/uploads\/2024\/09\/32-format.-Copy-of-Ostre-Aker-vei-215-20.jpg","thumbnail_image_url":"https:\/\/www.flexistore.no\/wp-content\/uploads\/2024\/09\/32-format.-Copy-of-Ostre-Aker-vei-215-20-150x150.jpg","large_srcset":"https:\/\/www.flexistore.no\/wp-content\/uploads\/2024\/09\/32-format.-Copy-of-Ostre-Aker-vei-215-20-1024x683.jpg 1024w, https:\/\/www.flexistore.no\/wp-content\/uploads\/2024\/09\/32-format.-Copy-of-Ostre-Aker-vei-215-20-300x200.jpg 300w, https:\/\/www.flexistore.no\/wp-content\/uploads\/2024\/09\/32-format.-Copy-of-Ostre-Aker-vei-215-20-768x512.jpg 768w, https:\/\/www.flexistore.no\/wp-content\/uploads\/2024\/09\/32-format.-Copy-of-Ostre-Aker-vei-215-20-1536x1024.jpg 1536w, https:\/\/www.flexistore.no\/wp-content\/uploads\/2024\/09\/32-format.-Copy-of-Ostre-Aker-vei-215-20-18x12.jpg 18w, https:\/\/www.flexistore.no\/wp-content\/uploads\/2024\/09\/32-format.-Copy-of-Ostre-Aker-vei-215-20.jpg 2048w","medium_srcset":"https:\/\/www.flexistore.no\/wp-content\/uploads\/2024\/09\/32-format.-Copy-of-Ostre-Aker-vei-215-20-300x200.jpg 300w, https:\/\/www.flexistore.no\/wp-content\/uploads\/2024\/09\/32-format.-Copy-of-Ostre-Aker-vei-215-20-1024x683.jpg 1024w, https:\/\/www.flexistore.no\/wp-content\/uploads\/2024\/09\/32-format.-Copy-of-Ostre-Aker-vei-215-20-768x512.jpg 768w, https:\/\/www.flexistore.no\/wp-content\/uploads\/2024\/09\/32-format.-Copy-of-Ostre-Aker-vei-215-20-1536x1024.jpg 1536w, https:\/\/www.flexistore.no\/wp-content\/uploads\/2024\/09\/32-format.-Copy-of-Ostre-Aker-vei-215-20-18x12.jpg 18w, https:\/\/www.flexistore.no\/wp-content\/uploads\/2024\/09\/32-format.-Copy-of-Ostre-Aker-vei-215-20.jpg 2048w","media_details":{"width":2048,"height":1365,"sizes":{"medium":{"file":"32-format.-Copy-of-Ostre-Aker-vei-215-20-300x200.jpg","width":300,"height":200,"mime-type":"image\/jpeg","filesize":5819,"source_url":"https:\/\/www.flexistore.no\/wp-content\/uploads\/2024\/09\/32-format.-Copy-of-Ostre-Aker-vei-215-20-300x200.jpg"},"large":{"file":"32-format.-Copy-of-Ostre-Aker-vei-215-20-1024x683.jpg","width":1024,"height":683,"mime-type":"image\/jpeg","filesize":36853,"source_url":"https:\/\/www.flexistore.no\/wp-content\/uploads\/2024\/09\/32-format.-Copy-of-Ostre-Aker-vei-215-20-1024x683.jpg"},"thumbnail":{"file":"32-format.-Copy-of-Ostre-Aker-vei-215-20-150x150.jpg","width":150,"height":150,"mime-type":"image\/jpeg","filesize":3255,"source_url":"https:\/\/www.flexistore.no\/wp-content\/uploads\/2024\/09\/32-format.-Copy-of-Ostre-Aker-vei-215-20-150x150.jpg"},"medium_large":{"file":"32-format.-Copy-of-Ostre-Aker-vei-215-20-768x512.jpg","width":768,"height":512,"mime-type":"image\/jpeg","filesize":22815,"source_url":"https:\/\/www.flexistore.no\/wp-content\/uploads\/2024\/09\/32-format.-Copy-of-Ostre-Aker-vei-215-20-768x512.jpg"},"1536x1536":{"file":"32-format.-Copy-of-Ostre-Aker-vei-215-20-1536x1024.jpg","width":1536,"height":1024,"mime-type":"image\/jpeg","filesize":73661,"source_url":"https:\/\/www.flexistore.no\/wp-content\/uploads\/2024\/09\/32-format.-Copy-of-Ostre-Aker-vei-215-20-1536x1024.jpg"},"trp-custom-language-flag":{"file":"32-format.-Copy-of-Ostre-Aker-vei-215-20-18x12.jpg","width":18,"height":12,"mime-type":"image\/jpeg","filesize":851,"source_url":"https:\/\/www.flexistore.no\/wp-content\/uploads\/2024\/09\/32-format.-Copy-of-Ostre-Aker-vei-215-20-18x12.jpg"},"cmplz_banner_image":{"file":"32-format.-Copy-of-Ostre-Aker-vei-215-20-350x100.jpg","width":350,"height":100,"mime-type":"image\/jpeg","filesize":3576,"source_url":"https:\/\/www.flexistore.no\/wp-content\/uploads\/2024\/09\/32-format.-Copy-of-Ostre-Aker-vei-215-20-350x100.jpg"}}},"alt_text":"","url":"","target":""}]]}},"_links":{"self":[{"href":"https:\/\/www.flexistore.no\/en\/wp-json\/wp\/v2\/pages\/389","targetHints":{"allow":["GET"]}}],"collection":[{"href":"https:\/\/www.flexistore.no\/en\/wp-json\/wp\/v2\/pages"}],"about":[{"href":"https:\/\/www.flexistore.no\/en\/wp-json\/wp\/v2\/types\/page"}],"author":[{"embeddable":true,"href":"https:\/\/www.flexistore.no\/en\/wp-json\/wp\/v2\/users\/8"}],"replies":[{"embeddable":true,"href":"https:\/\/www.flexistore.no\/en\/wp-json\/wp\/v2\/comments?post=389"}],"version-history":[{"count":8,"href":"https:\/\/www.flexistore.no\/en\/wp-json\/wp\/v2\/pages\/389\/revisions"}],"predecessor-version":[{"id":5898,"href":"https:\/\/www.flexistore.no\/en\/wp-json\/wp\/v2\/pages\/389\/revisions\/5898"}],"up":[{"embeddable":true,"href":"https:\/\/www.flexistore.no\/en\/wp-json\/wp\/v2\/pages\/369"}],"wp:attachment":[{"href":"https:\/\/www.flexistore.no\/en\/wp-json\/wp\/v2\/media?parent=389"}],"curies":[{"name":"wp","href":"https:\/\/api.w.org\/{rel}","templated":true}]}}