{"id":373,"date":"2022-02-24T17:57:08","date_gmt":"2022-02-24T16:57:08","guid":{"rendered":"http:\/\/www.flexistore.no\/?page_id=373"},"modified":"2025-07-10T13:25:24","modified_gmt":"2025-07-10T12:25:24","slug":"fredrikstad","status":"publish","type":"page","link":"https:\/\/www.flexistore.no\/en\/minilager\/fredrikstad\/","title":{"rendered":"Fredrikstad"},"content":{"rendered":"","protected":false},"excerpt":{"rendered":"","protected":false},"author":8,"featured_media":0,"parent":99,"menu_order":0,"comment_status":"closed","ping_status":"closed","template":"","meta":{"_acf_changed":false,"footnotes":""},"class_list":["post-373","page","type-page","status-publish","hentry"],"acf":{"beskrivelse_topp-by-undersider":"Flexistore har \u00e5pnet minilager i Fredrikstad! N\u00e5 kan du bestille Norges f\u00f8rste appstyrte lager med klimakontroll og inventarliste.","ikonliste_1-by-undersider":"D\u00f8gn\u00e5pent og selvbetjent","ikonliste_2-by-undersider":"Innend\u00f8rs og temperert","ikonliste_3-by-undersider":"Sentralt og lett tilgjengelig ","ikonliste_4-by-undersider":"Gratis kundeparkering","ikonliste_5-by-undersider":"Kort avstand til kollektivt","overskrift_velkommen_til-by-underiser":"Velkommen til Flexistore Minilager avd. Fredrikstad","adresse-by-undersider":"Dikeveien 33, 1661 Rolvs\u00f8y","bilde_alt_du_trenger_a_vite_om-by-undersider":{"ID":786,"id":786,"title":"Minilager Fredrikstad","filename":"Minilager-Fredrikstad.jpeg","filesize":17105,"url":"https:\/\/www.flexistore.no\/wp-content\/uploads\/2022\/03\/Minilager-Fredrikstad.jpeg","link":"https:\/\/www.flexistore.no\/en\/minilager\/fredrikstad\/attachment\/minilager-fredrikstad\/","alt":"Minilager Fredrikstad","author":"1","description":"","caption":"","name":"minilager-fredrikstad","status":"inherit","uploaded_to":373,"date":"2022-03-24 16:37:15","modified":"2022-03-24 17:27:04","menu_order":0,"mime_type":"image\/jpeg","type":"image","subtype":"jpeg","icon":"https:\/\/www.flexistore.no\/wp-includes\/images\/media\/default.png","width":612,"height":408,"sizes":{"thumbnail":"https:\/\/www.flexistore.no\/wp-content\/uploads\/2022\/03\/Minilager-Fredrikstad-150x150.jpeg","thumbnail-width":150,"thumbnail-height":150,"medium":"https:\/\/www.flexistore.no\/wp-content\/uploads\/2022\/03\/Minilager-Fredrikstad-300x200.jpeg","medium-width":300,"medium-height":200,"medium_large":"https:\/\/www.flexistore.no\/wp-content\/uploads\/2022\/03\/Minilager-Fredrikstad.jpeg","medium_large-width":612,"medium_large-height":408,"large":"https:\/\/www.flexistore.no\/wp-content\/uploads\/2022\/03\/Minilager-Fredrikstad.jpeg","large-width":612,"large-height":408,"1536x1536":"https:\/\/www.flexistore.no\/wp-content\/uploads\/2022\/03\/Minilager-Fredrikstad.jpeg","1536x1536-width":612,"1536x1536-height":408,"2048x2048":"https:\/\/www.flexistore.no\/wp-content\/uploads\/2022\/03\/Minilager-Fredrikstad.jpeg","2048x2048-width":612,"2048x2048-height":408,"trp-custom-language-flag":"https:\/\/www.flexistore.no\/wp-content\/uploads\/2022\/03\/Minilager-Fredrikstad.jpeg","trp-custom-language-flag-width":18,"trp-custom-language-flag-height":12}},"faq_overskrift_1-by-undersider":"Hva er et minilager?","faq_overskrift_2-by-undersider":"Hva kan jeg lagre i et minilager?","faq_overskrift_3-by-undersider":"Hvordan bestiller jeg mitt minilager?","faq_beskrivelse_1-by-undersider":"Et minilager er en innend\u00f8rs, t\u00f8rr og trygg lagerbod du kan leie som privatperson eller bedrift. Minilager kommer i forskjellige st\u00f8rrelser og priser, og kan dekke ethvert form\u00e5l. Enten du trenger langvarig lagring for \u00e5 skape mer plass hjemme eller kortvarig lagring for flytting, s\u00e5 er minilager l\u00f8sningen for deg.","faq_beskrivelse_2-by-undersider":"Du kan lagre nesten hva som helst i et minilager, s\u00e5 lenge det f\u00e5r plass! I v\u00e5rt innend\u00f8rs og t\u00f8rre minilager i Fredrikstad kan du lagre alt utenom alle former for mat eller illeluktende varer, samt brannfarlig materiale, v\u00e6sker eller gasser, eksplosiver, eller annet som kan volde skade eller medf\u00f8re fare. Du kan heller ikke lagre gjenstander som det er straffbart \u00e5 v\u00e6re i besittelse av.","faq_beskrivelse_3-by-undersider":"Det er veldig enkelt \u00e5 bestille ditt minilager rett p\u00e5 nett. Du kan bes\u00f8ke v\u00e5r Webapp, velge din st\u00f8rrelse, velge din minilager-avdeling og betale. Du har n\u00e5 umiddelbar tilgang til ditt minilager med digitale n\u00f8kler i Flexistore-appen som du laster ned fra App Store eller Google Play. Du kan ogs\u00e5 forh\u00e5ndsbestille ditt minilager her.","avdelingsoversikt-by-undersider":"[elementor-template id=\"3523\"]","kortkode_bykart-by-undersider":"[wpgmza id=\"5\"]","oembed_schema_markup":"","facility_id":"0"},"_links":{"self":[{"href":"https:\/\/www.flexistore.no\/en\/wp-json\/wp\/v2\/pages\/373","targetHints":{"allow":["GET"]}}],"collection":[{"href":"https:\/\/www.flexistore.no\/en\/wp-json\/wp\/v2\/pages"}],"about":[{"href":"https:\/\/www.flexistore.no\/en\/wp-json\/wp\/v2\/types\/page"}],"author":[{"embeddable":true,"href":"https:\/\/www.flexistore.no\/en\/wp-json\/wp\/v2\/users\/8"}],"replies":[{"embeddable":true,"href":"https:\/\/www.flexistore.no\/en\/wp-json\/wp\/v2\/comments?post=373"}],"version-history":[{"count":6,"href":"https:\/\/www.flexistore.no\/en\/wp-json\/wp\/v2\/pages\/373\/revisions"}],"predecessor-version":[{"id":6285,"href":"https:\/\/www.flexistore.no\/en\/wp-json\/wp\/v2\/pages\/373\/revisions\/6285"}],"up":[{"embeddable":true,"href":"https:\/\/www.flexistore.no\/en\/wp-json\/wp\/v2\/pages\/99"}],"wp:attachment":[{"href":"https:\/\/www.flexistore.no\/en\/wp-json\/wp\/v2\/media?parent=373"}],"curies":[{"name":"wp","href":"https:\/\/api.w.org\/{rel}","templated":true}]}}