{"id":3707,"date":"2022-08-31T17:15:34","date_gmt":"2022-08-31T16:15:34","guid":{"rendered":"https:\/\/www.flexistore.no\/?page_id=3707"},"modified":"2024-04-25T08:15:46","modified_gmt":"2024-04-25T07:15:46","slug":"radhusveien","status":"publish","type":"page","link":"https:\/\/www.flexistore.no\/en\/minilager\/bjorkelangen\/radhusveien\/","title":{"rendered":"R\u00e5dhusveien"},"content":{"rendered":"","protected":false},"excerpt":{"rendered":"","protected":false},"author":1,"featured_media":0,"parent":2082,"menu_order":0,"comment_status":"closed","ping_status":"closed","template":"","meta":{"_acf_changed":false,"footnotes":""},"class_list":["post-3707","page","type-page","status-publish","hentry"],"acf":{"herobilde-avdeling-undersider":{"ID":3713,"id":3713,"title":"Minilager bj\u00f8rkelangen r\u00e5dhusveien","filename":"Minilager-bjorkelangen-radhusveien.jpg","filesize":215615,"url":"https:\/\/www.flexistore.no\/wp-content\/uploads\/2022\/08\/Minilager-bjorkelangen-radhusveien.jpg","link":"https:\/\/www.flexistore.no\/en\/minilager\/bjorkelangen\/radhusveien\/attachment\/minilager-bjorkelangen-radhusveien\/","alt":"","author":"1","description":"","caption":"","name":"minilager-bjorkelangen-radhusveien","status":"inherit","uploaded_to":3707,"date":"2022-08-31 16:22:10","modified":"2022-08-31 16:22:10","menu_order":0,"mime_type":"image\/jpeg","type":"image","subtype":"jpeg","icon":"https:\/\/www.flexistore.no\/wp-includes\/images\/media\/default.png","width":2560,"height":1707,"sizes":{"thumbnail":"https:\/\/www.flexistore.no\/wp-content\/uploads\/2022\/08\/Minilager-bjorkelangen-radhusveien-150x150.jpg","thumbnail-width":150,"thumbnail-height":150,"medium":"https:\/\/www.flexistore.no\/wp-content\/uploads\/2022\/08\/Minilager-bjorkelangen-radhusveien-300x200.jpg","medium-width":300,"medium-height":200,"medium_large":"https:\/\/www.flexistore.no\/wp-content\/uploads\/2022\/08\/Minilager-bjorkelangen-radhusveien-768x512.jpg","medium_large-width":768,"medium_large-height":512,"large":"https:\/\/www.flexistore.no\/wp-content\/uploads\/2022\/08\/Minilager-bjorkelangen-radhusveien-1024x683.jpg","large-width":800,"large-height":534,"1536x1536":"https:\/\/www.flexistore.no\/wp-content\/uploads\/2022\/08\/Minilager-bjorkelangen-radhusveien-1536x1024.jpg","1536x1536-width":1536,"1536x1536-height":1024,"2048x2048":"https:\/\/www.flexistore.no\/wp-content\/uploads\/2022\/08\/Minilager-bjorkelangen-radhusveien-2048x1366.jpg","2048x2048-width":2048,"2048x2048-height":1366,"trp-custom-language-flag":"https:\/\/www.flexistore.no\/wp-content\/uploads\/2022\/08\/Minilager-bjorkelangen-radhusveien-18x12.jpg","trp-custom-language-flag-width":18,"trp-custom-language-flag-height":12}},"adresse-avdeling-undersider":"R\u00e5dhusveien 9, 1940 Bj\u00f8rkelangen","google_my_business_tittel-avdeling-undersider":"R\u00e5dhusveien","ikonliste_1-avdeling-undersider":"D\u00f8gn\u00e5pent og selvbetjent","ikonliste_2-avdeling-undersider":"Innend\u00f8rs og temperert","ikonliste_3-avdeling-undersider":"Lett tilgjengelig","ikonliste_4-avdeling-undersider":"Gratis kundeparkering","ikonliste_5-avdeling-undersider":"N\u00e6rme kollektivt","tekst_ikke_apnet_enda-avdeling-undersider":"Lageret er ikke helt klart enda - estimert \u00e5pning november 2022","latitude-avdeling-undersider":"59.88319552918669","longitude-avdeling-undersider":"11.567712482209226","lokasjonsbilder_karusell-avdeling-undersider":[{"id":4899,"title":"Bjorkelangen27","caption":"","full_image_url":"https:\/\/www.flexistore.no\/wp-content\/uploads\/2023\/05\/Bjorkelangen27-scaled.jpg","thumbnail_image_url":"https:\/\/www.flexistore.no\/wp-content\/uploads\/2023\/05\/Bjorkelangen27-150x150.jpg","large_srcset":"https:\/\/www.flexistore.no\/wp-content\/uploads\/2023\/05\/Bjorkelangen27-1024x684.jpg 1024w, https:\/\/www.flexistore.no\/wp-content\/uploads\/2023\/05\/Bjorkelangen27-300x200.jpg 300w, https:\/\/www.flexistore.no\/wp-content\/uploads\/2023\/05\/Bjorkelangen27-768x513.jpg 768w, https:\/\/www.flexistore.no\/wp-content\/uploads\/2023\/05\/Bjorkelangen27-1536x1025.jpg 1536w, https:\/\/www.flexistore.no\/wp-content\/uploads\/2023\/05\/Bjorkelangen27-2048x1367.jpg 2048w, https:\/\/www.flexistore.no\/wp-content\/uploads\/2023\/05\/Bjorkelangen27-18x12.jpg 18w","medium_srcset":"https:\/\/www.flexistore.no\/wp-content\/uploads\/2023\/05\/Bjorkelangen27-300x200.jpg 300w, https:\/\/www.flexistore.no\/wp-content\/uploads\/2023\/05\/Bjorkelangen27-1024x684.jpg 1024w, https:\/\/www.flexistore.no\/wp-content\/uploads\/2023\/05\/Bjorkelangen27-768x513.jpg 768w, https:\/\/www.flexistore.no\/wp-content\/uploads\/2023\/05\/Bjorkelangen27-1536x1025.jpg 1536w, https:\/\/www.flexistore.no\/wp-content\/uploads\/2023\/05\/Bjorkelangen27-2048x1367.jpg 2048w, https:\/\/www.flexistore.no\/wp-content\/uploads\/2023\/05\/Bjorkelangen27-18x12.jpg 18w","media_details":{"width":2560,"height":1709,"sizes":{"medium":{"file":"Bjorkelangen27-300x200.jpg","width":300,"height":200,"mime-type":"image\/jpeg","filesize":48459,"source_url":"https:\/\/www.flexistore.no\/wp-content\/uploads\/2023\/05\/Bjorkelangen27-300x200.jpg"},"large":{"file":"Bjorkelangen27-1024x684.jpg","width":1024,"height":684,"mime-type":"image\/jpeg","filesize":117529,"source_url":"https:\/\/www.flexistore.no\/wp-content\/uploads\/2023\/05\/Bjorkelangen27-1024x684.jpg"},"thumbnail":{"file":"Bjorkelangen27-150x150.jpg","width":150,"height":150,"mime-type":"image\/jpeg","filesize":42883,"source_url":"https:\/\/www.flexistore.no\/wp-content\/uploads\/2023\/05\/Bjorkelangen27-150x150.jpg"},"medium_large":{"file":"Bjorkelangen27-768x513.jpg","width":768,"height":513,"mime-type":"image\/jpeg","filesize":87833,"source_url":"https:\/\/www.flexistore.no\/wp-content\/uploads\/2023\/05\/Bjorkelangen27-768x513.jpg"},"1536x1536":{"file":"Bjorkelangen27-1536x1025.jpg","width":1536,"height":1025,"mime-type":"image\/jpeg","filesize":192947,"source_url":"https:\/\/www.flexistore.no\/wp-content\/uploads\/2023\/05\/Bjorkelangen27-1536x1025.jpg"},"2048x2048":{"file":"Bjorkelangen27-2048x1367.jpg","width":2048,"height":1367,"mime-type":"image\/jpeg","filesize":288855,"source_url":"https:\/\/www.flexistore.no\/wp-content\/uploads\/2023\/05\/Bjorkelangen27-2048x1367.jpg"},"trp-custom-language-flag":{"file":"Bjorkelangen27-18x12.jpg","width":18,"height":12,"mime-type":"image\/jpeg","filesize":38229,"source_url":"https:\/\/www.flexistore.no\/wp-content\/uploads\/2023\/05\/Bjorkelangen27-18x12.jpg"}}},"alt_text":"","url":"","target":""},{"id":4898,"title":"Bjorkelangen25","caption":"","full_image_url":"https:\/\/www.flexistore.no\/wp-content\/uploads\/2023\/05\/Bjorkelangen25-scaled.jpg","thumbnail_image_url":"https:\/\/www.flexistore.no\/wp-content\/uploads\/2023\/05\/Bjorkelangen25-150x150.jpg","large_srcset":"https:\/\/www.flexistore.no\/wp-content\/uploads\/2023\/05\/Bjorkelangen25-1024x684.jpg 1024w, https:\/\/www.flexistore.no\/wp-content\/uploads\/2023\/05\/Bjorkelangen25-300x200.jpg 300w, https:\/\/www.flexistore.no\/wp-content\/uploads\/2023\/05\/Bjorkelangen25-768x513.jpg 768w, https:\/\/www.flexistore.no\/wp-content\/uploads\/2023\/05\/Bjorkelangen25-1536x1025.jpg 1536w, https:\/\/www.flexistore.no\/wp-content\/uploads\/2023\/05\/Bjorkelangen25-2048x1367.jpg 2048w, https:\/\/www.flexistore.no\/wp-content\/uploads\/2023\/05\/Bjorkelangen25-18x12.jpg 18w","medium_srcset":"https:\/\/www.flexistore.no\/wp-content\/uploads\/2023\/05\/Bjorkelangen25-300x200.jpg 300w, https:\/\/www.flexistore.no\/wp-content\/uploads\/2023\/05\/Bjorkelangen25-1024x684.jpg 1024w, https:\/\/www.flexistore.no\/wp-content\/uploads\/2023\/05\/Bjorkelangen25-768x513.jpg 768w, https:\/\/www.flexistore.no\/wp-content\/uploads\/2023\/05\/Bjorkelangen25-1536x1025.jpg 1536w, https:\/\/www.flexistore.no\/wp-content\/uploads\/2023\/05\/Bjorkelangen25-2048x1367.jpg 2048w, https:\/\/www.flexistore.no\/wp-content\/uploads\/2023\/05\/Bjorkelangen25-18x12.jpg 18w","media_details":{"width":2560,"height":1709,"sizes":{"medium":{"file":"Bjorkelangen25-300x200.jpg","width":300,"height":200,"mime-type":"image\/jpeg","filesize":20444,"source_url":"https:\/\/www.flexistore.no\/wp-content\/uploads\/2023\/05\/Bjorkelangen25-300x200.jpg"},"large":{"file":"Bjorkelangen25-1024x684.jpg","width":1024,"height":684,"mime-type":"image\/jpeg","filesize":84301,"source_url":"https:\/\/www.flexistore.no\/wp-content\/uploads\/2023\/05\/Bjorkelangen25-1024x684.jpg"},"thumbnail":{"file":"Bjorkelangen25-150x150.jpg","width":150,"height":150,"mime-type":"image\/jpeg","filesize":15702,"source_url":"https:\/\/www.flexistore.no\/wp-content\/uploads\/2023\/05\/Bjorkelangen25-150x150.jpg"},"medium_large":{"file":"Bjorkelangen25-768x513.jpg","width":768,"height":513,"mime-type":"image\/jpeg","filesize":56377,"source_url":"https:\/\/www.flexistore.no\/wp-content\/uploads\/2023\/05\/Bjorkelangen25-768x513.jpg"},"1536x1536":{"file":"Bjorkelangen25-1536x1025.jpg","width":1536,"height":1025,"mime-type":"image\/jpeg","filesize":154908,"source_url":"https:\/\/www.flexistore.no\/wp-content\/uploads\/2023\/05\/Bjorkelangen25-1536x1025.jpg"},"2048x2048":{"file":"Bjorkelangen25-2048x1367.jpg","width":2048,"height":1367,"mime-type":"image\/jpeg","filesize":244287,"source_url":"https:\/\/www.flexistore.no\/wp-content\/uploads\/2023\/05\/Bjorkelangen25-2048x1367.jpg"},"trp-custom-language-flag":{"file":"Bjorkelangen25-18x12.jpg","width":18,"height":12,"mime-type":"image\/jpeg","filesize":11314,"source_url":"https:\/\/www.flexistore.no\/wp-content\/uploads\/2023\/05\/Bjorkelangen25-18x12.jpg"}}},"alt_text":"","url":"","target":""},{"id":4900,"title":"Bjorkelangen23","caption":"","full_image_url":"https:\/\/www.flexistore.no\/wp-content\/uploads\/2023\/05\/Bjorkelangen23-scaled.jpg","thumbnail_image_url":"https:\/\/www.flexistore.no\/wp-content\/uploads\/2023\/05\/Bjorkelangen23-150x150.jpg","large_srcset":"https:\/\/www.flexistore.no\/wp-content\/uploads\/2023\/05\/Bjorkelangen23-1024x684.jpg 1024w, https:\/\/www.flexistore.no\/wp-content\/uploads\/2023\/05\/Bjorkelangen23-300x200.jpg 300w, https:\/\/www.flexistore.no\/wp-content\/uploads\/2023\/05\/Bjorkelangen23-768x513.jpg 768w, https:\/\/www.flexistore.no\/wp-content\/uploads\/2023\/05\/Bjorkelangen23-1536x1025.jpg 1536w, https:\/\/www.flexistore.no\/wp-content\/uploads\/2023\/05\/Bjorkelangen23-2048x1367.jpg 2048w, https:\/\/www.flexistore.no\/wp-content\/uploads\/2023\/05\/Bjorkelangen23-18x12.jpg 18w","medium_srcset":"https:\/\/www.flexistore.no\/wp-content\/uploads\/2023\/05\/Bjorkelangen23-300x200.jpg 300w, https:\/\/www.flexistore.no\/wp-content\/uploads\/2023\/05\/Bjorkelangen23-1024x684.jpg 1024w, https:\/\/www.flexistore.no\/wp-content\/uploads\/2023\/05\/Bjorkelangen23-768x513.jpg 768w, https:\/\/www.flexistore.no\/wp-content\/uploads\/2023\/05\/Bjorkelangen23-1536x1025.jpg 1536w, https:\/\/www.flexistore.no\/wp-content\/uploads\/2023\/05\/Bjorkelangen23-2048x1367.jpg 2048w, https:\/\/www.flexistore.no\/wp-content\/uploads\/2023\/05\/Bjorkelangen23-18x12.jpg 18w","media_details":{"width":2560,"height":1709,"sizes":{"medium":{"file":"Bjorkelangen23-300x200.jpg","width":300,"height":200,"mime-type":"image\/jpeg","filesize":78087,"source_url":"https:\/\/www.flexistore.no\/wp-content\/uploads\/2023\/05\/Bjorkelangen23-300x200.jpg"},"large":{"file":"Bjorkelangen23-1024x684.jpg","width":1024,"height":684,"mime-type":"image\/jpeg","filesize":137752,"source_url":"https:\/\/www.flexistore.no\/wp-content\/uploads\/2023\/05\/Bjorkelangen23-1024x684.jpg"},"thumbnail":{"file":"Bjorkelangen23-150x150.jpg","width":150,"height":150,"mime-type":"image\/jpeg","filesize":72684,"source_url":"https:\/\/www.flexistore.no\/wp-content\/uploads\/2023\/05\/Bjorkelangen23-150x150.jpg"},"medium_large":{"file":"Bjorkelangen23-768x513.jpg","width":768,"height":513,"mime-type":"image\/jpeg","filesize":111791,"source_url":"https:\/\/www.flexistore.no\/wp-content\/uploads\/2023\/05\/Bjorkelangen23-768x513.jpg"},"1536x1536":{"file":"Bjorkelangen23-1536x1025.jpg","width":1536,"height":1025,"mime-type":"image\/jpeg","filesize":203850,"source_url":"https:\/\/www.flexistore.no\/wp-content\/uploads\/2023\/05\/Bjorkelangen23-1536x1025.jpg"},"2048x2048":{"file":"Bjorkelangen23-2048x1367.jpg","width":2048,"height":1367,"mime-type":"image\/jpeg","filesize":284571,"source_url":"https:\/\/www.flexistore.no\/wp-content\/uploads\/2023\/05\/Bjorkelangen23-2048x1367.jpg"},"trp-custom-language-flag":{"file":"Bjorkelangen23-18x12.jpg","width":18,"height":12,"mime-type":"image\/jpeg","filesize":68797,"source_url":"https:\/\/www.flexistore.no\/wp-content\/uploads\/2023\/05\/Bjorkelangen23-18x12.jpg"}}},"alt_text":"","url":"","target":""}],"photo_gallery":{"lokasjonsbilder_karusell-avdeling-undersider":[[{"id":4899,"title":"Bjorkelangen27","caption":"","full_image_url":"https:\/\/www.flexistore.no\/wp-content\/uploads\/2023\/05\/Bjorkelangen27-scaled.jpg","thumbnail_image_url":"https:\/\/www.flexistore.no\/wp-content\/uploads\/2023\/05\/Bjorkelangen27-150x150.jpg","large_srcset":"https:\/\/www.flexistore.no\/wp-content\/uploads\/2023\/05\/Bjorkelangen27-1024x684.jpg 1024w, https:\/\/www.flexistore.no\/wp-content\/uploads\/2023\/05\/Bjorkelangen27-300x200.jpg 300w, https:\/\/www.flexistore.no\/wp-content\/uploads\/2023\/05\/Bjorkelangen27-768x513.jpg 768w, https:\/\/www.flexistore.no\/wp-content\/uploads\/2023\/05\/Bjorkelangen27-1536x1025.jpg 1536w, https:\/\/www.flexistore.no\/wp-content\/uploads\/2023\/05\/Bjorkelangen27-2048x1367.jpg 2048w, https:\/\/www.flexistore.no\/wp-content\/uploads\/2023\/05\/Bjorkelangen27-18x12.jpg 18w","medium_srcset":"https:\/\/www.flexistore.no\/wp-content\/uploads\/2023\/05\/Bjorkelangen27-300x200.jpg 300w, https:\/\/www.flexistore.no\/wp-content\/uploads\/2023\/05\/Bjorkelangen27-1024x684.jpg 1024w, https:\/\/www.flexistore.no\/wp-content\/uploads\/2023\/05\/Bjorkelangen27-768x513.jpg 768w, https:\/\/www.flexistore.no\/wp-content\/uploads\/2023\/05\/Bjorkelangen27-1536x1025.jpg 1536w, https:\/\/www.flexistore.no\/wp-content\/uploads\/2023\/05\/Bjorkelangen27-2048x1367.jpg 2048w, https:\/\/www.flexistore.no\/wp-content\/uploads\/2023\/05\/Bjorkelangen27-18x12.jpg 18w","media_details":{"width":2560,"height":1709,"sizes":{"medium":{"file":"Bjorkelangen27-300x200.jpg","width":300,"height":200,"mime-type":"image\/jpeg","filesize":48459,"source_url":"https:\/\/www.flexistore.no\/wp-content\/uploads\/2023\/05\/Bjorkelangen27-300x200.jpg"},"large":{"file":"Bjorkelangen27-1024x684.jpg","width":1024,"height":684,"mime-type":"image\/jpeg","filesize":117529,"source_url":"https:\/\/www.flexistore.no\/wp-content\/uploads\/2023\/05\/Bjorkelangen27-1024x684.jpg"},"thumbnail":{"file":"Bjorkelangen27-150x150.jpg","width":150,"height":150,"mime-type":"image\/jpeg","filesize":42883,"source_url":"https:\/\/www.flexistore.no\/wp-content\/uploads\/2023\/05\/Bjorkelangen27-150x150.jpg"},"medium_large":{"file":"Bjorkelangen27-768x513.jpg","width":768,"height":513,"mime-type":"image\/jpeg","filesize":87833,"source_url":"https:\/\/www.flexistore.no\/wp-content\/uploads\/2023\/05\/Bjorkelangen27-768x513.jpg"},"1536x1536":{"file":"Bjorkelangen27-1536x1025.jpg","width":1536,"height":1025,"mime-type":"image\/jpeg","filesize":192947,"source_url":"https:\/\/www.flexistore.no\/wp-content\/uploads\/2023\/05\/Bjorkelangen27-1536x1025.jpg"},"2048x2048":{"file":"Bjorkelangen27-2048x1367.jpg","width":2048,"height":1367,"mime-type":"image\/jpeg","filesize":288855,"source_url":"https:\/\/www.flexistore.no\/wp-content\/uploads\/2023\/05\/Bjorkelangen27-2048x1367.jpg"},"trp-custom-language-flag":{"file":"Bjorkelangen27-18x12.jpg","width":18,"height":12,"mime-type":"image\/jpeg","filesize":38229,"source_url":"https:\/\/www.flexistore.no\/wp-content\/uploads\/2023\/05\/Bjorkelangen27-18x12.jpg"}}},"alt_text":"","url":"","target":""},{"id":4898,"title":"Bjorkelangen25","caption":"","full_image_url":"https:\/\/www.flexistore.no\/wp-content\/uploads\/2023\/05\/Bjorkelangen25-scaled.jpg","thumbnail_image_url":"https:\/\/www.flexistore.no\/wp-content\/uploads\/2023\/05\/Bjorkelangen25-150x150.jpg","large_srcset":"https:\/\/www.flexistore.no\/wp-content\/uploads\/2023\/05\/Bjorkelangen25-1024x684.jpg 1024w, https:\/\/www.flexistore.no\/wp-content\/uploads\/2023\/05\/Bjorkelangen25-300x200.jpg 300w, https:\/\/www.flexistore.no\/wp-content\/uploads\/2023\/05\/Bjorkelangen25-768x513.jpg 768w, https:\/\/www.flexistore.no\/wp-content\/uploads\/2023\/05\/Bjorkelangen25-1536x1025.jpg 1536w, https:\/\/www.flexistore.no\/wp-content\/uploads\/2023\/05\/Bjorkelangen25-2048x1367.jpg 2048w, https:\/\/www.flexistore.no\/wp-content\/uploads\/2023\/05\/Bjorkelangen25-18x12.jpg 18w","medium_srcset":"https:\/\/www.flexistore.no\/wp-content\/uploads\/2023\/05\/Bjorkelangen25-300x200.jpg 300w, https:\/\/www.flexistore.no\/wp-content\/uploads\/2023\/05\/Bjorkelangen25-1024x684.jpg 1024w, https:\/\/www.flexistore.no\/wp-content\/uploads\/2023\/05\/Bjorkelangen25-768x513.jpg 768w, https:\/\/www.flexistore.no\/wp-content\/uploads\/2023\/05\/Bjorkelangen25-1536x1025.jpg 1536w, https:\/\/www.flexistore.no\/wp-content\/uploads\/2023\/05\/Bjorkelangen25-2048x1367.jpg 2048w, https:\/\/www.flexistore.no\/wp-content\/uploads\/2023\/05\/Bjorkelangen25-18x12.jpg 18w","media_details":{"width":2560,"height":1709,"sizes":{"medium":{"file":"Bjorkelangen25-300x200.jpg","width":300,"height":200,"mime-type":"image\/jpeg","filesize":20444,"source_url":"https:\/\/www.flexistore.no\/wp-content\/uploads\/2023\/05\/Bjorkelangen25-300x200.jpg"},"large":{"file":"Bjorkelangen25-1024x684.jpg","width":1024,"height":684,"mime-type":"image\/jpeg","filesize":84301,"source_url":"https:\/\/www.flexistore.no\/wp-content\/uploads\/2023\/05\/Bjorkelangen25-1024x684.jpg"},"thumbnail":{"file":"Bjorkelangen25-150x150.jpg","width":150,"height":150,"mime-type":"image\/jpeg","filesize":15702,"source_url":"https:\/\/www.flexistore.no\/wp-content\/uploads\/2023\/05\/Bjorkelangen25-150x150.jpg"},"medium_large":{"file":"Bjorkelangen25-768x513.jpg","width":768,"height":513,"mime-type":"image\/jpeg","filesize":56377,"source_url":"https:\/\/www.flexistore.no\/wp-content\/uploads\/2023\/05\/Bjorkelangen25-768x513.jpg"},"1536x1536":{"file":"Bjorkelangen25-1536x1025.jpg","width":1536,"height":1025,"mime-type":"image\/jpeg","filesize":154908,"source_url":"https:\/\/www.flexistore.no\/wp-content\/uploads\/2023\/05\/Bjorkelangen25-1536x1025.jpg"},"2048x2048":{"file":"Bjorkelangen25-2048x1367.jpg","width":2048,"height":1367,"mime-type":"image\/jpeg","filesize":244287,"source_url":"https:\/\/www.flexistore.no\/wp-content\/uploads\/2023\/05\/Bjorkelangen25-2048x1367.jpg"},"trp-custom-language-flag":{"file":"Bjorkelangen25-18x12.jpg","width":18,"height":12,"mime-type":"image\/jpeg","filesize":11314,"source_url":"https:\/\/www.flexistore.no\/wp-content\/uploads\/2023\/05\/Bjorkelangen25-18x12.jpg"}}},"alt_text":"","url":"","target":""},{"id":4900,"title":"Bjorkelangen23","caption":"","full_image_url":"https:\/\/www.flexistore.no\/wp-content\/uploads\/2023\/05\/Bjorkelangen23-scaled.jpg","thumbnail_image_url":"https:\/\/www.flexistore.no\/wp-content\/uploads\/2023\/05\/Bjorkelangen23-150x150.jpg","large_srcset":"https:\/\/www.flexistore.no\/wp-content\/uploads\/2023\/05\/Bjorkelangen23-1024x684.jpg 1024w, https:\/\/www.flexistore.no\/wp-content\/uploads\/2023\/05\/Bjorkelangen23-300x200.jpg 300w, https:\/\/www.flexistore.no\/wp-content\/uploads\/2023\/05\/Bjorkelangen23-768x513.jpg 768w, https:\/\/www.flexistore.no\/wp-content\/uploads\/2023\/05\/Bjorkelangen23-1536x1025.jpg 1536w, https:\/\/www.flexistore.no\/wp-content\/uploads\/2023\/05\/Bjorkelangen23-2048x1367.jpg 2048w, https:\/\/www.flexistore.no\/wp-content\/uploads\/2023\/05\/Bjorkelangen23-18x12.jpg 18w","medium_srcset":"https:\/\/www.flexistore.no\/wp-content\/uploads\/2023\/05\/Bjorkelangen23-300x200.jpg 300w, https:\/\/www.flexistore.no\/wp-content\/uploads\/2023\/05\/Bjorkelangen23-1024x684.jpg 1024w, https:\/\/www.flexistore.no\/wp-content\/uploads\/2023\/05\/Bjorkelangen23-768x513.jpg 768w, https:\/\/www.flexistore.no\/wp-content\/uploads\/2023\/05\/Bjorkelangen23-1536x1025.jpg 1536w, https:\/\/www.flexistore.no\/wp-content\/uploads\/2023\/05\/Bjorkelangen23-2048x1367.jpg 2048w, https:\/\/www.flexistore.no\/wp-content\/uploads\/2023\/05\/Bjorkelangen23-18x12.jpg 18w","media_details":{"width":2560,"height":1709,"sizes":{"medium":{"file":"Bjorkelangen23-300x200.jpg","width":300,"height":200,"mime-type":"image\/jpeg","filesize":78087,"source_url":"https:\/\/www.flexistore.no\/wp-content\/uploads\/2023\/05\/Bjorkelangen23-300x200.jpg"},"large":{"file":"Bjorkelangen23-1024x684.jpg","width":1024,"height":684,"mime-type":"image\/jpeg","filesize":137752,"source_url":"https:\/\/www.flexistore.no\/wp-content\/uploads\/2023\/05\/Bjorkelangen23-1024x684.jpg"},"thumbnail":{"file":"Bjorkelangen23-150x150.jpg","width":150,"height":150,"mime-type":"image\/jpeg","filesize":72684,"source_url":"https:\/\/www.flexistore.no\/wp-content\/uploads\/2023\/05\/Bjorkelangen23-150x150.jpg"},"medium_large":{"file":"Bjorkelangen23-768x513.jpg","width":768,"height":513,"mime-type":"image\/jpeg","filesize":111791,"source_url":"https:\/\/www.flexistore.no\/wp-content\/uploads\/2023\/05\/Bjorkelangen23-768x513.jpg"},"1536x1536":{"file":"Bjorkelangen23-1536x1025.jpg","width":1536,"height":1025,"mime-type":"image\/jpeg","filesize":203850,"source_url":"https:\/\/www.flexistore.no\/wp-content\/uploads\/2023\/05\/Bjorkelangen23-1536x1025.jpg"},"2048x2048":{"file":"Bjorkelangen23-2048x1367.jpg","width":2048,"height":1367,"mime-type":"image\/jpeg","filesize":284571,"source_url":"https:\/\/www.flexistore.no\/wp-content\/uploads\/2023\/05\/Bjorkelangen23-2048x1367.jpg"},"trp-custom-language-flag":{"file":"Bjorkelangen23-18x12.jpg","width":18,"height":12,"mime-type":"image\/jpeg","filesize":68797,"source_url":"https:\/\/www.flexistore.no\/wp-content\/uploads\/2023\/05\/Bjorkelangen23-18x12.jpg"}}},"alt_text":"","url":"","target":""}]]}},"_links":{"self":[{"href":"https:\/\/www.flexistore.no\/en\/wp-json\/wp\/v2\/pages\/3707","targetHints":{"allow":["GET"]}}],"collection":[{"href":"https:\/\/www.flexistore.no\/en\/wp-json\/wp\/v2\/pages"}],"about":[{"href":"https:\/\/www.flexistore.no\/en\/wp-json\/wp\/v2\/types\/page"}],"author":[{"embeddable":true,"href":"https:\/\/www.flexistore.no\/en\/wp-json\/wp\/v2\/users\/1"}],"replies":[{"embeddable":true,"href":"https:\/\/www.flexistore.no\/en\/wp-json\/wp\/v2\/comments?post=3707"}],"version-history":[{"count":6,"href":"https:\/\/www.flexistore.no\/en\/wp-json\/wp\/v2\/pages\/3707\/revisions"}],"predecessor-version":[{"id":5399,"href":"https:\/\/www.flexistore.no\/en\/wp-json\/wp\/v2\/pages\/3707\/revisions\/5399"}],"up":[{"embeddable":true,"href":"https:\/\/www.flexistore.no\/en\/wp-json\/wp\/v2\/pages\/2082"}],"wp:attachment":[{"href":"https:\/\/www.flexistore.no\/en\/wp-json\/wp\/v2\/media?parent=3707"}],"curies":[{"name":"wp","href":"https:\/\/api.w.org\/{rel}","templated":true}]}}